{"id":4302,"date":"2024-12-19T12:07:44","date_gmt":"2024-12-19T10:07:44","guid":{"rendered":"https:\/\/bitessiulai.lt\/?post_type=product&#038;p=4302"},"modified":"2026-04-22T09:51:06","modified_gmt":"2026-04-22T06:51:06","slug":"40cm-shirotake-seeknit-virbalai-su-valu","status":"publish","type":"product","link":"https:\/\/bitessiulai.lt\/fi\/tuote\/40cm-shirotake-seeknit-virbalai-su-valu\/","title":{"rendered":"40 cm. Shirotake Seeknit -neulat siimalla"},"content":{"rendered":"<h6><strong>40 cm. Shirotake Seeknit -neulat siimalla<\/strong><\/h6>\n<p>Shirotake-tuotesarjan puikot on valmistettu luonnonv\u00e4risest\u00e4 ja kest\u00e4v\u00e4st\u00e4 bambusta.<\/p>\n<p><strong>Shirotake Seeknit -neulat siimalla<\/strong> kiillotettu luonnonmukaisella kasvivahalla, joka antaa niille kauniin kiillon. <strong>Seeknit<\/strong>\u00a0Vapojen koko on selv\u00e4sti n\u00e4kyviss\u00e4 ja laserkaiverrettu jokaiseen vapaan. Kaikissa Seeknit-vavoissa on eritt\u00e4in joustava siima, joka est\u00e4\u00e4 niiden kiertymisen tai sotkeutumisen.<\/p>\n<p><img fetchpriority=\"high\" decoding=\"async\" class=\"alignnone size-medium wp-image-4281\" src=\"https:\/\/bitessiulai.lt\/wp-content\/uploads\/2024\/12\/Circular-Needles_Shirotake_100cm_2021-3-9png-1-300x193.jpg\" alt=\"\" width=\"300\" height=\"193\" srcset=\"https:\/\/bitessiulai.lt\/wp-content\/uploads\/2024\/12\/Circular-Needles_Shirotake_100cm_2021-3-9png-1-300x193.jpg 300w, https:\/\/bitessiulai.lt\/wp-content\/uploads\/2024\/12\/Circular-Needles_Shirotake_100cm_2021-3-9png-1-1024x658.jpg 1024w, https:\/\/bitessiulai.lt\/wp-content\/uploads\/2024\/12\/Circular-Needles_Shirotake_100cm_2021-3-9png-1-768x493.jpg 768w, https:\/\/bitessiulai.lt\/wp-content\/uploads\/2024\/12\/Circular-Needles_Shirotake_100cm_2021-3-9png-1-18x12.jpg 18w, https:\/\/bitessiulai.lt\/wp-content\/uploads\/2024\/12\/Circular-Needles_Shirotake_100cm_2021-3-9png-1-600x385.jpg 600w, https:\/\/bitessiulai.lt\/wp-content\/uploads\/2024\/12\/Circular-Needles_Shirotake_100cm_2021-3-9png-1-150x96.jpg 150w, https:\/\/bitessiulai.lt\/wp-content\/uploads\/2024\/12\/Circular-Needles_Shirotake_100cm_2021-3-9png-1.jpg 1292w\" sizes=\"(max-width: 300px) 100vw, 300px\" \/><\/p>","protected":false},"excerpt":{"rendered":"<p>40cm. Shirotake Seeknit virbalai su valu \u201eShirotake\u201c gamini\u0173 linijos mezgimo virbalai yra pagaminti i\u0161 nat\u016bralios spalvos ir tvaraus bambuko. Shirotake Seeknit virbalai su valu nupoliruoti nat\u016braliu augaliniu va\u0161ku, kuris suteikia jiems gra\u017e\u0173 blizg\u0117jim\u0105. \u201eSeeknit\u201c\u00a0virbal\u0173 dydis ai\u0161kiai matomas ir lazeriu \u012fspaustas ant kiekvieno virbalo. Visi Seeknit virbalai turi itin lankst\u0173 val\u0105, kuris neleid\u017eia susisukti ar susipainioti.<\/p>","protected":false},"featured_media":4280,"comment_status":"open","ping_status":"closed","template":"","meta":[],"product_brand":[],"product_cat":[180,2439,183],"product_tag":[],"giftcard-category":[],"class_list":{"0":"post-4302","1":"product","2":"type-product","3":"status-publish","4":"has-post-thumbnail","6":"product_cat-mezgimo-priemones","7":"product_cat-seeknit-mezgimo-priemoniu-gamintojai","8":"product_cat-virbalai-su-valu","10":"first","11":"instock","12":"taxable","13":"shipping-taxable","14":"purchasable","15":"product-type-variable"},"_links":{"self":[{"href":"https:\/\/bitessiulai.lt\/fi\/wp-json\/wp\/v2\/product\/4302","targetHints":{"allow":["GET"]}}],"collection":[{"href":"https:\/\/bitessiulai.lt\/fi\/wp-json\/wp\/v2\/product"}],"about":[{"href":"https:\/\/bitessiulai.lt\/fi\/wp-json\/wp\/v2\/types\/product"}],"replies":[{"embeddable":true,"href":"https:\/\/bitessiulai.lt\/fi\/wp-json\/wp\/v2\/comments?post=4302"}],"version-history":[{"count":1,"href":"https:\/\/bitessiulai.lt\/fi\/wp-json\/wp\/v2\/product\/4302\/revisions"}],"predecessor-version":[{"id":21401,"href":"https:\/\/bitessiulai.lt\/fi\/wp-json\/wp\/v2\/product\/4302\/revisions\/21401"}],"wp:featuredmedia":[{"embeddable":true,"href":"https:\/\/bitessiulai.lt\/fi\/wp-json\/wp\/v2\/media\/4280"}],"wp:attachment":[{"href":"https:\/\/bitessiulai.lt\/fi\/wp-json\/wp\/v2\/media?parent=4302"}],"wp:term":[{"taxonomy":"product_brand","embeddable":true,"href":"https:\/\/bitessiulai.lt\/fi\/wp-json\/wp\/v2\/product_brand?post=4302"},{"taxonomy":"product_cat","embeddable":true,"href":"https:\/\/bitessiulai.lt\/fi\/wp-json\/wp\/v2\/product_cat?post=4302"},{"taxonomy":"product_tag","embeddable":true,"href":"https:\/\/bitessiulai.lt\/fi\/wp-json\/wp\/v2\/product_tag?post=4302"},{"taxonomy":"giftcard-category","embeddable":true,"href":"https:\/\/bitessiulai.lt\/fi\/wp-json\/wp\/v2\/giftcard-category?post=4302"}],"curies":[{"name":"wp","href":"https:\/\/api.w.org\/{rel}","templated":true}]}}