{"id":4094,"date":"2024-12-18T18:35:38","date_gmt":"2024-12-18T16:35:38","guid":{"rendered":"https:\/\/bitessiulai.lt\/?post_type=product&#038;p=4094"},"modified":"2026-05-08T22:35:32","modified_gmt":"2026-05-08T19:35:32","slug":"yarnart-bellissimo","status":"publish","type":"product","link":"https:\/\/bitessiulai.lt\/fi\/tuote\/yarnart-bellissimo\/","title":{"rendered":"YarnArt Bellissimo"},"content":{"rendered":"<p><strong>YarnArt Bellissimo<\/strong> \u2013 lempe\u00e4 ja pehme\u00e4, ihanan v\u00e4rik\u00e4s lanka.<\/p>\n<p>T\u00e4m\u00e4 lanka lis\u00e4\u00e4 ylellisyytt\u00e4 ja eleganssia projekteihisi. Lanka sis\u00e4lt\u00e4\u00e4 13% mohairia, 67% akryyli\u00e4, 4% polyamidia ja 16% polyesteri\u00e4. T\u00e4ydellinen yhdistelm\u00e4, joka takaa erinomaisen laadun ja ainutlaatuisen tuntuman.<\/p>\n<p><img fetchpriority=\"high\" decoding=\"async\" class=\"alignnone size-medium wp-image-4059\" src=\"https:\/\/bitessiulai.lt\/wp-content\/uploads\/2024\/12\/BELLISSIMO_01-300x300.jpg\" alt=\"\" width=\"300\" height=\"300\" srcset=\"https:\/\/bitessiulai.lt\/wp-content\/uploads\/2024\/12\/BELLISSIMO_01-300x300.jpg 300w, https:\/\/bitessiulai.lt\/wp-content\/uploads\/2024\/12\/BELLISSIMO_01-150x150.jpg 150w, https:\/\/bitessiulai.lt\/wp-content\/uploads\/2024\/12\/BELLISSIMO_01-768x768.jpg 768w, https:\/\/bitessiulai.lt\/wp-content\/uploads\/2024\/12\/BELLISSIMO_01-12x12.jpg 12w, https:\/\/bitessiulai.lt\/wp-content\/uploads\/2024\/12\/BELLISSIMO_01-600x600.jpg 600w, https:\/\/bitessiulai.lt\/wp-content\/uploads\/2024\/12\/BELLISSIMO_01-96x96.jpg 96w, https:\/\/bitessiulai.lt\/wp-content\/uploads\/2024\/12\/BELLISSIMO_01.jpg 1000w\" sizes=\"(max-width: 300px) 100vw, 300px\" \/> <img decoding=\"async\" class=\"alignnone size-medium wp-image-4060\" src=\"https:\/\/bitessiulai.lt\/wp-content\/uploads\/2024\/12\/BELLISSIMO_02-300x300.jpg\" alt=\"\" width=\"300\" height=\"300\" srcset=\"https:\/\/bitessiulai.lt\/wp-content\/uploads\/2024\/12\/BELLISSIMO_02-300x300.jpg 300w, https:\/\/bitessiulai.lt\/wp-content\/uploads\/2024\/12\/BELLISSIMO_02-150x150.jpg 150w, https:\/\/bitessiulai.lt\/wp-content\/uploads\/2024\/12\/BELLISSIMO_02-768x768.jpg 768w, https:\/\/bitessiulai.lt\/wp-content\/uploads\/2024\/12\/BELLISSIMO_02-12x12.jpg 12w, https:\/\/bitessiulai.lt\/wp-content\/uploads\/2024\/12\/BELLISSIMO_02-600x600.jpg 600w, https:\/\/bitessiulai.lt\/wp-content\/uploads\/2024\/12\/BELLISSIMO_02-96x96.jpg 96w, https:\/\/bitessiulai.lt\/wp-content\/uploads\/2024\/12\/BELLISSIMO_02.jpg 1000w\" sizes=\"(max-width: 300px) 100vw, 300px\" \/> <img decoding=\"async\" class=\"alignnone size-medium wp-image-4061\" src=\"https:\/\/bitessiulai.lt\/wp-content\/uploads\/2024\/12\/Bellissimo_20232104-300x300.jpg\" alt=\"\" width=\"300\" height=\"300\" srcset=\"https:\/\/bitessiulai.lt\/wp-content\/uploads\/2024\/12\/Bellissimo_20232104-300x300.jpg 300w, https:\/\/bitessiulai.lt\/wp-content\/uploads\/2024\/12\/Bellissimo_20232104-1024x1024.jpg 1024w, https:\/\/bitessiulai.lt\/wp-content\/uploads\/2024\/12\/Bellissimo_20232104-150x150.jpg 150w, https:\/\/bitessiulai.lt\/wp-content\/uploads\/2024\/12\/Bellissimo_20232104-768x768.jpg 768w, https:\/\/bitessiulai.lt\/wp-content\/uploads\/2024\/12\/Bellissimo_20232104-1536x1536.jpg 1536w, https:\/\/bitessiulai.lt\/wp-content\/uploads\/2024\/12\/Bellissimo_20232104-12x12.jpg 12w, https:\/\/bitessiulai.lt\/wp-content\/uploads\/2024\/12\/Bellissimo_20232104-600x600.jpg 600w, https:\/\/bitessiulai.lt\/wp-content\/uploads\/2024\/12\/Bellissimo_20232104-96x96.jpg 96w, https:\/\/bitessiulai.lt\/wp-content\/uploads\/2024\/12\/Bellissimo_20232104.jpg 2000w\" sizes=\"(max-width: 300px) 100vw, 300px\" \/> <img loading=\"lazy\" decoding=\"async\" class=\"alignnone size-medium wp-image-4062\" src=\"https:\/\/bitessiulai.lt\/wp-content\/uploads\/2024\/12\/Bellissimo_20232265-300x300.jpg\" alt=\"\" width=\"300\" height=\"300\" srcset=\"https:\/\/bitessiulai.lt\/wp-content\/uploads\/2024\/12\/Bellissimo_20232265-300x300.jpg 300w, https:\/\/bitessiulai.lt\/wp-content\/uploads\/2024\/12\/Bellissimo_20232265-1024x1024.jpg 1024w, https:\/\/bitessiulai.lt\/wp-content\/uploads\/2024\/12\/Bellissimo_20232265-150x150.jpg 150w, https:\/\/bitessiulai.lt\/wp-content\/uploads\/2024\/12\/Bellissimo_20232265-768x768.jpg 768w, https:\/\/bitessiulai.lt\/wp-content\/uploads\/2024\/12\/Bellissimo_20232265-1536x1536.jpg 1536w, https:\/\/bitessiulai.lt\/wp-content\/uploads\/2024\/12\/Bellissimo_20232265-12x12.jpg 12w, https:\/\/bitessiulai.lt\/wp-content\/uploads\/2024\/12\/Bellissimo_20232265-600x600.jpg 600w, https:\/\/bitessiulai.lt\/wp-content\/uploads\/2024\/12\/Bellissimo_20232265-96x96.jpg 96w, https:\/\/bitessiulai.lt\/wp-content\/uploads\/2024\/12\/Bellissimo_20232265.jpg 2000w\" sizes=\"(max-width: 300px) 100vw, 300px\" \/> <img loading=\"lazy\" decoding=\"async\" class=\"alignnone size-medium wp-image-4063\" src=\"https:\/\/bitessiulai.lt\/wp-content\/uploads\/2024\/12\/Bellissimo_20232288-300x300.jpg\" alt=\"\" width=\"300\" height=\"300\" srcset=\"https:\/\/bitessiulai.lt\/wp-content\/uploads\/2024\/12\/Bellissimo_20232288-300x300.jpg 300w, https:\/\/bitessiulai.lt\/wp-content\/uploads\/2024\/12\/Bellissimo_20232288-1024x1024.jpg 1024w, https:\/\/bitessiulai.lt\/wp-content\/uploads\/2024\/12\/Bellissimo_20232288-150x150.jpg 150w, https:\/\/bitessiulai.lt\/wp-content\/uploads\/2024\/12\/Bellissimo_20232288-768x768.jpg 768w, https:\/\/bitessiulai.lt\/wp-content\/uploads\/2024\/12\/Bellissimo_20232288-1536x1536.jpg 1536w, https:\/\/bitessiulai.lt\/wp-content\/uploads\/2024\/12\/Bellissimo_20232288-12x12.jpg 12w, https:\/\/bitessiulai.lt\/wp-content\/uploads\/2024\/12\/Bellissimo_20232288-600x600.jpg 600w, https:\/\/bitessiulai.lt\/wp-content\/uploads\/2024\/12\/Bellissimo_20232288-96x96.jpg 96w, https:\/\/bitessiulai.lt\/wp-content\/uploads\/2024\/12\/Bellissimo_20232288.jpg 2000w\" sizes=\"(max-width: 300px) 100vw, 300px\" \/> <img loading=\"lazy\" decoding=\"async\" class=\"alignnone size-medium wp-image-4064\" src=\"https:\/\/bitessiulai.lt\/wp-content\/uploads\/2024\/12\/Bellissimo_Yarnart_241559-300x300.jpg\" alt=\"\" width=\"300\" height=\"300\" srcset=\"https:\/\/bitessiulai.lt\/wp-content\/uploads\/2024\/12\/Bellissimo_Yarnart_241559-300x300.jpg 300w, https:\/\/bitessiulai.lt\/wp-content\/uploads\/2024\/12\/Bellissimo_Yarnart_241559-1024x1024.jpg 1024w, https:\/\/bitessiulai.lt\/wp-content\/uploads\/2024\/12\/Bellissimo_Yarnart_241559-150x150.jpg 150w, https:\/\/bitessiulai.lt\/wp-content\/uploads\/2024\/12\/Bellissimo_Yarnart_241559-768x768.jpg 768w, https:\/\/bitessiulai.lt\/wp-content\/uploads\/2024\/12\/Bellissimo_Yarnart_241559-1536x1536.jpg 1536w, https:\/\/bitessiulai.lt\/wp-content\/uploads\/2024\/12\/Bellissimo_Yarnart_241559-12x12.jpg 12w, https:\/\/bitessiulai.lt\/wp-content\/uploads\/2024\/12\/Bellissimo_Yarnart_241559-600x600.jpg 600w, https:\/\/bitessiulai.lt\/wp-content\/uploads\/2024\/12\/Bellissimo_Yarnart_241559-96x96.jpg 96w, https:\/\/bitessiulai.lt\/wp-content\/uploads\/2024\/12\/Bellissimo_Yarnart_241559.jpg 2000w\" sizes=\"(max-width: 300px) 100vw, 300px\" \/> <img loading=\"lazy\" decoding=\"async\" class=\"alignnone size-medium wp-image-4065\" src=\"https:\/\/bitessiulai.lt\/wp-content\/uploads\/2024\/12\/Bellissimo_Yarnart_241583-300x300.jpg\" alt=\"\" width=\"300\" height=\"300\" srcset=\"https:\/\/bitessiulai.lt\/wp-content\/uploads\/2024\/12\/Bellissimo_Yarnart_241583-300x300.jpg 300w, https:\/\/bitessiulai.lt\/wp-content\/uploads\/2024\/12\/Bellissimo_Yarnart_241583-1024x1024.jpg 1024w, https:\/\/bitessiulai.lt\/wp-content\/uploads\/2024\/12\/Bellissimo_Yarnart_241583-150x150.jpg 150w, https:\/\/bitessiulai.lt\/wp-content\/uploads\/2024\/12\/Bellissimo_Yarnart_241583-768x768.jpg 768w, https:\/\/bitessiulai.lt\/wp-content\/uploads\/2024\/12\/Bellissimo_Yarnart_241583-1536x1536.jpg 1536w, https:\/\/bitessiulai.lt\/wp-content\/uploads\/2024\/12\/Bellissimo_Yarnart_241583-12x12.jpg 12w, https:\/\/bitessiulai.lt\/wp-content\/uploads\/2024\/12\/Bellissimo_Yarnart_241583-600x600.jpg 600w, https:\/\/bitessiulai.lt\/wp-content\/uploads\/2024\/12\/Bellissimo_Yarnart_241583-96x96.jpg 96w, https:\/\/bitessiulai.lt\/wp-content\/uploads\/2024\/12\/Bellissimo_Yarnart_241583.jpg 2000w\" sizes=\"(max-width: 300px) 100vw, 300px\" \/> <img loading=\"lazy\" decoding=\"async\" class=\"alignnone size-medium wp-image-4066\" src=\"https:\/\/bitessiulai.lt\/wp-content\/uploads\/2024\/12\/Bellissimo_Yarnart_241678-300x300.jpg\" alt=\"\" width=\"300\" height=\"300\" srcset=\"https:\/\/bitessiulai.lt\/wp-content\/uploads\/2024\/12\/Bellissimo_Yarnart_241678-300x300.jpg 300w, https:\/\/bitessiulai.lt\/wp-content\/uploads\/2024\/12\/Bellissimo_Yarnart_241678-1024x1024.jpg 1024w, https:\/\/bitessiulai.lt\/wp-content\/uploads\/2024\/12\/Bellissimo_Yarnart_241678-150x150.jpg 150w, https:\/\/bitessiulai.lt\/wp-content\/uploads\/2024\/12\/Bellissimo_Yarnart_241678-768x768.jpg 768w, https:\/\/bitessiulai.lt\/wp-content\/uploads\/2024\/12\/Bellissimo_Yarnart_241678-1536x1536.jpg 1536w, https:\/\/bitessiulai.lt\/wp-content\/uploads\/2024\/12\/Bellissimo_Yarnart_241678-12x12.jpg 12w, https:\/\/bitessiulai.lt\/wp-content\/uploads\/2024\/12\/Bellissimo_Yarnart_241678-600x600.jpg 600w, https:\/\/bitessiulai.lt\/wp-content\/uploads\/2024\/12\/Bellissimo_Yarnart_241678-96x96.jpg 96w, https:\/\/bitessiulai.lt\/wp-content\/uploads\/2024\/12\/Bellissimo_Yarnart_241678.jpg 2000w\" sizes=\"(max-width: 300px) 100vw, 300px\" \/> <img loading=\"lazy\" decoding=\"async\" class=\"alignnone size-medium wp-image-4067\" src=\"https:\/\/bitessiulai.lt\/wp-content\/uploads\/2024\/12\/BELLISSIMO_Yarnart4560_SITE-1-300x300.jpg\" alt=\"\" width=\"300\" height=\"300\" srcset=\"https:\/\/bitessiulai.lt\/wp-content\/uploads\/2024\/12\/BELLISSIMO_Yarnart4560_SITE-1-300x300.jpg 300w, https:\/\/bitessiulai.lt\/wp-content\/uploads\/2024\/12\/BELLISSIMO_Yarnart4560_SITE-1-1024x1024.jpg 1024w, https:\/\/bitessiulai.lt\/wp-content\/uploads\/2024\/12\/BELLISSIMO_Yarnart4560_SITE-1-150x150.jpg 150w, https:\/\/bitessiulai.lt\/wp-content\/uploads\/2024\/12\/BELLISSIMO_Yarnart4560_SITE-1-768x768.jpg 768w, https:\/\/bitessiulai.lt\/wp-content\/uploads\/2024\/12\/BELLISSIMO_Yarnart4560_SITE-1-1536x1536.jpg 1536w, https:\/\/bitessiulai.lt\/wp-content\/uploads\/2024\/12\/BELLISSIMO_Yarnart4560_SITE-1-12x12.jpg 12w, https:\/\/bitessiulai.lt\/wp-content\/uploads\/2024\/12\/BELLISSIMO_Yarnart4560_SITE-1-600x600.jpg 600w, https:\/\/bitessiulai.lt\/wp-content\/uploads\/2024\/12\/BELLISSIMO_Yarnart4560_SITE-1-96x96.jpg 96w, https:\/\/bitessiulai.lt\/wp-content\/uploads\/2024\/12\/BELLISSIMO_Yarnart4560_SITE-1.jpg 2000w\" sizes=\"(max-width: 300px) 100vw, 300px\" \/> <img loading=\"lazy\" decoding=\"async\" class=\"alignnone size-medium wp-image-4068\" src=\"https:\/\/bitessiulai.lt\/wp-content\/uploads\/2024\/12\/BELLISSIMO_Yarnart4655_SITE-300x300.jpg\" alt=\"\" width=\"300\" height=\"300\" srcset=\"https:\/\/bitessiulai.lt\/wp-content\/uploads\/2024\/12\/BELLISSIMO_Yarnart4655_SITE-300x300.jpg 300w, https:\/\/bitessiulai.lt\/wp-content\/uploads\/2024\/12\/BELLISSIMO_Yarnart4655_SITE-1024x1024.jpg 1024w, https:\/\/bitessiulai.lt\/wp-content\/uploads\/2024\/12\/BELLISSIMO_Yarnart4655_SITE-150x150.jpg 150w, https:\/\/bitessiulai.lt\/wp-content\/uploads\/2024\/12\/BELLISSIMO_Yarnart4655_SITE-768x768.jpg 768w, https:\/\/bitessiulai.lt\/wp-content\/uploads\/2024\/12\/BELLISSIMO_Yarnart4655_SITE-1536x1536.jpg 1536w, https:\/\/bitessiulai.lt\/wp-content\/uploads\/2024\/12\/BELLISSIMO_Yarnart4655_SITE-12x12.jpg 12w, https:\/\/bitessiulai.lt\/wp-content\/uploads\/2024\/12\/BELLISSIMO_Yarnart4655_SITE-600x600.jpg 600w, https:\/\/bitessiulai.lt\/wp-content\/uploads\/2024\/12\/BELLISSIMO_Yarnart4655_SITE-96x96.jpg 96w, https:\/\/bitessiulai.lt\/wp-content\/uploads\/2024\/12\/BELLISSIMO_Yarnart4655_SITE.jpg 2000w\" sizes=\"(max-width: 300px) 100vw, 300px\" \/> <img loading=\"lazy\" decoding=\"async\" class=\"alignnone size-medium wp-image-4069\" src=\"https:\/\/bitessiulai.lt\/wp-content\/uploads\/2024\/12\/BELLISSIMO_Yarnart4710_SITE-300x300.jpg\" alt=\"\" width=\"300\" height=\"300\" srcset=\"https:\/\/bitessiulai.lt\/wp-content\/uploads\/2024\/12\/BELLISSIMO_Yarnart4710_SITE-300x300.jpg 300w, https:\/\/bitessiulai.lt\/wp-content\/uploads\/2024\/12\/BELLISSIMO_Yarnart4710_SITE-1024x1024.jpg 1024w, https:\/\/bitessiulai.lt\/wp-content\/uploads\/2024\/12\/BELLISSIMO_Yarnart4710_SITE-150x150.jpg 150w, https:\/\/bitessiulai.lt\/wp-content\/uploads\/2024\/12\/BELLISSIMO_Yarnart4710_SITE-768x768.jpg 768w, https:\/\/bitessiulai.lt\/wp-content\/uploads\/2024\/12\/BELLISSIMO_Yarnart4710_SITE-1536x1536.jpg 1536w, https:\/\/bitessiulai.lt\/wp-content\/uploads\/2024\/12\/BELLISSIMO_Yarnart4710_SITE-12x12.jpg 12w, https:\/\/bitessiulai.lt\/wp-content\/uploads\/2024\/12\/BELLISSIMO_Yarnart4710_SITE-600x600.jpg 600w, https:\/\/bitessiulai.lt\/wp-content\/uploads\/2024\/12\/BELLISSIMO_Yarnart4710_SITE-96x96.jpg 96w, https:\/\/bitessiulai.lt\/wp-content\/uploads\/2024\/12\/BELLISSIMO_Yarnart4710_SITE.jpg 2000w\" sizes=\"(max-width: 300px) 100vw, 300px\" \/> <img loading=\"lazy\" decoding=\"async\" class=\"alignnone size-medium wp-image-4070\" src=\"https:\/\/bitessiulai.lt\/wp-content\/uploads\/2024\/12\/BELLISSIMO_Yarnart6280_SITE-300x300.jpg\" alt=\"\" width=\"300\" height=\"300\" srcset=\"https:\/\/bitessiulai.lt\/wp-content\/uploads\/2024\/12\/BELLISSIMO_Yarnart6280_SITE-300x300.jpg 300w, https:\/\/bitessiulai.lt\/wp-content\/uploads\/2024\/12\/BELLISSIMO_Yarnart6280_SITE-1024x1024.jpg 1024w, https:\/\/bitessiulai.lt\/wp-content\/uploads\/2024\/12\/BELLISSIMO_Yarnart6280_SITE-150x150.jpg 150w, https:\/\/bitessiulai.lt\/wp-content\/uploads\/2024\/12\/BELLISSIMO_Yarnart6280_SITE-768x768.jpg 768w, https:\/\/bitessiulai.lt\/wp-content\/uploads\/2024\/12\/BELLISSIMO_Yarnart6280_SITE-1536x1536.jpg 1536w, https:\/\/bitessiulai.lt\/wp-content\/uploads\/2024\/12\/BELLISSIMO_Yarnart6280_SITE-12x12.jpg 12w, https:\/\/bitessiulai.lt\/wp-content\/uploads\/2024\/12\/BELLISSIMO_Yarnart6280_SITE-600x600.jpg 600w, https:\/\/bitessiulai.lt\/wp-content\/uploads\/2024\/12\/BELLISSIMO_Yarnart6280_SITE-96x96.jpg 96w, https:\/\/bitessiulai.lt\/wp-content\/uploads\/2024\/12\/BELLISSIMO_Yarnart6280_SITE.jpg 2000w\" sizes=\"(max-width: 300px) 100vw, 300px\" \/> <img loading=\"lazy\" decoding=\"async\" class=\"alignnone size-medium wp-image-4071\" src=\"https:\/\/bitessiulai.lt\/wp-content\/uploads\/2024\/12\/BELLISSIMO_Yarnart6377_SITE-300x300.jpg\" alt=\"\" width=\"300\" height=\"300\" srcset=\"https:\/\/bitessiulai.lt\/wp-content\/uploads\/2024\/12\/BELLISSIMO_Yarnart6377_SITE-300x300.jpg 300w, https:\/\/bitessiulai.lt\/wp-content\/uploads\/2024\/12\/BELLISSIMO_Yarnart6377_SITE-1024x1024.jpg 1024w, https:\/\/bitessiulai.lt\/wp-content\/uploads\/2024\/12\/BELLISSIMO_Yarnart6377_SITE-150x150.jpg 150w, https:\/\/bitessiulai.lt\/wp-content\/uploads\/2024\/12\/BELLISSIMO_Yarnart6377_SITE-768x768.jpg 768w, https:\/\/bitessiulai.lt\/wp-content\/uploads\/2024\/12\/BELLISSIMO_Yarnart6377_SITE-1536x1536.jpg 1536w, https:\/\/bitessiulai.lt\/wp-content\/uploads\/2024\/12\/BELLISSIMO_Yarnart6377_SITE-12x12.jpg 12w, https:\/\/bitessiulai.lt\/wp-content\/uploads\/2024\/12\/BELLISSIMO_Yarnart6377_SITE-600x600.jpg 600w, https:\/\/bitessiulai.lt\/wp-content\/uploads\/2024\/12\/BELLISSIMO_Yarnart6377_SITE-96x96.jpg 96w, https:\/\/bitessiulai.lt\/wp-content\/uploads\/2024\/12\/BELLISSIMO_Yarnart6377_SITE.jpg 2000w\" sizes=\"(max-width: 300px) 100vw, 300px\" \/><\/p>\n<p>*N\u00e4yt\u00f6ll\u00e4si n\u00e4kem\u00e4si v\u00e4rit saattavat poiketa hieman langan todellisesta v\u00e4rist\u00e4.<\/p>","protected":false},"excerpt":{"rendered":"<p>Koostumus: 13% mohair, 67% akryyli, 4% polyamidi, 16% polyesteri<\/p>\n<p>Paino\/pituus: 150 g = noin 330 m.<\/p>\n<p>Suositeltu puikkokoko: 5 mm.<\/p>\n<p>Suositeltu puikkokoko: 5,5 mm.<\/p>","protected":false},"featured_media":4058,"comment_status":"open","ping_status":"closed","template":"","meta":[],"product_brand":[],"product_cat":[326,3329,217,177,362,178,324,328,173,174,175,255,4845],"product_tag":[],"giftcard-category":[],"class_list":{"0":"post-4094","1":"product","2":"type-product","3":"status-publish","4":"has-post-thumbnail","6":"product_cat-akrilas","7":"product_cat-bellissimo","8":"product_cat-isparduotuve","9":"product_cat-mezgimo-siulai","10":"product_cat-mohera","11":"product_cat-nerimo-siulai","12":"product_cat-poliamidas","13":"product_cat-poliesteris","14":"product_cat-siulai","15":"product_cat-siulu-gamintojai","16":"product_cat-siulu-pluostai","17":"product_cat-yarnart","18":"product_cat-yarnart-nuolaida","20":"first","21":"instock","22":"sale","23":"taxable","24":"shipping-taxable","25":"purchasable","26":"product-type-variable"},"_links":{"self":[{"href":"https:\/\/bitessiulai.lt\/fi\/wp-json\/wp\/v2\/product\/4094","targetHints":{"allow":["GET"]}}],"collection":[{"href":"https:\/\/bitessiulai.lt\/fi\/wp-json\/wp\/v2\/product"}],"about":[{"href":"https:\/\/bitessiulai.lt\/fi\/wp-json\/wp\/v2\/types\/product"}],"replies":[{"embeddable":true,"href":"https:\/\/bitessiulai.lt\/fi\/wp-json\/wp\/v2\/comments?post=4094"}],"version-history":[{"count":1,"href":"https:\/\/bitessiulai.lt\/fi\/wp-json\/wp\/v2\/product\/4094\/revisions"}],"predecessor-version":[{"id":25931,"href":"https:\/\/bitessiulai.lt\/fi\/wp-json\/wp\/v2\/product\/4094\/revisions\/25931"}],"wp:featuredmedia":[{"embeddable":true,"href":"https:\/\/bitessiulai.lt\/fi\/wp-json\/wp\/v2\/media\/4058"}],"wp:attachment":[{"href":"https:\/\/bitessiulai.lt\/fi\/wp-json\/wp\/v2\/media?parent=4094"}],"wp:term":[{"taxonomy":"product_brand","embeddable":true,"href":"https:\/\/bitessiulai.lt\/fi\/wp-json\/wp\/v2\/product_brand?post=4094"},{"taxonomy":"product_cat","embeddable":true,"href":"https:\/\/bitessiulai.lt\/fi\/wp-json\/wp\/v2\/product_cat?post=4094"},{"taxonomy":"product_tag","embeddable":true,"href":"https:\/\/bitessiulai.lt\/fi\/wp-json\/wp\/v2\/product_tag?post=4094"},{"taxonomy":"giftcard-category","embeddable":true,"href":"https:\/\/bitessiulai.lt\/fi\/wp-json\/wp\/v2\/giftcard-category?post=4094"}],"curies":[{"name":"wp","href":"https:\/\/api.w.org\/{rel}","templated":true}]}}