{"id":4047,"date":"2024-12-18T16:21:13","date_gmt":"2024-12-18T14:21:13","guid":{"rendered":"https:\/\/bitessiulai.lt\/?post_type=product&#038;p=4047"},"modified":"2026-03-14T19:10:13","modified_gmt":"2026-03-14T17:10:13","slug":"10cm-koshitsu-seeknit-curve-bambuko-prisukamu-virbalu-rinkinys","status":"publish","type":"product","link":"https:\/\/bitessiulai.lt\/fi\/tuote\/10cm-koshitsu-seeknit-curve-bambuko-prisukamu-virbalu-rinkinys\/","title":{"rendered":"10 cm. Koshitsu Seeknit CURVE bamburuuvipuikot setti"},"content":{"rendered":"<h6><strong>10 cm. Koshitsu Seeknit CURVE bamburuuvipuikot setti<\/strong><\/h6>\n<p id=\"tw-target-text\" class=\"tw-data-text tw-text-large tw-ta\" dir=\"ltr\" data-placeholder=\"Vertimas\" data-ved=\"2ahUKEwj16fbpw52LAxW8R_EDHRD_ECsQ3ewLegQICBAV\" aria-label=\"K\u00e4\u00e4nnetty teksti: Seeknit on Japanin vanhin bambupuikkojen valmistaja. Se on vanha perheomisteinen tehdas, jolla on ylpe\u00e4t k\u00e4sity\u00f6taidon ja laadun perinteet. Valmistuksessa k\u00e4ytet\u00e4\u00e4n vain huolellisesti valittua vahvaa japanilaista bambua Naran alueen erityisviljelmilt\u00e4. Koshitshu on ikivanha yrttikylpy ja l\u00e4mp\u00f6k\u00e4sittely, joka tekee vahvasta bambusta entist\u00e4 vahvempaa. Koshitsu tarjoaa kovemman ja kest\u00e4v\u00e4mm\u00e4n pinnan, jolla on samalla bambun luonnollinen pehme\u00e4 tuntuma.\"><span class=\"Y2IQFc\" lang=\"lt\"><strong>Seeknit<\/strong> on Japanin vanhin bambupuikkojen valmistaja. Se on vanha perheomisteinen tehdas, joka on vahva k\u00e4sity\u00f6taidon ja laadun suhteen. K\u00e4ytet\u00e4\u00e4n vain huolellisesti valittua vahvaa japanilaista bambua Naran alueen erityisviljelmilt\u00e4. <\/span><\/p>\n<p><span class=\"Y2IQFc\" lang=\"lt\"><strong>Koshitshu<\/strong> on ikivanha yrttikylpy ja l\u00e4mp\u00f6k\u00e4sittely, joka tekee vahvasta bambusta entist\u00e4 vahvempaa. Koshitsu tarjoaa kovemman ja kest\u00e4v\u00e4mm\u00e4n pinnan, jolla on samalla bambun luonnollinen pehme\u00e4 tuntuma.<\/span><\/p>\n<p><strong>10 cm. Koshitsu Seeknit CURVE bamburuuvipuikot setti<\/strong> \u00a0\u2013 t\u00e4m\u00e4 on hienostunut ja p\u00e4ivitetty mallisto, joka sopii t\u00e4ydellisesti yhteen Seeknit-neulepuikkojen tavallisen malliston ruuvattavien asusteiden kanssa.<\/p>\n<p>Uusi <strong>Seeknit-k\u00e4yr\u00e4<\/strong> Kokoelman ominaisuuksiin kuuluu poikkeuksellisen sujuva siirtym\u00e4 neulasta viivaan. Neulojen virtaviivainen, muotoiltu ja sile\u00e4 rakenne antaa langan liukua helposti puikkojen pinnalla, mik\u00e4 tekee jo ennest\u00e4\u00e4n nautinnollisesta neulomisesta entist\u00e4kin nautinnollisempaa.<\/p>\n<p><strong>S-koon setti sis\u00e4lt\u00e4\u00e4:<\/strong><\/p>\n<ul>\n<li>4 ruuvattavaa bambuvarrasta, 10 cm pitk\u00e4 \u2013 (M1.8-tyyppi 2,50 mm, 2,75 mm, 3,00 mm, 3,25 mm)<\/li>\n<li>3 kpl ruuvattavia siimoja (M1.8-tyyppi 20 cm, 40 cm, 60 cm)<\/li>\n<li>1 kpl liitin<\/li>\n<li>2 kpl jarruja<\/li>\n<\/ul>\n<p><strong>M-koon setti sis\u00e4lt\u00e4\u00e4:<\/strong><\/p>\n<ul>\n<li>4 ruuvattavaa bambuvarrasta, 10 cm pitk\u00e4t \u2013 (M2-tyyppi 3,50 mm, 4,00 mm, 4,50 mm, 5,00 mm)<\/li>\n<li>3 kpl ruuvattavia letkuja (M2-tyyppi 20 cm, 40 cm, 60 cm)<\/li>\n<li>1 kpl liitin<\/li>\n<li>2 kpl jarruja<\/li>\n<\/ul>\n<p><img fetchpriority=\"high\" decoding=\"async\" class=\"wp-image-4048 alignleft\" src=\"https:\/\/bitessiulai.lt\/wp-content\/uploads\/2024\/12\/Seeknit-Curve-Koshitsu-IC-Needle-Tips-10-cm-4inch_Small-768x551-1-300x215.jpg\" alt=\"\" width=\"279\" height=\"200\" srcset=\"https:\/\/bitessiulai.lt\/wp-content\/uploads\/2024\/12\/Seeknit-Curve-Koshitsu-IC-Needle-Tips-10-cm-4inch_Small-768x551-1-300x215.jpg 300w, https:\/\/bitessiulai.lt\/wp-content\/uploads\/2024\/12\/Seeknit-Curve-Koshitsu-IC-Needle-Tips-10-cm-4inch_Small-768x551-1-18x12.jpg 18w, https:\/\/bitessiulai.lt\/wp-content\/uploads\/2024\/12\/Seeknit-Curve-Koshitsu-IC-Needle-Tips-10-cm-4inch_Small-768x551-1-600x430.jpg 600w, https:\/\/bitessiulai.lt\/wp-content\/uploads\/2024\/12\/Seeknit-Curve-Koshitsu-IC-Needle-Tips-10-cm-4inch_Small-768x551-1-150x108.jpg 150w, https:\/\/bitessiulai.lt\/wp-content\/uploads\/2024\/12\/Seeknit-Curve-Koshitsu-IC-Needle-Tips-10-cm-4inch_Small-768x551-1.jpg 768w\" sizes=\"(max-width: 279px) 100vw, 279px\" \/><\/p>\n<p>&nbsp;<\/p>\n<p>&nbsp;<\/p>\n<p>&nbsp;<\/p>\n<p>&nbsp;<\/p>\n<p>&nbsp;<\/p>\n<p><img decoding=\"async\" class=\"wp-image-4050 alignleft\" src=\"https:\/\/bitessiulai.lt\/wp-content\/uploads\/2024\/12\/Seeknit-Curve-Koshitsu_IC-Needles-and-Stoppers_Image-300x200.jpg\" alt=\"\" width=\"285\" height=\"190\" srcset=\"https:\/\/bitessiulai.lt\/wp-content\/uploads\/2024\/12\/Seeknit-Curve-Koshitsu_IC-Needles-and-Stoppers_Image-300x200.jpg 300w, https:\/\/bitessiulai.lt\/wp-content\/uploads\/2024\/12\/Seeknit-Curve-Koshitsu_IC-Needles-and-Stoppers_Image-1024x682.jpg 1024w, https:\/\/bitessiulai.lt\/wp-content\/uploads\/2024\/12\/Seeknit-Curve-Koshitsu_IC-Needles-and-Stoppers_Image-768x512.jpg 768w, https:\/\/bitessiulai.lt\/wp-content\/uploads\/2024\/12\/Seeknit-Curve-Koshitsu_IC-Needles-and-Stoppers_Image-1536x1024.jpg 1536w, https:\/\/bitessiulai.lt\/wp-content\/uploads\/2024\/12\/Seeknit-Curve-Koshitsu_IC-Needles-and-Stoppers_Image-18x12.jpg 18w, https:\/\/bitessiulai.lt\/wp-content\/uploads\/2024\/12\/Seeknit-Curve-Koshitsu_IC-Needles-and-Stoppers_Image-600x400.jpg 600w, https:\/\/bitessiulai.lt\/wp-content\/uploads\/2024\/12\/Seeknit-Curve-Koshitsu_IC-Needles-and-Stoppers_Image-150x100.jpg 150w, https:\/\/bitessiulai.lt\/wp-content\/uploads\/2024\/12\/Seeknit-Curve-Koshitsu_IC-Needles-and-Stoppers_Image.jpg 2000w\" sizes=\"(max-width: 285px) 100vw, 285px\" \/><\/p>","protected":false},"excerpt":{"rendered":"<p>10cm. Koshitsu Seeknit CURVE bambuko prisukam\u0173 virbal\u0173 rinkinys Seeknit yra seniausias Japonijos bambuko mezgimo virbal\u0173 gamintojas. Tai sena \u0161eimai priklausanti gamykla, stiprus meistri\u0161kumas ir kokyb\u0117. Naudojamas tik kruop\u0161\u010diai atrinktas stiprus japoni\u0161kas bambukas i\u0161 speciali\u0173 plantacij\u0173 Naros apylink\u0117se. Koshitshu yra senovin\u0117 \u017eoleli\u0173 vonia ir terminis apdorojimas, d\u0117l kurio stiprus bambukas tampa dar stipresnis. Koshitsu suteikia kietesn\u012f ir tvirtesn\u012f pavir\u0161i\u0173, kuris tuo pat metu turi nat\u016bral\u0173 mink\u0161t\u0105 bambuko poj\u016bt\u012f. 10cm. Koshitsu Seeknit CURVE bambuko prisukam\u0173 virbal\u0173 rinkinys \u00a0\u2013 tai i\u0161tobulinta ir atnaujinta kolekcija, kuri puikiai tiks ir prie \u012fprastos Seeknit virbal\u0173 kolekcijos prisukam\u0173 pried\u0173. Naujoji Seeknit Curve kolekcija pasi\u017eymi ypatingai \u0161velniu per\u0117jimu nuo virbalo link valo. Aptaki, i\u0161formuota, i\u0161gludinta virbal\u0173 forma leid\u017eia lengvai si\u016blams slysti virbal\u0173 pavir\u0161iumi, o ir taip malonus mezgimas tampa dar malonesnis. S dyd\u017eio rinkin\u012f sudaro: 10cm. ilgio 4 prisukami bambuko virbalai &#8211; (M1.8 tipo 2.50mm., 2.75mm., 3.00mm., 3.25mm.) 3 vnt. prisukami valai (M1.8 tipo 20cm., 40cm., 60cm.) 1 vnt. sujung\u0117jas 2 vnt. stabd\u017eiukai M dyd\u017eio rink\u012f sudaro: 10cm. ilgio 4 prisukami bambuko virbalai &#8211; (M2 tipo 3.50mm., 4.00mm., 4.50mm., 5.00mm.) 3 vnt. prisukami valai (M2 tipo 20cm., 40cm., 60cm.) 1 vnt. sujung\u0117jas 2 vnt. stabd\u017eiukai &nbsp; &nbsp; &nbsp; &nbsp; &nbsp;<\/p>","protected":false},"featured_media":4056,"comment_status":"open","ping_status":"closed","template":"","meta":[],"product_brand":[],"product_cat":[180,2439,181],"product_tag":[],"giftcard-category":[],"class_list":{"0":"post-4047","1":"product","2":"type-product","3":"status-publish","4":"has-post-thumbnail","6":"product_cat-mezgimo-priemones","7":"product_cat-seeknit-mezgimo-priemoniu-gamintojai","8":"product_cat-virbalu-rinkiniai","10":"first","11":"instock","12":"taxable","13":"shipping-taxable","14":"purchasable","15":"product-type-variable"},"_links":{"self":[{"href":"https:\/\/bitessiulai.lt\/fi\/wp-json\/wp\/v2\/product\/4047","targetHints":{"allow":["GET"]}}],"collection":[{"href":"https:\/\/bitessiulai.lt\/fi\/wp-json\/wp\/v2\/product"}],"about":[{"href":"https:\/\/bitessiulai.lt\/fi\/wp-json\/wp\/v2\/types\/product"}],"replies":[{"embeddable":true,"href":"https:\/\/bitessiulai.lt\/fi\/wp-json\/wp\/v2\/comments?post=4047"}],"version-history":[{"count":0,"href":"https:\/\/bitessiulai.lt\/fi\/wp-json\/wp\/v2\/product\/4047\/revisions"}],"wp:featuredmedia":[{"embeddable":true,"href":"https:\/\/bitessiulai.lt\/fi\/wp-json\/wp\/v2\/media\/4056"}],"wp:attachment":[{"href":"https:\/\/bitessiulai.lt\/fi\/wp-json\/wp\/v2\/media?parent=4047"}],"wp:term":[{"taxonomy":"product_brand","embeddable":true,"href":"https:\/\/bitessiulai.lt\/fi\/wp-json\/wp\/v2\/product_brand?post=4047"},{"taxonomy":"product_cat","embeddable":true,"href":"https:\/\/bitessiulai.lt\/fi\/wp-json\/wp\/v2\/product_cat?post=4047"},{"taxonomy":"product_tag","embeddable":true,"href":"https:\/\/bitessiulai.lt\/fi\/wp-json\/wp\/v2\/product_tag?post=4047"},{"taxonomy":"giftcard-category","embeddable":true,"href":"https:\/\/bitessiulai.lt\/fi\/wp-json\/wp\/v2\/giftcard-category?post=4047"}],"curies":[{"name":"wp","href":"https:\/\/api.w.org\/{rel}","templated":true}]}}