{"id":3441,"date":"2024-12-15T10:16:21","date_gmt":"2024-12-15T08:16:21","guid":{"rendered":"https:\/\/bitessiulai.lt\/?post_type=product&#038;p=3441"},"modified":"2026-04-28T14:15:58","modified_gmt":"2026-04-28T11:15:58","slug":"yarnart-samba","status":"publish","type":"product","link":"https:\/\/bitessiulai.lt\/fi\/tuote\/yarnart-samba\/","title":{"rendered":"YarnArt Samba"},"content":{"rendered":"<p><strong>YarnArt Samba<\/strong> \u2013 pehme\u00e4\u00e4, leikkis\u00e4\u00e4 lankaa neuleisiin, huiveihin, leluturkiksiin ja muihin asusteisiin.<\/p>\n<p><img fetchpriority=\"high\" decoding=\"async\" class=\"alignnone size-medium wp-image-6109\" src=\"https:\/\/bitessiulai.lt\/wp-content\/uploads\/2024\/12\/474701483_1377044773655860_5330406092903855418_n-300x269.jpg\" alt=\"\" width=\"300\" height=\"269\" srcset=\"https:\/\/bitessiulai.lt\/wp-content\/uploads\/2024\/12\/474701483_1377044773655860_5330406092903855418_n-300x269.jpg 300w, https:\/\/bitessiulai.lt\/wp-content\/uploads\/2024\/12\/474701483_1377044773655860_5330406092903855418_n-1024x918.jpg 1024w, https:\/\/bitessiulai.lt\/wp-content\/uploads\/2024\/12\/474701483_1377044773655860_5330406092903855418_n-768x688.jpg 768w, https:\/\/bitessiulai.lt\/wp-content\/uploads\/2024\/12\/474701483_1377044773655860_5330406092903855418_n-13x12.jpg 13w, https:\/\/bitessiulai.lt\/wp-content\/uploads\/2024\/12\/474701483_1377044773655860_5330406092903855418_n-600x538.jpg 600w, https:\/\/bitessiulai.lt\/wp-content\/uploads\/2024\/12\/474701483_1377044773655860_5330406092903855418_n-150x134.jpg 150w, https:\/\/bitessiulai.lt\/wp-content\/uploads\/2024\/12\/474701483_1377044773655860_5330406092903855418_n.jpg 1284w\" sizes=\"(max-width: 300px) 100vw, 300px\" \/> <img decoding=\"async\" class=\"alignnone wp-image-6110\" src=\"https:\/\/bitessiulai.lt\/wp-content\/uploads\/2024\/12\/ft3-300x140.jpg\" alt=\"\" width=\"568\" height=\"265\" srcset=\"https:\/\/bitessiulai.lt\/wp-content\/uploads\/2024\/12\/ft3-300x140.jpg 300w, https:\/\/bitessiulai.lt\/wp-content\/uploads\/2024\/12\/ft3-18x8.jpg 18w, https:\/\/bitessiulai.lt\/wp-content\/uploads\/2024\/12\/ft3-600x279.jpg 600w, https:\/\/bitessiulai.lt\/wp-content\/uploads\/2024\/12\/ft3-150x70.jpg 150w, https:\/\/bitessiulai.lt\/wp-content\/uploads\/2024\/12\/ft3.jpg 713w\" sizes=\"(max-width: 568px) 100vw, 568px\" \/><\/p>\n<p>*N\u00e4yt\u00f6ll\u00e4si n\u00e4kem\u00e4si v\u00e4rit saattavat poiketa hieman langan todellisesta v\u00e4rist\u00e4.<\/p>","protected":false},"excerpt":{"rendered":"<p>Koostumus: 100% polyesteri<\/p>\n<p>Paino\/pituus: 100 g = noin 150 m.<\/p>\n<p>Suositeltu puikkokoko: 5,5 mm.<\/p>\n<p>Suositeltu puikkokoko: 5,5 mm.<\/p>","protected":false},"featured_media":16609,"comment_status":"open","ping_status":"closed","template":"","meta":[],"product_brand":[],"product_cat":[915,177,178,328,3306,173,174,175,255],"product_tag":[],"giftcard-category":[],"class_list":{"0":"post-3441","1":"product","2":"type-product","3":"status-publish","4":"has-post-thumbnail","6":"product_cat-dekoratyviniai-siulai","7":"product_cat-mezgimo-siulai","8":"product_cat-nerimo-siulai","9":"product_cat-poliesteris","10":"product_cat-samba","11":"product_cat-siulai","12":"product_cat-siulu-gamintojai","13":"product_cat-siulu-pluostai","14":"product_cat-yarnart","16":"first","17":"instock","18":"taxable","19":"shipping-taxable","20":"purchasable","21":"product-type-variable"},"_links":{"self":[{"href":"https:\/\/bitessiulai.lt\/fi\/wp-json\/wp\/v2\/product\/3441","targetHints":{"allow":["GET"]}}],"collection":[{"href":"https:\/\/bitessiulai.lt\/fi\/wp-json\/wp\/v2\/product"}],"about":[{"href":"https:\/\/bitessiulai.lt\/fi\/wp-json\/wp\/v2\/types\/product"}],"replies":[{"embeddable":true,"href":"https:\/\/bitessiulai.lt\/fi\/wp-json\/wp\/v2\/comments?post=3441"}],"version-history":[{"count":1,"href":"https:\/\/bitessiulai.lt\/fi\/wp-json\/wp\/v2\/product\/3441\/revisions"}],"predecessor-version":[{"id":22205,"href":"https:\/\/bitessiulai.lt\/fi\/wp-json\/wp\/v2\/product\/3441\/revisions\/22205"}],"wp:featuredmedia":[{"embeddable":true,"href":"https:\/\/bitessiulai.lt\/fi\/wp-json\/wp\/v2\/media\/16609"}],"wp:attachment":[{"href":"https:\/\/bitessiulai.lt\/fi\/wp-json\/wp\/v2\/media?parent=3441"}],"wp:term":[{"taxonomy":"product_brand","embeddable":true,"href":"https:\/\/bitessiulai.lt\/fi\/wp-json\/wp\/v2\/product_brand?post=3441"},{"taxonomy":"product_cat","embeddable":true,"href":"https:\/\/bitessiulai.lt\/fi\/wp-json\/wp\/v2\/product_cat?post=3441"},{"taxonomy":"product_tag","embeddable":true,"href":"https:\/\/bitessiulai.lt\/fi\/wp-json\/wp\/v2\/product_tag?post=3441"},{"taxonomy":"giftcard-category","embeddable":true,"href":"https:\/\/bitessiulai.lt\/fi\/wp-json\/wp\/v2\/giftcard-category?post=3441"}],"curies":[{"name":"wp","href":"https:\/\/api.w.org\/{rel}","templated":true}]}}