{"id":25901,"date":"2026-05-06T14:06:54","date_gmt":"2026-05-06T11:06:54","guid":{"rendered":"https:\/\/bitessiulai.lt\/?post_type=product&#038;p=25901"},"modified":"2026-05-06T14:06:55","modified_gmt":"2026-05-06T11:06:55","slug":"knitpro-mini-bouq-trumpu-keiciamu-virbalu-rinkinys-5cm","status":"publish","type":"product","link":"https:\/\/bitessiulai.lt\/fi\/tuote\/knitpro-mini-bouq-trumpu-keiciamu-virbalu-rinkinys-5cm\/","title":{"rendered":"KnitPro Mini Bouq trump\u0173 kei\u010diam\u0173 virbal\u0173 rinkinys 5cm"},"content":{"rendered":"<p><strong>KnitPro Mini Bouq trump\u0173 kei\u010diam\u0173 virbal\u0173 rinkinys 5cm &#8211; <\/strong>riboto leidimo rinkinys, supakuotas prabangiame d\u0117kle. \u0160is rinkinys idealiai tinka ma\u017eesn\u0117s apimties projektams, pavyzd\u017eiui, siauresn\u0117ms rankov\u0117ms ir k\u016bdiki\u0173 r\u016bbeliams. Virbal\u0173 antgaliai pagaminti i\u0161 lengvo ir patvaraus aliuminio, su sidabro ir ro\u017einio aukso apdaila. Nailonu padengti ner\u016bdijan\u010dio plieno valai su Swivel sistema neleis valui susisukti (virbalas gali laisvai suktis apie savo a\u0161\u012f).<\/p>\n<p><strong>Setti sis\u00e4lt\u00e4\u00e4:\u00a0<\/strong><\/p>\n<ul>\n<li>8 dyd\u017ei\u0173 virbalai 5cm ilgio (3.00, 3.50, 3.75, 4.00, 4.50, 5.00, 5.50, 6.00mm) su 4 skirtingo ilgio valais (2x27cm ir 2x30cm)<\/li>\n<li>4 virbal\u0173 galiukai<\/li>\n<li>2 raktai valui priver\u017eti<\/li>\n<li>stambi adata<\/li>\n<li>2 mini aki\u0173 laikikliai<\/li>\n<\/ul>\n<p>&nbsp;<\/p>\n<p><img fetchpriority=\"high\" decoding=\"async\" class=\"alignnone size-medium wp-image-25904\" src=\"http:\/\/bitessiulai.lt\/wp-content\/uploads\/2026\/05\/Ekrano-nuotrauka-2025-06-19-133544-300x298.png\" alt=\"\" width=\"300\" height=\"298\" srcset=\"https:\/\/bitessiulai.lt\/wp-content\/uploads\/2026\/05\/Ekrano-nuotrauka-2025-06-19-133544-300x298.png 300w, https:\/\/bitessiulai.lt\/wp-content\/uploads\/2026\/05\/Ekrano-nuotrauka-2025-06-19-133544-150x150.png 150w, https:\/\/bitessiulai.lt\/wp-content\/uploads\/2026\/05\/Ekrano-nuotrauka-2025-06-19-133544-12x12.png 12w, https:\/\/bitessiulai.lt\/wp-content\/uploads\/2026\/05\/Ekrano-nuotrauka-2025-06-19-133544-600x597.png 600w, https:\/\/bitessiulai.lt\/wp-content\/uploads\/2026\/05\/Ekrano-nuotrauka-2025-06-19-133544.png 706w\" sizes=\"(max-width: 300px) 100vw, 300px\" \/><img decoding=\"async\" class=\"alignnone size-medium wp-image-25905\" src=\"http:\/\/bitessiulai.lt\/wp-content\/uploads\/2026\/05\/knitpro_mini-bouquet-gift-set_3-300x300.webp\" alt=\"\" width=\"300\" height=\"300\" srcset=\"https:\/\/bitessiulai.lt\/wp-content\/uploads\/2026\/05\/knitpro_mini-bouquet-gift-set_3-300x300.webp 300w, https:\/\/bitessiulai.lt\/wp-content\/uploads\/2026\/05\/knitpro_mini-bouquet-gift-set_3-150x150.webp 150w, https:\/\/bitessiulai.lt\/wp-content\/uploads\/2026\/05\/knitpro_mini-bouquet-gift-set_3-768x768.webp 768w, https:\/\/bitessiulai.lt\/wp-content\/uploads\/2026\/05\/knitpro_mini-bouquet-gift-set_3-12x12.webp 12w, https:\/\/bitessiulai.lt\/wp-content\/uploads\/2026\/05\/knitpro_mini-bouquet-gift-set_3-600x600.webp 600w, https:\/\/bitessiulai.lt\/wp-content\/uploads\/2026\/05\/knitpro_mini-bouquet-gift-set_3.webp 800w\" sizes=\"(max-width: 300px) 100vw, 300px\" \/><\/p>","protected":false},"excerpt":{"rendered":"<p>KnitPro Mini Bouq trump\u0173 kei\u010diam\u0173 virbal\u0173 rinkinys 5cm &#8211; riboto leidimo rinkinys, supakuotas prabangiame d\u0117kle. \u0160is rinkinys idealiai tinka ma\u017eesn\u0117s apimties projektams, pavyzd\u017eiui, siauresn\u0117ms rankov\u0117ms ir k\u016bdiki\u0173 r\u016bbeliams. Virbal\u0173 antgaliai pagaminti i\u0161 lengvo ir patvaraus aliuminio, su sidabro ir ro\u017einio aukso apdaila. Nailonu padengti ner\u016bdijan\u010dio plieno valai su Swivel sistema neleis valui susisukti (virbalas gali laisvai suktis apie savo a\u0161\u012f). Rinkin\u012f sudaro:\u00a0 8 dyd\u017ei\u0173 virbalai 5cm ilgio (3.00, 3.50, 3.75, 4.00, 4.50, 5.00, 5.50, 6.00mm) su 4 skirtingo ilgio valais (2x27cm ir 2x30cm) 4 virbal\u0173 galiukai 2 raktai valui priver\u017eti stambi adata 2 mini aki\u0173 laikikliai &nbsp;<\/p>","protected":false},"featured_media":25902,"comment_status":"open","ping_status":"closed","template":"","meta":[],"product_brand":[],"product_cat":[180,2440,2123,181],"product_tag":[],"giftcard-category":[],"class_list":{"0":"post-25901","1":"product","2":"type-product","3":"status-publish","4":"has-post-thumbnail","6":"product_cat-mezgimo-priemones","7":"product_cat-knitpro","8":"product_cat-mezgimo-priemoniu-gamintojai","9":"product_cat-virbalu-rinkiniai","11":"first","12":"instock","13":"taxable","14":"shipping-taxable","15":"purchasable","16":"product-type-simple"},"_links":{"self":[{"href":"https:\/\/bitessiulai.lt\/fi\/wp-json\/wp\/v2\/product\/25901","targetHints":{"allow":["GET"]}}],"collection":[{"href":"https:\/\/bitessiulai.lt\/fi\/wp-json\/wp\/v2\/product"}],"about":[{"href":"https:\/\/bitessiulai.lt\/fi\/wp-json\/wp\/v2\/types\/product"}],"replies":[{"embeddable":true,"href":"https:\/\/bitessiulai.lt\/fi\/wp-json\/wp\/v2\/comments?post=25901"}],"version-history":[{"count":1,"href":"https:\/\/bitessiulai.lt\/fi\/wp-json\/wp\/v2\/product\/25901\/revisions"}],"predecessor-version":[{"id":25907,"href":"https:\/\/bitessiulai.lt\/fi\/wp-json\/wp\/v2\/product\/25901\/revisions\/25907"}],"wp:featuredmedia":[{"embeddable":true,"href":"https:\/\/bitessiulai.lt\/fi\/wp-json\/wp\/v2\/media\/25902"}],"wp:attachment":[{"href":"https:\/\/bitessiulai.lt\/fi\/wp-json\/wp\/v2\/media?parent=25901"}],"wp:term":[{"taxonomy":"product_brand","embeddable":true,"href":"https:\/\/bitessiulai.lt\/fi\/wp-json\/wp\/v2\/product_brand?post=25901"},{"taxonomy":"product_cat","embeddable":true,"href":"https:\/\/bitessiulai.lt\/fi\/wp-json\/wp\/v2\/product_cat?post=25901"},{"taxonomy":"product_tag","embeddable":true,"href":"https:\/\/bitessiulai.lt\/fi\/wp-json\/wp\/v2\/product_tag?post=25901"},{"taxonomy":"giftcard-category","embeddable":true,"href":"https:\/\/bitessiulai.lt\/fi\/wp-json\/wp\/v2\/giftcard-category?post=25901"}],"curies":[{"name":"wp","href":"https:\/\/api.w.org\/{rel}","templated":true}]}}