{"id":25487,"date":"2026-04-17T14:47:22","date_gmt":"2026-04-17T11:47:22","guid":{"rendered":"https:\/\/bitessiulai.lt\/?post_type=product&#038;p=25487"},"modified":"2026-04-18T22:54:16","modified_gmt":"2026-04-18T19:54:16","slug":"drops-pro-romance-mediniu-virbalu-rinkinys-keiciamu-valu","status":"publish","type":"product","link":"https:\/\/bitessiulai.lt\/fi\/tuote\/drops-pro-romance-mediniu-virbalu-rinkinys-keiciamu-valu\/","title":{"rendered":"Drops PRO Romance medini\u0173 virbal\u0173 rinkinys kei\u010diamu valu"},"content":{"rendered":"<p>Drops PRO Romance medini\u0173 virbal\u0173 rinkinys kei\u010diamu valu . Lengvi, tvirti ir patvar\u016bs, lygaus pavir\u0161iaus, leid\u017eantys lengvai slysti bet kokio tipo si\u016blams \u2013 visa tai u\u017etikrina malon\u0173 mezgim\u0105 be rank\u0173 nuovargio. Pagaminti i\u0161 ber\u017eo, tad \u0161ilti bei malon\u016bs liesti.<\/p>\n<ul>\n<li>8 poros virbal\u0173:\u00a0<strong>3.5, 4.0, 4.5, 5.0, 5.5, 6.0, 7.0 ir 8.0 mm<\/strong>.<\/li>\n<li>4 lankst\u016bs jungiamieji valai: <strong>60 cm, 80 cm (x2) ir 100 cm<\/strong>.<\/li>\n<li>Virbal\u0173 antgaliai, rakteliai bei naudojimo instrukcija.<\/li>\n<\/ul>\n<p>&nbsp;<\/p>\n<ul>\n<li>Virbalo ilgis <strong>11,5 cm.<\/strong><\/li>\n<\/ul>\n<p>&nbsp;<\/p>\n<p><img fetchpriority=\"high\" decoding=\"async\" class=\"alignnone size-medium wp-image-25490\" src=\"http:\/\/bitessiulai.lt\/wp-content\/uploads\/2026\/04\/il_fullxfull.2790899920_dysx-300x176.jpg\" alt=\"\" width=\"300\" height=\"176\" srcset=\"https:\/\/bitessiulai.lt\/wp-content\/uploads\/2026\/04\/il_fullxfull.2790899920_dysx-300x176.jpg 300w, https:\/\/bitessiulai.lt\/wp-content\/uploads\/2026\/04\/il_fullxfull.2790899920_dysx-768x451.jpg 768w, https:\/\/bitessiulai.lt\/wp-content\/uploads\/2026\/04\/il_fullxfull.2790899920_dysx-18x12.jpg 18w, https:\/\/bitessiulai.lt\/wp-content\/uploads\/2026\/04\/il_fullxfull.2790899920_dysx-600x353.jpg 600w, https:\/\/bitessiulai.lt\/wp-content\/uploads\/2026\/04\/il_fullxfull.2790899920_dysx-150x88.jpg 150w, https:\/\/bitessiulai.lt\/wp-content\/uploads\/2026\/04\/il_fullxfull.2790899920_dysx.jpg 980w\" sizes=\"(max-width: 300px) 100vw, 300px\" \/><\/p>","protected":false},"excerpt":{"rendered":"<p>Drops PRO Romance medini\u0173 virbal\u0173 rinkinys kei\u010diamu valu . Lengvi, tvirti ir patvar\u016bs, lygaus pavir\u0161iaus, leid\u017eantys lengvai slysti bet kokio tipo si\u016blams \u2013 visa tai u\u017etikrina malon\u0173 mezgim\u0105 be rank\u0173 nuovargio. Pagaminti i\u0161 ber\u017eo, tad \u0161ilti bei malon\u016bs liesti. 8 poros virbal\u0173:\u00a03.5, 4.0, 4.5, 5.0, 5.5, 6.0, 7.0 ir 8.0 mm. 4 lankst\u016bs jungiamieji valai: 60 cm, 80 cm (x2) ir 100 cm. Virbal\u0173 antgaliai, rakteliai bei naudojimo instrukcija. &nbsp; Virbalo ilgis 11,5cm. &nbsp;<\/p>","protected":false},"featured_media":25488,"comment_status":"open","ping_status":"closed","template":"","meta":[],"product_brand":[],"product_cat":[180,4823,217,2123,181],"product_tag":[],"giftcard-category":[],"class_list":{"0":"post-25487","1":"product","2":"type-product","3":"status-publish","4":"has-post-thumbnail","6":"product_cat-mezgimo-priemones","7":"product_cat-drops-mezgimo-priemoniu-gamintojai","8":"product_cat-isparduotuve","9":"product_cat-mezgimo-priemoniu-gamintojai","10":"product_cat-virbalu-rinkiniai","12":"first","13":"instock","14":"sale","15":"taxable","16":"shipping-taxable","17":"purchasable","18":"product-type-simple"},"_links":{"self":[{"href":"https:\/\/bitessiulai.lt\/fi\/wp-json\/wp\/v2\/product\/25487","targetHints":{"allow":["GET"]}}],"collection":[{"href":"https:\/\/bitessiulai.lt\/fi\/wp-json\/wp\/v2\/product"}],"about":[{"href":"https:\/\/bitessiulai.lt\/fi\/wp-json\/wp\/v2\/types\/product"}],"replies":[{"embeddable":true,"href":"https:\/\/bitessiulai.lt\/fi\/wp-json\/wp\/v2\/comments?post=25487"}],"version-history":[{"count":2,"href":"https:\/\/bitessiulai.lt\/fi\/wp-json\/wp\/v2\/product\/25487\/revisions"}],"predecessor-version":[{"id":25500,"href":"https:\/\/bitessiulai.lt\/fi\/wp-json\/wp\/v2\/product\/25487\/revisions\/25500"}],"wp:featuredmedia":[{"embeddable":true,"href":"https:\/\/bitessiulai.lt\/fi\/wp-json\/wp\/v2\/media\/25488"}],"wp:attachment":[{"href":"https:\/\/bitessiulai.lt\/fi\/wp-json\/wp\/v2\/media?parent=25487"}],"wp:term":[{"taxonomy":"product_brand","embeddable":true,"href":"https:\/\/bitessiulai.lt\/fi\/wp-json\/wp\/v2\/product_brand?post=25487"},{"taxonomy":"product_cat","embeddable":true,"href":"https:\/\/bitessiulai.lt\/fi\/wp-json\/wp\/v2\/product_cat?post=25487"},{"taxonomy":"product_tag","embeddable":true,"href":"https:\/\/bitessiulai.lt\/fi\/wp-json\/wp\/v2\/product_tag?post=25487"},{"taxonomy":"giftcard-category","embeddable":true,"href":"https:\/\/bitessiulai.lt\/fi\/wp-json\/wp\/v2\/giftcard-category?post=25487"}],"curies":[{"name":"wp","href":"https:\/\/api.w.org\/{rel}","templated":true}]}}