{"id":24780,"date":"2026-04-03T16:40:53","date_gmt":"2026-04-03T13:40:53","guid":{"rendered":"https:\/\/bitessiulai.lt\/?post_type=product&#038;p=24780"},"modified":"2026-04-03T16:40:55","modified_gmt":"2026-04-03T13:40:55","slug":"yarnart-camellia","status":"publish","type":"product","link":"https:\/\/bitessiulai.lt\/fi\/tuote\/yarnart-camellia\/","title":{"rendered":"YarnArt Camellia"},"content":{"rendered":"<p><strong>YarnArt Camellia<\/strong> \u2013 tai \u0161velnus \u017evilgesys, lengvumas ir elegancija viename. Puikiai tinka derinant su kitais si\u016blais, projektai \u012fgaus prabangos ir \u0161vyt\u0117jimo.<\/p>","protected":false},"excerpt":{"rendered":"<p>Sud\u0117tis: 91% Poliesteris, 9% Metalizuotas si\u016blas<\/p>\n<p>Svoris\/ilgis: 50 g.= ma\u017edaug 450 m.<\/p>\n<p>Rekomenduojamas virbal\u0173 dydis: 1,5 mm. (puikiai tinka megzti su kitais si\u016blais)<\/p>\n<p>Rekomenduojamas v\u0105\u0161elio dydis: 2,25 mm.<\/p>","protected":false},"featured_media":24782,"comment_status":"open","ping_status":"closed","template":"","meta":[],"product_brand":[],"product_cat":[173,4693,915,4411,177,178,328,175,255],"product_tag":[],"giftcard-category":[],"class_list":{"0":"post-24780","1":"product","2":"type-product","3":"status-publish","4":"has-post-thumbnail","6":"product_cat-siulai","7":"product_cat-camellia","8":"product_cat-dekoratyviniai-siulai","9":"product_cat-metalizuotas-siulas","10":"product_cat-mezgimo-siulai","11":"product_cat-nerimo-siulai","12":"product_cat-poliesteris","13":"product_cat-siulu-pluostai","14":"product_cat-yarnart","16":"first","17":"instock","18":"taxable","19":"shipping-taxable","20":"purchasable","21":"product-type-variable"},"_links":{"self":[{"href":"https:\/\/bitessiulai.lt\/fi\/wp-json\/wp\/v2\/product\/24780","targetHints":{"allow":["GET"]}}],"collection":[{"href":"https:\/\/bitessiulai.lt\/fi\/wp-json\/wp\/v2\/product"}],"about":[{"href":"https:\/\/bitessiulai.lt\/fi\/wp-json\/wp\/v2\/types\/product"}],"replies":[{"embeddable":true,"href":"https:\/\/bitessiulai.lt\/fi\/wp-json\/wp\/v2\/comments?post=24780"}],"version-history":[{"count":1,"href":"https:\/\/bitessiulai.lt\/fi\/wp-json\/wp\/v2\/product\/24780\/revisions"}],"predecessor-version":[{"id":24798,"href":"https:\/\/bitessiulai.lt\/fi\/wp-json\/wp\/v2\/product\/24780\/revisions\/24798"}],"wp:featuredmedia":[{"embeddable":true,"href":"https:\/\/bitessiulai.lt\/fi\/wp-json\/wp\/v2\/media\/24782"}],"wp:attachment":[{"href":"https:\/\/bitessiulai.lt\/fi\/wp-json\/wp\/v2\/media?parent=24780"}],"wp:term":[{"taxonomy":"product_brand","embeddable":true,"href":"https:\/\/bitessiulai.lt\/fi\/wp-json\/wp\/v2\/product_brand?post=24780"},{"taxonomy":"product_cat","embeddable":true,"href":"https:\/\/bitessiulai.lt\/fi\/wp-json\/wp\/v2\/product_cat?post=24780"},{"taxonomy":"product_tag","embeddable":true,"href":"https:\/\/bitessiulai.lt\/fi\/wp-json\/wp\/v2\/product_tag?post=24780"},{"taxonomy":"giftcard-category","embeddable":true,"href":"https:\/\/bitessiulai.lt\/fi\/wp-json\/wp\/v2\/giftcard-category?post=24780"}],"curies":[{"name":"wp","href":"https:\/\/api.w.org\/{rel}","templated":true}]}}