{"id":23829,"date":"2026-03-12T15:27:12","date_gmt":"2026-03-12T13:27:12","guid":{"rendered":"https:\/\/bitessiulai.lt\/?post_type=product&#038;p=23829"},"modified":"2026-03-12T15:27:13","modified_gmt":"2026-03-12T13:27:13","slug":"knitpro-karbonz-keiciamu-virbalu-rinkinys-13-cm-3-8-mm-deluxe","status":"publish","type":"product","link":"https:\/\/bitessiulai.lt\/fi\/tuote\/knitpro-karbonz-keiciamu-virbalu-rinkinys-13-cm-3-8-mm-deluxe\/","title":{"rendered":"KnitPro Karbonz kei\u010diam\u0173 virbal\u0173 rinkinys 13 cm 3-8 mm Deluxe"},"content":{"rendered":"<p><span dir=\"auto\"><strong>KnitPro Karbonz kei\u010diam\u0173 virbal\u0173 rinkinys 13 cm 3-8 mm Deluxe<\/strong> yra pilnas komplektas su kei\u010diamais 13 cm ilgio virbal\u0173 antgaliais ir priedais. Patvar\u016bs virbal\u0173 antgaliai pagaminti i\u0161 auk\u0161tos kokyb\u0117s anglies pluo\u0161to su cinkuoto \u017ealvario antgaliais. Su a\u0161triais ir palaipsniui smail\u0117jan\u010diais antgaliais galite lengvai megzti nesupl\u0117\u0161ydami si\u016bl\u0173. Be to, virbal\u0173 antgaliai garantuoja gra\u017e\u0173 dygsnio ry\u0161kum\u0105. D\u0117l patvarios med\u017eiagos \u0161iuos virbalus gal\u0117site naudoti daugel\u012f met\u0173. Virbal\u0173 antgalius galima lengvai prijungti prie plieninio valo naudojant patogi\u0105 var\u017et\u0173 sistem\u0105, kuri padengta nailono sluoksniu. Tai daro val\u0105 tvirt\u0105 ir tuo pa\u010diu metu lankst\u0173, leid\u017eiant\u012f dygsniams lengvai slysti nuo virbalo antgali\u0173 ant valo. Valas taip pat turi patogi\u0105 pasukimo sistem\u0105, kuri leid\u017eia virbal\u0173 antgaliams laisvai suktis. Tai neleid\u017eia valui susilenkti ar susisukti. Val\u0173 galuose yra skyl\u0117, \u012f kuri\u0105 \u012fki\u0161amas valo raktas, naudojamas virbalo antgaliui pritvirtinti prie valo. Skyl\u0117s taip pat naudingos norint \u012fki\u0161ti gelb\u0117jimo virv\u0119 \u012f mezgin\u012f, kad saugiai pa\u0161alintum\u0117te darb\u0105 arba surinktum\u0117te i\u0161kritusius akis.<\/span><\/p>\n<p><strong><span dir=\"auto\">Virbal\u0173 rinkin\u012f sudaro \u0161ie elementai:<\/span><\/strong><\/p>\n<ul>\n<li><span dir=\"auto\">9 poros kei\u010diam\u0173 virbal\u0173 \u201eKnitPro Karbonz\u201c, kuri\u0173 ilgis 13 cm, 3,00, 3,50, 4,00, 4,50, 5,00, 5,50, 6,00, 7,00 ir 8,00 mm dyd\u017eiai<\/span><\/li>\n<li><span dir=\"auto\">4 x valai (1 x 60 cm, 2 x 80 cm ir 1 x 100 cm bendras ilgis, \u012fskaitant virbal\u0173 antgalius)<\/span><\/li>\n<li><span dir=\"auto\">8 x vartaank\u00e4rke\u00e4<\/span><\/li>\n<li><span dir=\"auto\">4 x linjan\u00e4pp\u00e4int\u00e4<\/span><\/li>\n<li><span dir=\"auto\">1 x valo jungtis\u00a0<\/span><\/li>\n<\/ul>\n<p>&nbsp;<\/p>\n<p><span dir=\"auto\">Kiekvienas rinkinys supakuotas gra\u017eiame tamsiai pilkame med\u017eiaginiame vokelyje.<\/span><\/p>\n<p>&nbsp;<\/p>\n<p><img fetchpriority=\"high\" decoding=\"async\" class=\"alignnone size-medium wp-image-23832\" src=\"http:\/\/bitessiulai.lt\/wp-content\/uploads\/2026\/03\/K41635-6-300x300.webp\" alt=\"\" width=\"300\" height=\"300\" srcset=\"https:\/\/bitessiulai.lt\/wp-content\/uploads\/2026\/03\/K41635-6-300x300.webp 300w, https:\/\/bitessiulai.lt\/wp-content\/uploads\/2026\/03\/K41635-6-150x150.webp 150w, https:\/\/bitessiulai.lt\/wp-content\/uploads\/2026\/03\/K41635-6-12x12.webp 12w, https:\/\/bitessiulai.lt\/wp-content\/uploads\/2026\/03\/K41635-6.webp 583w\" sizes=\"(max-width: 300px) 100vw, 300px\" \/> <img decoding=\"async\" class=\"alignnone size-medium wp-image-23833\" src=\"http:\/\/bitessiulai.lt\/wp-content\/uploads\/2026\/03\/k41635-4-300x300.webp\" alt=\"\" width=\"300\" height=\"300\" srcset=\"https:\/\/bitessiulai.lt\/wp-content\/uploads\/2026\/03\/k41635-4-300x300.webp 300w, https:\/\/bitessiulai.lt\/wp-content\/uploads\/2026\/03\/k41635-4-150x150.webp 150w, https:\/\/bitessiulai.lt\/wp-content\/uploads\/2026\/03\/k41635-4-12x12.webp 12w, https:\/\/bitessiulai.lt\/wp-content\/uploads\/2026\/03\/k41635-4.webp 583w\" sizes=\"(max-width: 300px) 100vw, 300px\" \/> <img decoding=\"async\" class=\"alignnone size-medium wp-image-23834\" src=\"http:\/\/bitessiulai.lt\/wp-content\/uploads\/2026\/03\/K41635-3-1-300x300.webp\" alt=\"\" width=\"300\" height=\"300\" srcset=\"https:\/\/bitessiulai.lt\/wp-content\/uploads\/2026\/03\/K41635-3-1-300x300.webp 300w, https:\/\/bitessiulai.lt\/wp-content\/uploads\/2026\/03\/K41635-3-1-150x150.webp 150w, https:\/\/bitessiulai.lt\/wp-content\/uploads\/2026\/03\/K41635-3-1-12x12.webp 12w, https:\/\/bitessiulai.lt\/wp-content\/uploads\/2026\/03\/K41635-3-1.webp 583w\" sizes=\"(max-width: 300px) 100vw, 300px\" \/> <img loading=\"lazy\" decoding=\"async\" class=\"alignnone size-medium wp-image-23835\" src=\"http:\/\/bitessiulai.lt\/wp-content\/uploads\/2026\/03\/k41635-3-300x300.webp\" alt=\"\" width=\"300\" height=\"300\" srcset=\"https:\/\/bitessiulai.lt\/wp-content\/uploads\/2026\/03\/k41635-3-300x300.webp 300w, https:\/\/bitessiulai.lt\/wp-content\/uploads\/2026\/03\/k41635-3-150x150.webp 150w, https:\/\/bitessiulai.lt\/wp-content\/uploads\/2026\/03\/k41635-3-12x12.webp 12w, https:\/\/bitessiulai.lt\/wp-content\/uploads\/2026\/03\/k41635-3.webp 583w\" sizes=\"(max-width: 300px) 100vw, 300px\" \/><\/p>","protected":false},"excerpt":{"rendered":"<p>KnitPro Karbonz kei\u010diam\u0173 virbal\u0173 rinkinys 13 cm 3-8 mm Deluxe yra pilnas komplektas su kei\u010diamais 13 cm ilgio virbal\u0173 antgaliais ir priedais. Patvar\u016bs virbal\u0173 antgaliai pagaminti i\u0161 auk\u0161tos kokyb\u0117s anglies pluo\u0161to su cinkuoto \u017ealvario antgaliais. Su a\u0161triais ir palaipsniui smail\u0117jan\u010diais antgaliais galite lengvai megzti nesupl\u0117\u0161ydami si\u016bl\u0173. Be to, virbal\u0173 antgaliai garantuoja gra\u017e\u0173 dygsnio ry\u0161kum\u0105. D\u0117l patvarios med\u017eiagos \u0161iuos virbalus gal\u0117site naudoti daugel\u012f met\u0173. Virbal\u0173 antgalius galima lengvai prijungti prie plieninio valo naudojant patogi\u0105 var\u017et\u0173 sistem\u0105, kuri padengta nailono sluoksniu. Tai daro val\u0105 tvirt\u0105 ir tuo pa\u010diu metu lankst\u0173, leid\u017eiant\u012f dygsniams lengvai slysti nuo virbalo antgali\u0173 ant valo. Valas taip pat turi patogi\u0105 pasukimo sistem\u0105, kuri leid\u017eia virbal\u0173 antgaliams laisvai suktis. Tai neleid\u017eia valui susilenkti ar susisukti. Val\u0173 galuose yra skyl\u0117, \u012f kuri\u0105 \u012fki\u0161amas valo raktas, naudojamas virbalo antgaliui pritvirtinti prie valo. Skyl\u0117s taip pat naudingos norint \u012fki\u0161ti gelb\u0117jimo virv\u0119 \u012f mezgin\u012f, kad saugiai pa\u0161alintum\u0117te darb\u0105 arba surinktum\u0117te i\u0161kritusius akis. Virbal\u0173 rinkin\u012f sudaro \u0161ie elementai: 9 poros kei\u010diam\u0173 virbal\u0173 \u201eKnitPro Karbonz\u201c, kuri\u0173 ilgis 13 cm, 3,00, 3,50, 4,00, 4,50, 5,00, 5,50, 6,00, 7,00 ir 8,00 mm dyd\u017eiai 4 x valai (1 x 60 cm, 2 x 80 cm ir 1 x 100 cm bendras ilgis, \u012fskaitant virbal\u0173 antgalius) 8 x virbal\u0173 galiukai 4 x valo raktai 1 x valo jungtis\u00a0 &nbsp; Kiekvienas rinkinys supakuotas gra\u017eiame tamsiai pilkame med\u017eiaginiame vokelyje. &nbsp;<\/p>","protected":false},"featured_media":23830,"comment_status":"open","ping_status":"closed","template":"","meta":[],"product_brand":[],"product_cat":[2440,180,2123,181],"product_tag":[],"giftcard-category":[],"class_list":{"0":"post-23829","1":"product","2":"type-product","3":"status-publish","4":"has-post-thumbnail","6":"product_cat-knitpro","7":"product_cat-mezgimo-priemones","8":"product_cat-mezgimo-priemoniu-gamintojai","9":"product_cat-virbalu-rinkiniai","11":"first","12":"instock","13":"taxable","14":"shipping-taxable","15":"purchasable","16":"product-type-simple"},"_links":{"self":[{"href":"https:\/\/bitessiulai.lt\/fi\/wp-json\/wp\/v2\/product\/23829","targetHints":{"allow":["GET"]}}],"collection":[{"href":"https:\/\/bitessiulai.lt\/fi\/wp-json\/wp\/v2\/product"}],"about":[{"href":"https:\/\/bitessiulai.lt\/fi\/wp-json\/wp\/v2\/types\/product"}],"replies":[{"embeddable":true,"href":"https:\/\/bitessiulai.lt\/fi\/wp-json\/wp\/v2\/comments?post=23829"}],"version-history":[{"count":1,"href":"https:\/\/bitessiulai.lt\/fi\/wp-json\/wp\/v2\/product\/23829\/revisions"}],"predecessor-version":[{"id":23837,"href":"https:\/\/bitessiulai.lt\/fi\/wp-json\/wp\/v2\/product\/23829\/revisions\/23837"}],"wp:featuredmedia":[{"embeddable":true,"href":"https:\/\/bitessiulai.lt\/fi\/wp-json\/wp\/v2\/media\/23830"}],"wp:attachment":[{"href":"https:\/\/bitessiulai.lt\/fi\/wp-json\/wp\/v2\/media?parent=23829"}],"wp:term":[{"taxonomy":"product_brand","embeddable":true,"href":"https:\/\/bitessiulai.lt\/fi\/wp-json\/wp\/v2\/product_brand?post=23829"},{"taxonomy":"product_cat","embeddable":true,"href":"https:\/\/bitessiulai.lt\/fi\/wp-json\/wp\/v2\/product_cat?post=23829"},{"taxonomy":"product_tag","embeddable":true,"href":"https:\/\/bitessiulai.lt\/fi\/wp-json\/wp\/v2\/product_tag?post=23829"},{"taxonomy":"giftcard-category","embeddable":true,"href":"https:\/\/bitessiulai.lt\/fi\/wp-json\/wp\/v2\/giftcard-category?post=23829"}],"curies":[{"name":"wp","href":"https:\/\/api.w.org\/{rel}","templated":true}]}}