{"id":23148,"date":"2026-02-24T08:09:44","date_gmt":"2026-02-24T06:09:44","guid":{"rendered":"https:\/\/bitessiulai.lt\/?post_type=product&#038;p=23148"},"modified":"2026-04-09T13:20:00","modified_gmt":"2026-04-09T10:20:00","slug":"yarnart-ladder","status":"publish","type":"product","link":"https:\/\/bitessiulai.lt\/fi\/tuote\/yarnart-ladder\/","title":{"rendered":"YarnArt Ladder"},"content":{"rendered":"<p><strong>YarnArt Ladder<\/strong> &#8211; tai spalvingi, blizg\u016bs\u00a0 dekoratyviniai\u00a0 &#8216;kopet\u0117li\u0173&#8217; tipo si\u016blai. Spalvingi, blizg\u016bs intarpai \u012fausti tarp plon\u0173 gij\u0173, tod\u0117l mezginiai \u012fgauna i\u0161rai\u0161king\u0105 vizualin\u012f efekt\u0105 net naudojant papras\u010diausius ra\u0161tus. Puikiai tinka lengviems aksesuarams, \u0161alikams, skarel\u0117ms, mesgimui kartu su kitais si\u016blais efektui i\u0161gauti. Ry\u0161kios spalvos leis pagyvinti J\u016bs\u0173 projektus.<\/p>\n<p>&nbsp;<\/p>\n<p>*N\u00e4yt\u00f6ll\u00e4si n\u00e4kem\u00e4si v\u00e4rit saattavat poiketa hieman langan todellisesta v\u00e4rist\u00e4.<\/p>","protected":false},"excerpt":{"rendered":"<p>Koostumus: 100% polyamidi<\/p>\n<p>Paino\/pituus: 50 g = noin 160 m.<\/p>\n<p>Suositeltu puikkokoko: 4 mm.<\/p>\n<p>Suositeltu koukkukoko: 5 mm.<\/p>","protected":false},"featured_media":23149,"comment_status":"open","ping_status":"closed","template":"","meta":[],"product_brand":[],"product_cat":[173,915,4397,177,178,324,174,175,255],"product_tag":[],"giftcard-category":[],"class_list":{"0":"post-23148","1":"product","2":"type-product","3":"status-publish","4":"has-post-thumbnail","6":"product_cat-siulai","7":"product_cat-dekoratyviniai-siulai","8":"product_cat-ladder","9":"product_cat-mezgimo-siulai","10":"product_cat-nerimo-siulai","11":"product_cat-poliamidas","12":"product_cat-siulu-gamintojai","13":"product_cat-siulu-pluostai","14":"product_cat-yarnart","16":"first","17":"instock","18":"taxable","19":"shipping-taxable","20":"purchasable","21":"product-type-variable"},"_links":{"self":[{"href":"https:\/\/bitessiulai.lt\/fi\/wp-json\/wp\/v2\/product\/23148","targetHints":{"allow":["GET"]}}],"collection":[{"href":"https:\/\/bitessiulai.lt\/fi\/wp-json\/wp\/v2\/product"}],"about":[{"href":"https:\/\/bitessiulai.lt\/fi\/wp-json\/wp\/v2\/types\/product"}],"replies":[{"embeddable":true,"href":"https:\/\/bitessiulai.lt\/fi\/wp-json\/wp\/v2\/comments?post=23148"}],"version-history":[{"count":1,"href":"https:\/\/bitessiulai.lt\/fi\/wp-json\/wp\/v2\/product\/23148\/revisions"}],"predecessor-version":[{"id":23162,"href":"https:\/\/bitessiulai.lt\/fi\/wp-json\/wp\/v2\/product\/23148\/revisions\/23162"}],"wp:featuredmedia":[{"embeddable":true,"href":"https:\/\/bitessiulai.lt\/fi\/wp-json\/wp\/v2\/media\/23149"}],"wp:attachment":[{"href":"https:\/\/bitessiulai.lt\/fi\/wp-json\/wp\/v2\/media?parent=23148"}],"wp:term":[{"taxonomy":"product_brand","embeddable":true,"href":"https:\/\/bitessiulai.lt\/fi\/wp-json\/wp\/v2\/product_brand?post=23148"},{"taxonomy":"product_cat","embeddable":true,"href":"https:\/\/bitessiulai.lt\/fi\/wp-json\/wp\/v2\/product_cat?post=23148"},{"taxonomy":"product_tag","embeddable":true,"href":"https:\/\/bitessiulai.lt\/fi\/wp-json\/wp\/v2\/product_tag?post=23148"},{"taxonomy":"giftcard-category","embeddable":true,"href":"https:\/\/bitessiulai.lt\/fi\/wp-json\/wp\/v2\/giftcard-category?post=23148"}],"curies":[{"name":"wp","href":"https:\/\/api.w.org\/{rel}","templated":true}]}}