{"id":22789,"date":"2026-02-13T12:20:16","date_gmt":"2026-02-13T10:20:16","guid":{"rendered":"https:\/\/bitessiulai.lt\/?post_type=product&#038;p=22789"},"modified":"2026-05-11T15:30:40","modified_gmt":"2026-05-11T12:30:40","slug":"gazzal-exclusive","status":"publish","type":"product","link":"https:\/\/bitessiulai.lt\/fi\/tuote\/gazzal-exclusive\/","title":{"rendered":"Gazzal Exclusive"},"content":{"rendered":"<p><strong>Gazzal Exclusive &#8211;<\/strong> pur\u016bs, itin lengvi mezgimo si\u016blai. Tinkami visiems J\u016bs\u0173 projektams ir mezgimui visiems met\u0173 laikams. Platus spalv\u0173 pasirinkimas leis sukurti gra\u017eiausius J\u016bs\u0173 derinius. Si\u016blas itin plonas ir malonus prie k\u016bno.<\/p>\n<p>&nbsp;<\/p>\n<p>*N\u00e4yt\u00f6ll\u00e4si n\u00e4kem\u00e4si v\u00e4rit saattavat poiketa hieman langan todellisesta v\u00e4rist\u00e4.<\/p>","protected":false},"excerpt":{"rendered":"<p>Sud\u0117tis: 30% mulberry \u0161ilkas, 10% super kid mohera, 60% superwash merino vilna<\/p>\n<p>Svoris\/ilgis: 25 g.= ma\u017edaug 200 m.<\/p>\n<p>Rekomenduojamas virbal\u0173 dydis: 2-3 mm.<\/p>","protected":false},"featured_media":22790,"comment_status":"open","ping_status":"closed","template":"","meta":[],"product_brand":[],"product_cat":[173,4349,947,948,177,362,1283,174,175],"product_tag":[],"giftcard-category":[],"class_list":{"0":"post-22789","1":"product","2":"type-product","3":"status-publish","4":"has-post-thumbnail","6":"product_cat-siulai","7":"product_cat-exclusive","8":"product_cat-gazzal","9":"product_cat-merino-vilna","10":"product_cat-mezgimo-siulai","11":"product_cat-mohera","12":"product_cat-silkas","13":"product_cat-siulu-gamintojai","14":"product_cat-siulu-pluostai","16":"first","17":"instock","18":"taxable","19":"shipping-taxable","20":"purchasable","21":"product-type-variable"},"_links":{"self":[{"href":"https:\/\/bitessiulai.lt\/fi\/wp-json\/wp\/v2\/product\/22789","targetHints":{"allow":["GET"]}}],"collection":[{"href":"https:\/\/bitessiulai.lt\/fi\/wp-json\/wp\/v2\/product"}],"about":[{"href":"https:\/\/bitessiulai.lt\/fi\/wp-json\/wp\/v2\/types\/product"}],"replies":[{"embeddable":true,"href":"https:\/\/bitessiulai.lt\/fi\/wp-json\/wp\/v2\/comments?post=22789"}],"version-history":[{"count":2,"href":"https:\/\/bitessiulai.lt\/fi\/wp-json\/wp\/v2\/product\/22789\/revisions"}],"predecessor-version":[{"id":22866,"href":"https:\/\/bitessiulai.lt\/fi\/wp-json\/wp\/v2\/product\/22789\/revisions\/22866"}],"wp:featuredmedia":[{"embeddable":true,"href":"https:\/\/bitessiulai.lt\/fi\/wp-json\/wp\/v2\/media\/22790"}],"wp:attachment":[{"href":"https:\/\/bitessiulai.lt\/fi\/wp-json\/wp\/v2\/media?parent=22789"}],"wp:term":[{"taxonomy":"product_brand","embeddable":true,"href":"https:\/\/bitessiulai.lt\/fi\/wp-json\/wp\/v2\/product_brand?post=22789"},{"taxonomy":"product_cat","embeddable":true,"href":"https:\/\/bitessiulai.lt\/fi\/wp-json\/wp\/v2\/product_cat?post=22789"},{"taxonomy":"product_tag","embeddable":true,"href":"https:\/\/bitessiulai.lt\/fi\/wp-json\/wp\/v2\/product_tag?post=22789"},{"taxonomy":"giftcard-category","embeddable":true,"href":"https:\/\/bitessiulai.lt\/fi\/wp-json\/wp\/v2\/giftcard-category?post=22789"}],"curies":[{"name":"wp","href":"https:\/\/api.w.org\/{rel}","templated":true}]}}