{"id":21704,"date":"2026-01-16T16:23:56","date_gmt":"2026-01-16T14:23:56","guid":{"rendered":"https:\/\/bitessiulai.lt\/?post_type=product&#038;p=21704"},"modified":"2026-04-27T19:02:00","modified_gmt":"2026-04-27T16:02:00","slug":"ranku-darbo-etikete-rankdarbiams-eko-odos-4vnt","status":"publish","type":"product","link":"https:\/\/bitessiulai.lt\/fi\/tuote\/ranku-darbo-etikete-rankdarbiams-eko-odos-4vnt\/","title":{"rendered":"Rank\u0173 darbo etiket\u0117 rankdarbiams (eko odos) 4vnt"},"content":{"rendered":"<h6><strong>Rank\u0173 darbo etiket\u0117 rankdarbiams (eko odos) 4vnt<\/strong><\/h6>\n<p>Suasmeninkite savo rank\u0173 darbo k\u016brinius madinga dirbtin\u0117s odos etikete. \u0160ias etiketes galima prisi\u016bti ant megzt\u0173, nert\u0173 ar si\u016bt\u0173 drabu\u017ei\u0173, rankini\u0173, mai\u0161eli\u0173 ir daug daugiau! Tai idealiai tinka k\u016brybiniams projektams, skirtiems dovanoti vaikams, draugams ir artimiesiems. Kiekviena etiket\u0117 pagaminta i\u0161 ypa\u010d elastingos dirbtin\u0117s odos, tod\u0117l j\u0105 galima lengvai prisi\u016bti prie pasirinkto audinio.<\/p>\n<h6>Kiekvienoje pakuot\u0117je yra 4 skirtingo dyd\u017eio etiket\u0117s:<\/h6>\n<ul>\n<li>12 x 25 mm<\/li>\n<li>25 x 25 mm<\/li>\n<li>15 x 30 mm<\/li>\n<li>20 x 40 mm<\/li>\n<\/ul>","protected":false},"excerpt":{"rendered":"<p>Rank\u0173 darbo etiket\u0117 rankdarbiams (eko odos) 4vnt Suasmeninkite savo rank\u0173 darbo k\u016brinius madinga dirbtin\u0117s odos etikete. \u0160ias etiketes galima prisi\u016bti ant megzt\u0173, nert\u0173 ar si\u016bt\u0173 drabu\u017ei\u0173, rankini\u0173, mai\u0161eli\u0173 ir daug daugiau! Tai idealiai tinka k\u016brybiniams projektams, skirtiems dovanoti vaikams, draugams ir artimiesiems. Kiekviena etiket\u0117 pagaminta i\u0161 ypa\u010d elastingos dirbtin\u0117s odos, tod\u0117l j\u0105 galima lengvai prisi\u016bti prie pasirinkto audinio. Kiekvienoje pakuot\u0117je yra 4 skirtingo dyd\u017eio etiket\u0117s: 12 x 25 mm 25 x 25 mm 15 x 30 mm 20 x 40 mm<\/p>","protected":false},"featured_media":21705,"comment_status":"open","ping_status":"closed","template":"","meta":[],"product_brand":[],"product_cat":[192,916],"product_tag":[],"giftcard-category":[],"class_list":{"0":"post-21704","1":"product","2":"type-product","3":"status-publish","4":"has-post-thumbnail","6":"product_cat-priedai-mezgimui","7":"product_cat-kitos-priemones","9":"first","10":"instock","11":"taxable","12":"shipping-taxable","13":"purchasable","14":"product-type-variable"},"_links":{"self":[{"href":"https:\/\/bitessiulai.lt\/fi\/wp-json\/wp\/v2\/product\/21704","targetHints":{"allow":["GET"]}}],"collection":[{"href":"https:\/\/bitessiulai.lt\/fi\/wp-json\/wp\/v2\/product"}],"about":[{"href":"https:\/\/bitessiulai.lt\/fi\/wp-json\/wp\/v2\/types\/product"}],"replies":[{"embeddable":true,"href":"https:\/\/bitessiulai.lt\/fi\/wp-json\/wp\/v2\/comments?post=21704"}],"version-history":[{"count":3,"href":"https:\/\/bitessiulai.lt\/fi\/wp-json\/wp\/v2\/product\/21704\/revisions"}],"predecessor-version":[{"id":21722,"href":"https:\/\/bitessiulai.lt\/fi\/wp-json\/wp\/v2\/product\/21704\/revisions\/21722"}],"wp:featuredmedia":[{"embeddable":true,"href":"https:\/\/bitessiulai.lt\/fi\/wp-json\/wp\/v2\/media\/21705"}],"wp:attachment":[{"href":"https:\/\/bitessiulai.lt\/fi\/wp-json\/wp\/v2\/media?parent=21704"}],"wp:term":[{"taxonomy":"product_brand","embeddable":true,"href":"https:\/\/bitessiulai.lt\/fi\/wp-json\/wp\/v2\/product_brand?post=21704"},{"taxonomy":"product_cat","embeddable":true,"href":"https:\/\/bitessiulai.lt\/fi\/wp-json\/wp\/v2\/product_cat?post=21704"},{"taxonomy":"product_tag","embeddable":true,"href":"https:\/\/bitessiulai.lt\/fi\/wp-json\/wp\/v2\/product_tag?post=21704"},{"taxonomy":"giftcard-category","embeddable":true,"href":"https:\/\/bitessiulai.lt\/fi\/wp-json\/wp\/v2\/giftcard-category?post=21704"}],"curies":[{"name":"wp","href":"https:\/\/api.w.org\/{rel}","templated":true}]}}