{"id":21640,"date":"2026-01-15T14:48:39","date_gmt":"2026-01-15T12:48:39","guid":{"rendered":"https:\/\/bitessiulai.lt\/?post_type=product&#038;p=21640"},"modified":"2026-03-08T22:45:27","modified_gmt":"2026-03-08T20:45:27","slug":"7cm-lykke-flight-prisukamu-metaliniu-virbalu-rinkinys-325-650mm","status":"publish","type":"product","link":"https:\/\/bitessiulai.lt\/fi\/tuote\/7cm-lykke-flight-prisukamu-metaliniu-virbalu-rinkinys-325-650mm\/","title":{"rendered":"7cm. LYKKE FLIGHT prisukam\u0173 metalini\u0173 virbal\u0173 rinkinys (3,25-6,50mm)"},"content":{"rendered":"<p data-start=\"96\" data-end=\"509\"><strong>7cm. LYKKE FLIGHT prisukam\u0173 metalini\u0173 virbal\u0173 rinkinys (3,25-6,50mm)<\/strong> &#8211; auk\u0161tos kokyb\u0117s metaliniai prisukami mezgimo virbalai yra smailaus galiuko, 9 cm ilgio (be valo jungties metalin\u0117s dalies \u2013 apie 7 cm). Jie pagaminti i\u0161 tvirto <em data-start=\"473\" data-end=\"507\">316 klas\u0117s ner\u016bdijan\u010dio plieno<\/em>*, yra itin patog\u016bs, lengvi ir tiksl\u016bs, tod\u0117l puikiai tinka smulkesniems mezgimo projektams.<\/p>\n<p data-start=\"601\" data-end=\"804\"><strong>LYKKE FLIGHT rinkin\u012f sudaro:<\/strong><\/p>\n<ul>\n<li><strong>9 kpl ruuvattavia vartaita<\/strong> (3,25 mm, <em>3,5 mm, 3.75 mm, 4.0 mm, 4.5 mm, 5.00mm, 5.5mm, 6.00mm, 6.5mm.)<\/em><\/li>\n<li><strong>4 kpl ruuvattavia letkuja<\/strong> ( 40<em> cm, 50 cm, 60 cm, 80cm)<\/em><\/li>\n<li><strong>2<\/strong> linjayhteydet,<strong> 8<\/strong> jarrut, <strong>4\u00a0<\/strong>kiristysavaimet. Tapin pituus: 7<strong>cm.<\/strong><\/li>\n<\/ul>\n<p><span class=\"weight900\">LYKKE:ss\u00e4<\/span> virbal\u0173 yra i\u0161graviruoti dyd\u017eiai, rinkinys pateiktas gra\u017eiame va\u0161kuoto d\u017eins d\u0117kle su ki\u0161en\u0117liais, kiekviena priemon\u0117 turi savo viet\u0105, tod\u0117l tvarka tikrai garantuota \ud83d\ude42<\/p>\n<p><img fetchpriority=\"high\" decoding=\"async\" class=\"alignnone size-medium wp-image-21644\" src=\"http:\/\/bitessiulai.lt\/wp-content\/uploads\/2026\/01\/unnamed_11_600x-240x300.webp\" alt=\"\" width=\"240\" height=\"300\" srcset=\"https:\/\/bitessiulai.lt\/wp-content\/uploads\/2026\/01\/unnamed_11_600x-240x300.webp 240w, https:\/\/bitessiulai.lt\/wp-content\/uploads\/2026\/01\/unnamed_11_600x-10x12.webp 10w, https:\/\/bitessiulai.lt\/wp-content\/uploads\/2026\/01\/unnamed_11_600x-120x150.webp 120w, https:\/\/bitessiulai.lt\/wp-content\/uploads\/2026\/01\/unnamed_11_600x.webp 600w\" sizes=\"(max-width: 240px) 100vw, 240px\" \/><img decoding=\"async\" class=\"alignnone size-medium wp-image-21645\" src=\"http:\/\/bitessiulai.lt\/wp-content\/uploads\/2026\/01\/Zestaw-KROTKICH-drutow-wymiennych-Lykke-Flight-Maroon-3.5-7.1-cm-9-par-drutow-3.25-6.5-mm-300x300.jpg\" alt=\"\" width=\"300\" height=\"300\" srcset=\"https:\/\/bitessiulai.lt\/wp-content\/uploads\/2026\/01\/Zestaw-KROTKICH-drutow-wymiennych-Lykke-Flight-Maroon-3.5-7.1-cm-9-par-drutow-3.25-6.5-mm-300x300.jpg 300w, https:\/\/bitessiulai.lt\/wp-content\/uploads\/2026\/01\/Zestaw-KROTKICH-drutow-wymiennych-Lykke-Flight-Maroon-3.5-7.1-cm-9-par-drutow-3.25-6.5-mm-150x150.jpg 150w, https:\/\/bitessiulai.lt\/wp-content\/uploads\/2026\/01\/Zestaw-KROTKICH-drutow-wymiennych-Lykke-Flight-Maroon-3.5-7.1-cm-9-par-drutow-3.25-6.5-mm-12x12.jpg 12w, https:\/\/bitessiulai.lt\/wp-content\/uploads\/2026\/01\/Zestaw-KROTKICH-drutow-wymiennych-Lykke-Flight-Maroon-3.5-7.1-cm-9-par-drutow-3.25-6.5-mm-96x96.jpg 96w, https:\/\/bitessiulai.lt\/wp-content\/uploads\/2026\/01\/Zestaw-KROTKICH-drutow-wymiennych-Lykke-Flight-Maroon-3.5-7.1-cm-9-par-drutow-3.25-6.5-mm.jpg 480w\" sizes=\"(max-width: 300px) 100vw, 300px\" \/><\/p>","protected":false},"excerpt":{"rendered":"<p>7cm. LYKKE FLIGHT prisukam\u0173 metalini\u0173 virbal\u0173 rinkinys (3,25-6,50mm) &#8211; auk\u0161tos kokyb\u0117s metaliniai prisukami mezgimo virbalai yra smailaus galiuko, 9 cm ilgio (be valo jungties metalin\u0117s dalies \u2013 apie 7 cm). Jie pagaminti i\u0161 tvirto 316 klas\u0117s ner\u016bdijan\u010dio plieno*, yra itin patog\u016bs, lengvi ir tiksl\u016bs, tod\u0117l puikiai tinka smulkesniems mezgimo projektams. LYKKE FLIGHT rinkin\u012f sudaro: 9vnt. prisukam\u0173 virbal\u0173 (3,25mm, 3,5 mm, 3.75 mm, 4.0 mm, 4.5 mm, 5.00mm, 5.5mm, 6.00mm, 6.5mm.) 4vnt. prisukam\u0173 val\u0173 ( 40 cm, 50 cm, 60 cm, 80cm) 2 val\u0173 jungtys, 8 stabd\u017eiukai, 4\u00a0priver\u017eimo rakteliai. Virbal\u0173 ilgis: 7cm. Ant LYKKE virbal\u0173 yra i\u0161graviruoti dyd\u017eiai, rinkinys pateiktas gra\u017eiame va\u0161kuoto d\u017eins d\u0117kle su ki\u0161en\u0117liais, kiekviena priemon\u0117 turi savo viet\u0105, tod\u0117l tvarka tikrai garantuota \ud83d\ude42<\/p>","protected":false},"featured_media":21642,"comment_status":"open","ping_status":"closed","template":"","meta":[],"product_brand":[],"product_cat":[15,2124,2123,181],"product_tag":[],"giftcard-category":[],"class_list":{"0":"post-21640","1":"product","2":"type-product","3":"status-publish","4":"has-post-thumbnail","6":"product_cat-be-kategorijos","7":"product_cat-lykke","8":"product_cat-mezgimo-priemoniu-gamintojai","9":"product_cat-virbalu-rinkiniai","11":"first","12":"instock","13":"taxable","14":"shipping-taxable","15":"purchasable","16":"product-type-variable"},"_links":{"self":[{"href":"https:\/\/bitessiulai.lt\/fi\/wp-json\/wp\/v2\/product\/21640","targetHints":{"allow":["GET"]}}],"collection":[{"href":"https:\/\/bitessiulai.lt\/fi\/wp-json\/wp\/v2\/product"}],"about":[{"href":"https:\/\/bitessiulai.lt\/fi\/wp-json\/wp\/v2\/types\/product"}],"replies":[{"embeddable":true,"href":"https:\/\/bitessiulai.lt\/fi\/wp-json\/wp\/v2\/comments?post=21640"}],"version-history":[{"count":2,"href":"https:\/\/bitessiulai.lt\/fi\/wp-json\/wp\/v2\/product\/21640\/revisions"}],"predecessor-version":[{"id":21647,"href":"https:\/\/bitessiulai.lt\/fi\/wp-json\/wp\/v2\/product\/21640\/revisions\/21647"}],"wp:featuredmedia":[{"embeddable":true,"href":"https:\/\/bitessiulai.lt\/fi\/wp-json\/wp\/v2\/media\/21642"}],"wp:attachment":[{"href":"https:\/\/bitessiulai.lt\/fi\/wp-json\/wp\/v2\/media?parent=21640"}],"wp:term":[{"taxonomy":"product_brand","embeddable":true,"href":"https:\/\/bitessiulai.lt\/fi\/wp-json\/wp\/v2\/product_brand?post=21640"},{"taxonomy":"product_cat","embeddable":true,"href":"https:\/\/bitessiulai.lt\/fi\/wp-json\/wp\/v2\/product_cat?post=21640"},{"taxonomy":"product_tag","embeddable":true,"href":"https:\/\/bitessiulai.lt\/fi\/wp-json\/wp\/v2\/product_tag?post=21640"},{"taxonomy":"giftcard-category","embeddable":true,"href":"https:\/\/bitessiulai.lt\/fi\/wp-json\/wp\/v2\/giftcard-category?post=21640"}],"curies":[{"name":"wp","href":"https:\/\/api.w.org\/{rel}","templated":true}]}}