{"id":21612,"date":"2026-01-15T12:39:50","date_gmt":"2026-01-15T10:39:50","guid":{"rendered":"https:\/\/bitessiulai.lt\/?post_type=product&#038;p=21612"},"modified":"2026-03-08T20:03:10","modified_gmt":"2026-03-08T18:03:10","slug":"115cm-lykke-indigo-starter-prisukamu-mediniu-virbalu-rinkinys-2","status":"publish","type":"product","link":"https:\/\/bitessiulai.lt\/fi\/tuote\/115cm-lykke-indigo-starter-prisukamu-mediniu-virbalu-rinkinys-2\/","title":{"rendered":"11,5cm. LYKKE INDIGO STARTER prisukam\u0173 medini\u0173 virbal\u0173 rinkinys"},"content":{"rendered":"<h6><strong>LYKKE INDIGO STARTER prisukam\u0173 medini\u0173 virbal\u0173 rinkinys :<\/strong><\/h6>\n<ul>\n<li><strong>8 kpl ruuvattavia vartaita<\/strong> (3,25 mm, <em>3,5 mm, 3,75 mm, 4,0 mm, 4,5 mm, 5,00 mm, 5,5 mm, 6,00 mm.)<\/em><\/li>\n<li><strong>3 kpl ruuvattavia letkuja<\/strong> ( 60<em> (cm, 80 cm, 100 cm)<\/em><\/li>\n<li><strong>2<\/strong> linjayhteydet,<strong> 6<\/strong>\u00a0jarrut, <strong>2 <\/strong>kiristysavaimet. Tappien pituus: <strong>11,5 cm.<\/strong><\/li>\n<\/ul>\n<p><img fetchpriority=\"high\" decoding=\"async\" class=\"alignnone size-medium wp-image-21607\" src=\"http:\/\/bitessiulai.lt\/wp-content\/uploads\/2026\/01\/indigo-278x300.webp\" alt=\"\" width=\"278\" height=\"300\" srcset=\"https:\/\/bitessiulai.lt\/wp-content\/uploads\/2026\/01\/indigo-278x300.webp 278w, https:\/\/bitessiulai.lt\/wp-content\/uploads\/2026\/01\/indigo-768x827.webp 768w, https:\/\/bitessiulai.lt\/wp-content\/uploads\/2026\/01\/indigo-11x12.webp 11w, https:\/\/bitessiulai.lt\/wp-content\/uploads\/2026\/01\/indigo-600x646.webp 600w, https:\/\/bitessiulai.lt\/wp-content\/uploads\/2026\/01\/indigo-139x150.webp 139w, https:\/\/bitessiulai.lt\/wp-content\/uploads\/2026\/01\/indigo.webp 776w\" sizes=\"(max-width: 278px) 100vw, 278px\" \/><\/p>\n<p><b>LYKKE INDIGO STARTER <\/b>\u2013 n\u00e4m\u00e4 ovat k\u00e4sintehtyj\u00e4, korkealaatuisia neuloja, jotka on valmistettu luonnonkoivupuusta.<\/p>\n<p>Neuloilla on oma ainutlaatuinen v\u00e4ris\u00e4vyns\u00e4, joten jokainen setin neula voi vaihdella hieman.<\/p>\n<p><span class=\"weight900\">LYKKE:ss\u00e4<\/span> Neulojen koot on kaiverrettu, sarja toimitetaan kauniissa ekonahkakotelossa, jossa on taskut, jokaisella ty\u00f6kalulla on oma paikkansa, joten tilaus on todella taattu \ud83d\ude42<\/p>","protected":false},"excerpt":{"rendered":"<p>LYKKE INDIGO STARTER prisukam\u0173 medini\u0173 virbal\u0173 rinkinys : 8vnt. prisukam\u0173 virbal\u0173 (3,25mm, 3,5 mm, 3.75 mm, 4.0 mm, 4.5 mm, 5.00mm, 5.5mm, 6.00mm.) 3vnt. prisukam\u0173 val\u0173 ( 60 cm, 80 cm, 100 cm) 2 val\u0173 jungtys, 6\u00a0stabd\u017eiukai, 2 priver\u017eimo rakteliai. Virbal\u0173 ilgis: 11,5cm. LYKKE INDIGO STARTER \u2013 tai rank\u0173 darbo, auk\u0161tos kokyb\u0117s virbalai, pagaminti i\u0161 nat\u016bralios ber\u017eo medienos. Virbalai pasi\u017eymi savo unikaliu spalvos atpalviu, tod\u0117l kiekvienas virbalas rinkinyje gali \u0161iektiek skirtis. Ant LYKKE virbal\u0173 yra i\u0161graviruoti dyd\u017eiai, rinkinys pateiktas gra\u017eiame eko odos d\u0117kle su ki\u0161en\u0117liais, kiekviena priemon\u0117 turi savo viet\u0105, tod\u0117l tvarka tikrai garantuota \ud83d\ude42<\/p>","protected":false},"featured_media":21613,"comment_status":"open","ping_status":"closed","template":"","meta":[],"product_brand":[],"product_cat":[2124,2123,181],"product_tag":[],"giftcard-category":[],"class_list":{"0":"post-21612","1":"product","2":"type-product","3":"status-publish","4":"has-post-thumbnail","6":"product_cat-lykke","7":"product_cat-mezgimo-priemoniu-gamintojai","8":"product_cat-virbalu-rinkiniai","10":"first","11":"outofstock","12":"taxable","13":"shipping-taxable","14":"purchasable","15":"product-type-simple"},"_links":{"self":[{"href":"https:\/\/bitessiulai.lt\/fi\/wp-json\/wp\/v2\/product\/21612","targetHints":{"allow":["GET"]}}],"collection":[{"href":"https:\/\/bitessiulai.lt\/fi\/wp-json\/wp\/v2\/product"}],"about":[{"href":"https:\/\/bitessiulai.lt\/fi\/wp-json\/wp\/v2\/types\/product"}],"replies":[{"embeddable":true,"href":"https:\/\/bitessiulai.lt\/fi\/wp-json\/wp\/v2\/comments?post=21612"}],"version-history":[{"count":3,"href":"https:\/\/bitessiulai.lt\/fi\/wp-json\/wp\/v2\/product\/21612\/revisions"}],"predecessor-version":[{"id":21619,"href":"https:\/\/bitessiulai.lt\/fi\/wp-json\/wp\/v2\/product\/21612\/revisions\/21619"}],"wp:featuredmedia":[{"embeddable":true,"href":"https:\/\/bitessiulai.lt\/fi\/wp-json\/wp\/v2\/media\/21613"}],"wp:attachment":[{"href":"https:\/\/bitessiulai.lt\/fi\/wp-json\/wp\/v2\/media?parent=21612"}],"wp:term":[{"taxonomy":"product_brand","embeddable":true,"href":"https:\/\/bitessiulai.lt\/fi\/wp-json\/wp\/v2\/product_brand?post=21612"},{"taxonomy":"product_cat","embeddable":true,"href":"https:\/\/bitessiulai.lt\/fi\/wp-json\/wp\/v2\/product_cat?post=21612"},{"taxonomy":"product_tag","embeddable":true,"href":"https:\/\/bitessiulai.lt\/fi\/wp-json\/wp\/v2\/product_tag?post=21612"},{"taxonomy":"giftcard-category","embeddable":true,"href":"https:\/\/bitessiulai.lt\/fi\/wp-json\/wp\/v2\/giftcard-category?post=21612"}],"curies":[{"name":"wp","href":"https:\/\/api.w.org\/{rel}","templated":true}]}}