{"id":21594,"date":"2026-01-15T12:22:21","date_gmt":"2026-01-15T10:22:21","guid":{"rendered":"https:\/\/bitessiulai.lt\/?post_type=product&#038;p=21594"},"modified":"2026-01-15T12:22:22","modified_gmt":"2026-01-15T10:22:22","slug":"115cm-lykke-colour-starter-prisukamu-mediniu-virbalu-rinkinys-juodas","status":"publish","type":"product","link":"https:\/\/bitessiulai.lt\/fi\/tuote\/115cm-lykke-colour-starter-prisukamu-mediniu-virbalu-rinkinys-juodas\/","title":{"rendered":"11,5cm. LYKKE COLOUR STARTER prisukam\u0173 medini\u0173 virbal\u0173 rinkinys (juodas)"},"content":{"rendered":"<h6>LYKKE COLOUR STARTER -ruuvattavat puiset varrastikut:<\/h6>\n<ul>\n<li><strong>8 kpl ruuvattavia vartaita<\/strong> (<em>3,25 mm, 3,5 mm, 3,75 mm, 4,0 mm, 4,5 mm, 5,0 mm, 5,5 mm, 6,0 mm)<\/em><\/li>\n<li><strong>3 kpl ruuvattavia letkuja<\/strong> ( <em>60 cm, 80 cm, 100 cm)<\/em><\/li>\n<li><strong>2<\/strong> linjayhteydet, <strong>6 <\/strong>jarrut<strong>, 2<\/strong>\u00a0kiristysavaimet. Neulan pituus: 11,5 cm.<\/li>\n<\/ul>\n<p><img fetchpriority=\"high\" decoding=\"async\" class=\"alignnone size-full wp-image-21596\" src=\"http:\/\/bitessiulai.lt\/wp-content\/uploads\/2026\/01\/Colour_05_87a0ea0d-9c1c-4290-9772-858a337f2cac_1024x1024-300x200-1.webp\" alt=\"\" width=\"300\" height=\"200\" srcset=\"https:\/\/bitessiulai.lt\/wp-content\/uploads\/2026\/01\/Colour_05_87a0ea0d-9c1c-4290-9772-858a337f2cac_1024x1024-300x200-1.webp 300w, https:\/\/bitessiulai.lt\/wp-content\/uploads\/2026\/01\/Colour_05_87a0ea0d-9c1c-4290-9772-858a337f2cac_1024x1024-300x200-1-18x12.webp 18w, https:\/\/bitessiulai.lt\/wp-content\/uploads\/2026\/01\/Colour_05_87a0ea0d-9c1c-4290-9772-858a337f2cac_1024x1024-300x200-1-150x100.webp 150w\" sizes=\"(max-width: 300px) 100vw, 300px\" \/><\/p>\n<p><b>LYKKE V\u00c4RIN ALOITUS <\/b>\u2013 n\u00e4m\u00e4 ovat k\u00e4sintehtyj\u00e4, korkealaatuisia neuloja, jotka on valmistettu luonnonkoivupuusta.<\/p>\n<p>Neuloilla on oma ainutlaatuinen v\u00e4ris\u00e4vyns\u00e4, joten jokainen setin neula voi vaihdella hieman.<\/p>\n<p><span class=\"weight900\">LYKKE:ss\u00e4<\/span> Neulojen koot on kaiverrettu, sarja toimitetaan kauniissa ekonahkakotelossa, jossa on taskut, jokaisella ty\u00f6kalulla on oma paikkansa, joten tilaus on todella taattu \ud83d\ude42<\/p>","protected":false},"excerpt":{"rendered":"<p>LYKKE COLOUR STARTER prisukam\u0173 medini\u0173 virbal\u0173 rinkinys: 8vnt. prisukam\u0173 virbal\u0173 (3,25 mm, 3.5 mm, 3.75 mm, 4.0 mm, 4.5 mm, 5.0 mm, 5.5 mm, 6.0 mm) 3vnt. prisukam\u0173 val\u0173 ( 60 cm, 80 cm, 100 cm) 2 val\u0173 jungtys, 6 stabd\u017eiukai, 2\u00a0priver\u017eimo rakteliai. Virbal\u0173 ilgis: 11,5cm. LYKKE COLOUR STARTER \u2013 tai rank\u0173 darbo, auk\u0161tos kokyb\u0117s virbalai, pagaminti i\u0161 nat\u016bralios ber\u017eo medienos. Virbalai pasi\u017eymi savo unikaliu spalvos atpalviu, tod\u0117l kiekvienas virbalas rinkinyje gali \u0161iektiek skirtis. Ant LYKKE virbal\u0173 yra i\u0161graviruoti dyd\u017eiai, rinkinys pateiktas gra\u017eiame eko odos d\u0117kle su ki\u0161en\u0117liais, kiekviena priemon\u0117 turi savo viet\u0105, tod\u0117l tvarka tikrai garantuota \ud83d\ude42<\/p>","protected":false},"featured_media":21597,"comment_status":"open","ping_status":"closed","template":"","meta":[],"product_brand":[],"product_cat":[2123,2124,181],"product_tag":[],"giftcard-category":[],"class_list":{"0":"post-21594","1":"product","2":"type-product","3":"status-publish","4":"has-post-thumbnail","6":"product_cat-mezgimo-priemoniu-gamintojai","7":"product_cat-lykke","8":"product_cat-virbalu-rinkiniai","10":"first","11":"instock","12":"taxable","13":"shipping-taxable","14":"purchasable","15":"product-type-simple"},"_links":{"self":[{"href":"https:\/\/bitessiulai.lt\/fi\/wp-json\/wp\/v2\/product\/21594","targetHints":{"allow":["GET"]}}],"collection":[{"href":"https:\/\/bitessiulai.lt\/fi\/wp-json\/wp\/v2\/product"}],"about":[{"href":"https:\/\/bitessiulai.lt\/fi\/wp-json\/wp\/v2\/types\/product"}],"replies":[{"embeddable":true,"href":"https:\/\/bitessiulai.lt\/fi\/wp-json\/wp\/v2\/comments?post=21594"}],"version-history":[{"count":1,"href":"https:\/\/bitessiulai.lt\/fi\/wp-json\/wp\/v2\/product\/21594\/revisions"}],"predecessor-version":[{"id":21598,"href":"https:\/\/bitessiulai.lt\/fi\/wp-json\/wp\/v2\/product\/21594\/revisions\/21598"}],"wp:featuredmedia":[{"embeddable":true,"href":"https:\/\/bitessiulai.lt\/fi\/wp-json\/wp\/v2\/media\/21597"}],"wp:attachment":[{"href":"https:\/\/bitessiulai.lt\/fi\/wp-json\/wp\/v2\/media?parent=21594"}],"wp:term":[{"taxonomy":"product_brand","embeddable":true,"href":"https:\/\/bitessiulai.lt\/fi\/wp-json\/wp\/v2\/product_brand?post=21594"},{"taxonomy":"product_cat","embeddable":true,"href":"https:\/\/bitessiulai.lt\/fi\/wp-json\/wp\/v2\/product_cat?post=21594"},{"taxonomy":"product_tag","embeddable":true,"href":"https:\/\/bitessiulai.lt\/fi\/wp-json\/wp\/v2\/product_tag?post=21594"},{"taxonomy":"giftcard-category","embeddable":true,"href":"https:\/\/bitessiulai.lt\/fi\/wp-json\/wp\/v2\/giftcard-category?post=21594"}],"curies":[{"name":"wp","href":"https:\/\/api.w.org\/{rel}","templated":true}]}}