{"id":21005,"date":"2025-12-19T17:28:30","date_gmt":"2025-12-19T15:28:30","guid":{"rendered":"https:\/\/bitessiulai.lt\/?post_type=product&#038;p=21005"},"modified":"2026-03-12T14:53:51","modified_gmt":"2026-03-12T12:53:51","slug":"gleener-compact-audiniu-sukos-ir-pukeliu-sepetelis","status":"publish","type":"product","link":"https:\/\/bitessiulai.lt\/fi\/tuote\/gleener-compact-audiniu-sukos-ir-pukeliu-sepetelis\/","title":{"rendered":"Gleener Compact audini\u0173 \u0161ukos ir p\u016bkeli\u0173 \u0161epet\u0117lis"},"content":{"rendered":"<p><span dir=\"auto\">\u00a0<\/span><b><span dir=\"auto\">\u201eGleener Compact audini\u0173 \u0161ukos ir p\u016bkeli\u0173 \u0161epet\u0117lis\u201c<\/span><\/b><span dir=\"auto\">\u00a0 yra labai patogus kelyje ir lengvai ne\u0161iojamas su savimi d\u0117l ma\u017eo dyd\u017eio. Jis pad\u0117s j\u016bs\u0173 drabu\u017eiams, baldams ir nam\u0173 aksesuarams tarnauti ilgiau, atrodyti geriau, kad gal\u0117tum\u0117te jais ilgiau d\u017eiaugtis. Jis apsaugo sintetinius, medvilninius ir vilnonius audinius nuo p\u016bkeli\u0173. Trintis, skalbimas ar d\u0117v\u0117jimas gali sukelti audinio pumpuravim\u0105. D\u0117l to visas pavir\u0161ius pasidengia p\u016bkeliais, tod\u0117l jis staiga atrodo senas ir susid\u0117v\u0117j\u0119s. Su \u0161iomis audini\u0173 \u0161ukomis, tai\u00a0 greitai taps praeitimi.<\/span><\/p>\n<p><strong><span dir=\"auto\">\u201eGleener\u201c audini\u0173 \u0161ukos patogiai telpa rankoje d\u0117l savo ergonomi\u0161ko dizaino ir turi tris skirtingus priedus-kra\u0161tus, kuriuos galima pritvirtinti prie vieno galo:<\/span><\/strong><\/p>\n<p>&nbsp;<\/p>\n<ul>\n<li><strong><span dir=\"auto\">Reuna 1: Sopii paksuille villakankaille, matoille, karkeille neulotuille huiveille ja paksummista kankaista valmistetuille huonekalujen verhoiluille<\/span><\/strong><\/li>\n<li><strong><span dir=\"auto\">Reuna 2: sopii materiaaleille, kuten kashmirille, merinovillalle ja muille hienommille villalaaduille<\/span><\/strong><\/li>\n<li><strong><span dir=\"auto\">Reuna 3: sopii kevyille kes\u00e4neuleille, T-paidoille, silkille ja muille herkille kankaille<\/span><\/strong><\/li>\n<\/ul>\n<p>&nbsp;<\/p>\n<p><span dir=\"auto\">Nenaudojamus priedus galite laikyti plastikiniame korpuse \u2013 labai patogu! \u201eGleener\u201c audini\u0173 \u0161ukos taip pat naudojamos kaip p\u016bkeli\u0173 surinktuvas, pavyzd\u017eiui, dulk\u0117ms, p\u016bkeliams ir gyv\u016bn\u0173 plaukams nuo drabu\u017ei\u0173 pa\u0161alinti. \u201eGleener\u201c audini\u0173 \u0161ukoms naudoti nereikia maitinimo ar baterij\u0173, tod\u0117l jis labai draugi\u0161kas aplinkai. Kiekvienoje pakuot\u0117je yra \u201eGleener Compact\u201c audini\u0173 \u0161ukos su 3 priedais ir patogiu kelioniniu bei laikymo krep\u0161iu.\u00a0<\/span><\/p>\n<p><img fetchpriority=\"high\" decoding=\"async\" class=\"alignnone size-medium wp-image-21008\" src=\"http:\/\/bitessiulai.lt\/wp-content\/uploads\/2025\/12\/tgl-ct-int-5-300x300.webp\" alt=\"\" width=\"300\" height=\"300\" srcset=\"https:\/\/bitessiulai.lt\/wp-content\/uploads\/2025\/12\/tgl-ct-int-5-300x300.webp 300w, https:\/\/bitessiulai.lt\/wp-content\/uploads\/2025\/12\/tgl-ct-int-5-150x150.webp 150w, https:\/\/bitessiulai.lt\/wp-content\/uploads\/2025\/12\/tgl-ct-int-5-12x12.webp 12w, https:\/\/bitessiulai.lt\/wp-content\/uploads\/2025\/12\/tgl-ct-int-5-600x600.webp 600w, https:\/\/bitessiulai.lt\/wp-content\/uploads\/2025\/12\/tgl-ct-int-5-96x96.webp 96w, https:\/\/bitessiulai.lt\/wp-content\/uploads\/2025\/12\/tgl-ct-int-5.webp 700w\" sizes=\"(max-width: 300px) 100vw, 300px\" \/> <img decoding=\"async\" class=\"alignnone size-medium wp-image-21009\" src=\"http:\/\/bitessiulai.lt\/wp-content\/uploads\/2025\/12\/tgl-ct-int-4-300x300.webp\" alt=\"\" width=\"300\" height=\"300\" srcset=\"https:\/\/bitessiulai.lt\/wp-content\/uploads\/2025\/12\/tgl-ct-int-4-300x300.webp 300w, https:\/\/bitessiulai.lt\/wp-content\/uploads\/2025\/12\/tgl-ct-int-4-150x150.webp 150w, https:\/\/bitessiulai.lt\/wp-content\/uploads\/2025\/12\/tgl-ct-int-4-12x12.webp 12w, https:\/\/bitessiulai.lt\/wp-content\/uploads\/2025\/12\/tgl-ct-int-4-600x600.webp 600w, https:\/\/bitessiulai.lt\/wp-content\/uploads\/2025\/12\/tgl-ct-int-4-96x96.webp 96w, https:\/\/bitessiulai.lt\/wp-content\/uploads\/2025\/12\/tgl-ct-int-4.webp 700w\" sizes=\"(max-width: 300px) 100vw, 300px\" \/> <img decoding=\"async\" class=\"alignnone size-medium wp-image-21010\" src=\"http:\/\/bitessiulai.lt\/wp-content\/uploads\/2025\/12\/tgl-ct-int-6-300x300.webp\" alt=\"\" width=\"300\" height=\"300\" srcset=\"https:\/\/bitessiulai.lt\/wp-content\/uploads\/2025\/12\/tgl-ct-int-6-300x300.webp 300w, https:\/\/bitessiulai.lt\/wp-content\/uploads\/2025\/12\/tgl-ct-int-6-150x150.webp 150w, https:\/\/bitessiulai.lt\/wp-content\/uploads\/2025\/12\/tgl-ct-int-6-12x12.webp 12w, https:\/\/bitessiulai.lt\/wp-content\/uploads\/2025\/12\/tgl-ct-int-6-600x600.webp 600w, https:\/\/bitessiulai.lt\/wp-content\/uploads\/2025\/12\/tgl-ct-int-6-96x96.webp 96w, https:\/\/bitessiulai.lt\/wp-content\/uploads\/2025\/12\/tgl-ct-int-6.webp 700w\" sizes=\"(max-width: 300px) 100vw, 300px\" \/> <img loading=\"lazy\" decoding=\"async\" class=\"alignnone size-medium wp-image-21011\" src=\"http:\/\/bitessiulai.lt\/wp-content\/uploads\/2025\/12\/tgl-ct-int-3-300x300.webp\" alt=\"\" width=\"300\" height=\"300\" srcset=\"https:\/\/bitessiulai.lt\/wp-content\/uploads\/2025\/12\/tgl-ct-int-3-300x300.webp 300w, https:\/\/bitessiulai.lt\/wp-content\/uploads\/2025\/12\/tgl-ct-int-3-150x150.webp 150w, https:\/\/bitessiulai.lt\/wp-content\/uploads\/2025\/12\/tgl-ct-int-3-12x12.webp 12w, https:\/\/bitessiulai.lt\/wp-content\/uploads\/2025\/12\/tgl-ct-int-3-600x600.webp 600w, https:\/\/bitessiulai.lt\/wp-content\/uploads\/2025\/12\/tgl-ct-int-3-96x96.webp 96w, https:\/\/bitessiulai.lt\/wp-content\/uploads\/2025\/12\/tgl-ct-int-3.webp 700w\" sizes=\"(max-width: 300px) 100vw, 300px\" \/><\/p>","protected":false},"excerpt":{"rendered":"<p>\u00a0\u201eGleener Compact audini\u0173 \u0161ukos ir p\u016bkeli\u0173 \u0161epet\u0117lis\u201c\u00a0 yra labai patogus kelyje ir lengvai ne\u0161iojamas su savimi d\u0117l ma\u017eo dyd\u017eio. Jis pad\u0117s j\u016bs\u0173 drabu\u017eiams, baldams ir nam\u0173 aksesuarams tarnauti ilgiau, atrodyti geriau, kad gal\u0117tum\u0117te jais ilgiau d\u017eiaugtis. Jis apsaugo sintetinius, medvilninius ir vilnonius audinius nuo p\u016bkeli\u0173. Trintis, skalbimas ar d\u0117v\u0117jimas gali sukelti audinio pumpuravim\u0105. D\u0117l to visas pavir\u0161ius pasidengia p\u016bkeliais, tod\u0117l jis staiga atrodo senas ir susid\u0117v\u0117j\u0119s. Su \u0161iomis audini\u0173 \u0161ukomis, tai\u00a0 greitai taps praeitimi. \u201eGleener\u201c audini\u0173 \u0161ukos patogiai telpa rankoje d\u0117l savo ergonomi\u0161ko dizaino ir turi tris skirtingus priedus-kra\u0161tus, kuriuos galima pritvirtinti prie vieno galo: &nbsp; 1 kra\u0161tas: tinka storiems, vilnoniams audiniams, kilimams, \u0161iurk\u0161tiems megztiems \u0161alikams ir bald\u0173 apmu\u0161alams, pagamintiems i\u0161 sunkesni\u0173 audini\u0173 2 kra\u0161tas: tinka tokioms med\u017eiagoms kaip ka\u0161myras, merino vilna ir kitos smulkesn\u0117s vilnos r\u016b\u0161ys 3 kra\u0161tas: tinka lengviems vasariniams megztiniams, mar\u0161kin\u0117liams, \u0161ilkui ir kitiems subtiliems audiniams &nbsp; Nenaudojamus priedus galite laikyti plastikiniame korpuse \u2013 labai patogu! \u201eGleener\u201c audini\u0173 \u0161ukos taip pat naudojamos kaip p\u016bkeli\u0173 surinktuvas, pavyzd\u017eiui, dulk\u0117ms, p\u016bkeliams ir gyv\u016bn\u0173 plaukams nuo drabu\u017ei\u0173 pa\u0161alinti. \u201eGleener\u201c audini\u0173 \u0161ukoms naudoti nereikia maitinimo ar baterij\u0173, tod\u0117l jis labai draugi\u0161kas aplinkai. Kiekvienoje pakuot\u0117je yra \u201eGleener Compact\u201c audini\u0173 \u0161ukos su 3 priedais ir patogiu kelioniniu bei laikymo krep\u0161iu.\u00a0<\/p>","protected":false},"featured_media":21006,"comment_status":"open","ping_status":"closed","template":"","meta":[],"product_brand":[],"product_cat":[192,203],"product_tag":[],"giftcard-category":[],"class_list":{"0":"post-21005","1":"product","2":"type-product","3":"status-publish","4":"has-post-thumbnail","6":"product_cat-priedai-mezgimui","7":"product_cat-mezginiu-prieziura","9":"first","10":"instock","11":"taxable","12":"shipping-taxable","13":"purchasable","14":"product-type-simple"},"_links":{"self":[{"href":"https:\/\/bitessiulai.lt\/fi\/wp-json\/wp\/v2\/product\/21005","targetHints":{"allow":["GET"]}}],"collection":[{"href":"https:\/\/bitessiulai.lt\/fi\/wp-json\/wp\/v2\/product"}],"about":[{"href":"https:\/\/bitessiulai.lt\/fi\/wp-json\/wp\/v2\/types\/product"}],"replies":[{"embeddable":true,"href":"https:\/\/bitessiulai.lt\/fi\/wp-json\/wp\/v2\/comments?post=21005"}],"version-history":[{"count":1,"href":"https:\/\/bitessiulai.lt\/fi\/wp-json\/wp\/v2\/product\/21005\/revisions"}],"predecessor-version":[{"id":21012,"href":"https:\/\/bitessiulai.lt\/fi\/wp-json\/wp\/v2\/product\/21005\/revisions\/21012"}],"wp:featuredmedia":[{"embeddable":true,"href":"https:\/\/bitessiulai.lt\/fi\/wp-json\/wp\/v2\/media\/21006"}],"wp:attachment":[{"href":"https:\/\/bitessiulai.lt\/fi\/wp-json\/wp\/v2\/media?parent=21005"}],"wp:term":[{"taxonomy":"product_brand","embeddable":true,"href":"https:\/\/bitessiulai.lt\/fi\/wp-json\/wp\/v2\/product_brand?post=21005"},{"taxonomy":"product_cat","embeddable":true,"href":"https:\/\/bitessiulai.lt\/fi\/wp-json\/wp\/v2\/product_cat?post=21005"},{"taxonomy":"product_tag","embeddable":true,"href":"https:\/\/bitessiulai.lt\/fi\/wp-json\/wp\/v2\/product_tag?post=21005"},{"taxonomy":"giftcard-category","embeddable":true,"href":"https:\/\/bitessiulai.lt\/fi\/wp-json\/wp\/v2\/giftcard-category?post=21005"}],"curies":[{"name":"wp","href":"https:\/\/api.w.org\/{rel}","templated":true}]}}