{"id":19089,"date":"2025-11-04T10:05:15","date_gmt":"2025-11-04T08:05:15","guid":{"rendered":"https:\/\/bitessiulai.lt\/?post_type=product&#038;p=19089"},"modified":"2026-05-07T11:07:39","modified_gmt":"2026-05-07T08:07:39","slug":"silke-fleurdalise","status":"publish","type":"product","link":"https:\/\/bitessiulai.lt\/fi\/tuote\/silke-fleurdalise\/","title":{"rendered":"Silke Fleurdalise"},"content":{"rendered":"<p><strong>Silke Fleurdalise<\/strong> &#8211; ilgo ir tankaus plauko moheros si\u016blas. Labai pur\u016bs, mink\u0161ti bei \u0161veln\u016bs si\u016blai, puikiai\u00a0tinkantys lengviems, p\u016bkuotiems ir eleganti\u0161kiems mezginiams.<\/p>\n<p>*N\u00e4yt\u00f6ll\u00e4si n\u00e4kem\u00e4si v\u00e4rit saattavat poiketa hieman langan todellisesta v\u00e4rist\u00e4.<\/p>\n<h4 class=\"imHeading4\"><span dir=\"auto\">\u00a0<\/span><\/h4>","protected":false},"excerpt":{"rendered":"<p>Sud\u0117tis: 80% mohera, 20% poliesteris<\/p>\n<p>Svoris\/ilgis: 25 g.= ma\u017edaug 250 m.<\/p>\n<p>Suositeltu puikkokoko: 3\u20134 mm.<\/p>","protected":false},"featured_media":19173,"comment_status":"open","ping_status":"closed","template":"","meta":[],"product_brand":[],"product_cat":[173,3854,217,177,362,3718,328,3815,175],"product_tag":[],"giftcard-category":[],"class_list":{"0":"post-19089","1":"product","2":"type-product","3":"status-publish","4":"has-post-thumbnail","6":"product_cat-siulai","7":"product_cat-fleurdalise","8":"product_cat-isparduotuve","9":"product_cat-mezgimo-siulai","10":"product_cat-mohera","11":"product_cat-naujienos","12":"product_cat-poliesteris","13":"product_cat-silke","14":"product_cat-siulu-pluostai","16":"first","17":"instock","18":"sale","19":"taxable","20":"shipping-taxable","21":"purchasable","22":"product-type-variable"},"_links":{"self":[{"href":"https:\/\/bitessiulai.lt\/fi\/wp-json\/wp\/v2\/product\/19089","targetHints":{"allow":["GET"]}}],"collection":[{"href":"https:\/\/bitessiulai.lt\/fi\/wp-json\/wp\/v2\/product"}],"about":[{"href":"https:\/\/bitessiulai.lt\/fi\/wp-json\/wp\/v2\/types\/product"}],"replies":[{"embeddable":true,"href":"https:\/\/bitessiulai.lt\/fi\/wp-json\/wp\/v2\/comments?post=19089"}],"version-history":[{"count":1,"href":"https:\/\/bitessiulai.lt\/fi\/wp-json\/wp\/v2\/product\/19089\/revisions"}],"predecessor-version":[{"id":22663,"href":"https:\/\/bitessiulai.lt\/fi\/wp-json\/wp\/v2\/product\/19089\/revisions\/22663"}],"wp:featuredmedia":[{"embeddable":true,"href":"https:\/\/bitessiulai.lt\/fi\/wp-json\/wp\/v2\/media\/19173"}],"wp:attachment":[{"href":"https:\/\/bitessiulai.lt\/fi\/wp-json\/wp\/v2\/media?parent=19089"}],"wp:term":[{"taxonomy":"product_brand","embeddable":true,"href":"https:\/\/bitessiulai.lt\/fi\/wp-json\/wp\/v2\/product_brand?post=19089"},{"taxonomy":"product_cat","embeddable":true,"href":"https:\/\/bitessiulai.lt\/fi\/wp-json\/wp\/v2\/product_cat?post=19089"},{"taxonomy":"product_tag","embeddable":true,"href":"https:\/\/bitessiulai.lt\/fi\/wp-json\/wp\/v2\/product_tag?post=19089"},{"taxonomy":"giftcard-category","embeddable":true,"href":"https:\/\/bitessiulai.lt\/fi\/wp-json\/wp\/v2\/giftcard-category?post=19089"}],"curies":[{"name":"wp","href":"https:\/\/api.w.org\/{rel}","templated":true}]}}