{"id":18450,"date":"2025-10-13T15:02:47","date_gmt":"2025-10-13T12:02:47","guid":{"rendered":"https:\/\/bitessiulai.lt\/?post_type=product&#038;p=18450"},"modified":"2026-04-22T19:30:04","modified_gmt":"2026-04-22T16:30:04","slug":"gazzal-sisley","status":"publish","type":"product","link":"https:\/\/bitessiulai.lt\/fi\/tuote\/gazzal-sisley\/","title":{"rendered":"Gazzal Sisley"},"content":{"rendered":"<p><span dir=\"auto\"><strong>Gazzal Sisley<\/strong> \u2013 t\u00e4m\u00e4 on erikoislanka, joka on valmistettu 58 % % australialaisesta merinovillasta ja 42 % % viskoosista. Merinovilla tuo luonnollisuudellaan ja pehmeydell\u00e4\u00e4n l\u00e4mp\u00f6\u00e4 neulomiseen, ja viskoosin m\u00e4\u00e4r\u00e4 antaa langalle silkkisen kiillon. <\/span><span dir=\"auto\">T\u00e4m\u00e4 ainutlaatuinen yhdistelm\u00e4 tekee Sisley-langoista neulotuista tuotteista kevyit\u00e4 ja tyylikk\u00e4it\u00e4.<\/span><\/p>\n<p><span dir=\"auto\">Kiilt\u00e4v\u00e4n rakenteensa ansiosta niit\u00e4 voi ihailla monissa eri malleissa, eleganteista neuleista erityistilaisuuksiin moderneihin arkip\u00e4iv\u00e4n malleihin. Gazzal Sisley sopii t\u00e4ydellisesti neuletakkeihin, villapaitoihin, huiveihin ja asusteprojekteihin tuoden hienostuneisuutta neulomisen maailmaan.<\/span><\/p>\n<p>*N\u00e4yt\u00f6ll\u00e4si n\u00e4kem\u00e4si v\u00e4rit saattavat poiketa hieman langan todellisesta v\u00e4rist\u00e4.<\/p>","protected":false},"excerpt":{"rendered":"<p>Koostumus: 58% australialainen merinovilla, 42% viskoosi<\/p>\n<p>Paino\/pituus: 50 g = noin 105 m.<\/p>\n<p>Suositeltu puikkokoko: 6 mm.<\/p>\n<p>Suositeltu koukkukoko: 6 mm.<\/p>","protected":false},"featured_media":18468,"comment_status":"open","ping_status":"closed","template":"","meta":[],"product_brand":[],"product_cat":[173,947,948,177,3718,178,3717,174,175,337],"product_tag":[],"giftcard-category":[],"class_list":{"0":"post-18450","1":"product","2":"type-product","3":"status-publish","4":"has-post-thumbnail","6":"product_cat-siulai","7":"product_cat-gazzal","8":"product_cat-merino-vilna","9":"product_cat-mezgimo-siulai","10":"product_cat-naujienos","11":"product_cat-nerimo-siulai","12":"product_cat-sisley","13":"product_cat-siulu-gamintojai","14":"product_cat-siulu-pluostai","15":"product_cat-viskoze","17":"first","18":"instock","19":"taxable","20":"shipping-taxable","21":"purchasable","22":"product-type-variable"},"_links":{"self":[{"href":"https:\/\/bitessiulai.lt\/fi\/wp-json\/wp\/v2\/product\/18450","targetHints":{"allow":["GET"]}}],"collection":[{"href":"https:\/\/bitessiulai.lt\/fi\/wp-json\/wp\/v2\/product"}],"about":[{"href":"https:\/\/bitessiulai.lt\/fi\/wp-json\/wp\/v2\/types\/product"}],"replies":[{"embeddable":true,"href":"https:\/\/bitessiulai.lt\/fi\/wp-json\/wp\/v2\/comments?post=18450"}],"version-history":[{"count":1,"href":"https:\/\/bitessiulai.lt\/fi\/wp-json\/wp\/v2\/product\/18450\/revisions"}],"predecessor-version":[{"id":20274,"href":"https:\/\/bitessiulai.lt\/fi\/wp-json\/wp\/v2\/product\/18450\/revisions\/20274"}],"wp:featuredmedia":[{"embeddable":true,"href":"https:\/\/bitessiulai.lt\/fi\/wp-json\/wp\/v2\/media\/18468"}],"wp:attachment":[{"href":"https:\/\/bitessiulai.lt\/fi\/wp-json\/wp\/v2\/media?parent=18450"}],"wp:term":[{"taxonomy":"product_brand","embeddable":true,"href":"https:\/\/bitessiulai.lt\/fi\/wp-json\/wp\/v2\/product_brand?post=18450"},{"taxonomy":"product_cat","embeddable":true,"href":"https:\/\/bitessiulai.lt\/fi\/wp-json\/wp\/v2\/product_cat?post=18450"},{"taxonomy":"product_tag","embeddable":true,"href":"https:\/\/bitessiulai.lt\/fi\/wp-json\/wp\/v2\/product_tag?post=18450"},{"taxonomy":"giftcard-category","embeddable":true,"href":"https:\/\/bitessiulai.lt\/fi\/wp-json\/wp\/v2\/giftcard-category?post=18450"}],"curies":[{"name":"wp","href":"https:\/\/api.w.org\/{rel}","templated":true}]}}