{"id":18187,"date":"2025-10-09T17:00:38","date_gmt":"2025-10-09T14:00:38","guid":{"rendered":"https:\/\/bitessiulai.lt\/?post_type=product&#038;p=18187"},"modified":"2025-10-15T12:28:22","modified_gmt":"2025-10-15T09:28:22","slug":"knitpro-nova-cubics-deluxe-keiciamu-virbalu-rinkinys","status":"publish","type":"product","link":"https:\/\/bitessiulai.lt\/fi\/tuote\/knitpro-nova-cubics-deluxe-keiciamu-virbalu-rinkinys\/","title":{"rendered":"KnitPro Nova Cubics Deluxe -vaihtopuikkosetti"},"content":{"rendered":"<p><span dir=\"auto\"><strong>KnitPro Nova Cubics Deluxe -vaihtopuikkosetti\u00a0<\/strong>ovat erottuvia ainutlaatuisen neli\u00f6nmuotoisen muotonsa ansiosta. Ne on valmistettu messingist\u00e4 ja niiss\u00e4 on kiilt\u00e4v\u00e4, hopeanv\u00e4rinen pinta. Neli\u00f6nmuotoinen muoto sopii hyvin k\u00e4teen ja tarjoaa hyv\u00e4n otteen. Kevyet puikonk\u00e4rjet takaavat sujuvan neulomisen ilman k\u00e4sien v\u00e4symist\u00e4. Asteittain kapenevien k\u00e4rkien ansiosta neulominen on helppoa. Vahva materiaali tekee n\u00e4ist\u00e4 puikoista eritt\u00e4in kest\u00e4vi\u00e4. Puikonk\u00e4rjet voidaan helposti kiinnitt\u00e4\u00e4 nailonp\u00e4\u00e4llysteiseen ter\u00e4snaruun k\u00e4tev\u00e4n ruuvij\u00e4rjestelm\u00e4n avulla. Siimat ovat sek\u00e4 vahvoja ett\u00e4 joustavia ja liukuvat helposti silmien l\u00e4pi. K\u00e4\u00e4nt\u00f6j\u00e4rjestelm\u00e4 antaa neulank\u00e4rkien py\u00f6ri\u00e4 vapaasti. T\u00e4m\u00e4 est\u00e4\u00e4 siimaa taipumasta tai kiertym\u00e4st\u00e4. Siimoissa on reik\u00e4 p\u00e4iss\u00e4 siima-avainta varten, jota k\u00e4ytet\u00e4\u00e4n neulank\u00e4rjen kiinnitt\u00e4miseen siimaan. Rei\u00e4t ovat my\u00f6s hy\u00f6dyllisi\u00e4 pelastusk\u00f6yden ty\u00f6n turvalliseen poistamiseen tai pudonneiden silmien ker\u00e4\u00e4miseen.<\/span><\/p>\n<p><span dir=\"auto\"> KnitPro Nova Cubics Deluxe -vaihdettavien puikkojen setti sis\u00e4lt\u00e4\u00e4 seuraavat osat:<\/span><\/p>\n<ul>\n<li><span dir=\"auto\">7 paria vaihdettavia Nova Cubics -k\u00e4rki\u00e4, 10 cm pitki\u00e4, koot: 4,00, 4,50, 5,00, 5,50, 6,00, 7,00 ja 8,00 mm<\/span><\/li>\n<li><span dir=\"auto\">4 x siimaa, joiden kokonaispituus vavank\u00e4rkien kanssa on 1 x 60, 2 x 80 ja 1 x 100 cm<\/span><\/li>\n<li><span dir=\"auto\">8 x p\u00e4\u00e4tytulppaa<\/span><\/li>\n<li><span dir=\"auto\">4 x linjan\u00e4pp\u00e4int\u00e4<\/span><\/li>\n<li><span dir=\"auto\">1 x k\u00f6ysiliittimien sarja<\/span><\/li>\n<\/ul>\n<p><span dir=\"auto\">KnitPro Nova Cubics Deluxe -vaihtoneulasarja on pakattu kauniiseen siniseen kangaspussiin.<\/span><\/p>\n<p><img fetchpriority=\"high\" decoding=\"async\" class=\"alignnone size-medium wp-image-18192\" src=\"http:\/\/bitessiulai.lt\/wp-content\/uploads\/2025\/10\/K12370-3-300x300.webp\" alt=\"\" width=\"300\" height=\"300\" srcset=\"https:\/\/bitessiulai.lt\/wp-content\/uploads\/2025\/10\/K12370-3-300x300.webp 300w, https:\/\/bitessiulai.lt\/wp-content\/uploads\/2025\/10\/K12370-3-150x150.webp 150w, https:\/\/bitessiulai.lt\/wp-content\/uploads\/2025\/10\/K12370-3-12x12.webp 12w, https:\/\/bitessiulai.lt\/wp-content\/uploads\/2025\/10\/K12370-3-600x600.webp 600w, https:\/\/bitessiulai.lt\/wp-content\/uploads\/2025\/10\/K12370-3-96x96.webp 96w, https:\/\/bitessiulai.lt\/wp-content\/uploads\/2025\/10\/K12370-3.webp 700w\" sizes=\"(max-width: 300px) 100vw, 300px\" \/> <img decoding=\"async\" class=\"alignnone size-medium wp-image-18193\" src=\"http:\/\/bitessiulai.lt\/wp-content\/uploads\/2025\/10\/K12370-4-300x300.webp\" alt=\"\" width=\"300\" height=\"300\" srcset=\"https:\/\/bitessiulai.lt\/wp-content\/uploads\/2025\/10\/K12370-4-300x300.webp 300w, https:\/\/bitessiulai.lt\/wp-content\/uploads\/2025\/10\/K12370-4-150x150.webp 150w, https:\/\/bitessiulai.lt\/wp-content\/uploads\/2025\/10\/K12370-4-12x12.webp 12w, https:\/\/bitessiulai.lt\/wp-content\/uploads\/2025\/10\/K12370-4-600x600.webp 600w, https:\/\/bitessiulai.lt\/wp-content\/uploads\/2025\/10\/K12370-4-96x96.webp 96w, https:\/\/bitessiulai.lt\/wp-content\/uploads\/2025\/10\/K12370-4.webp 700w\" sizes=\"(max-width: 300px) 100vw, 300px\" \/><\/p>","protected":false},"excerpt":{"rendered":"<p>KnitPro Nova Cubics Deluxe kei\u010diam\u0173 virbal\u0173 rinkinys\u00a0i\u0161siskiria unikalia kvadratine forma. Jie pagaminti i\u0161 \u017ealvario ir turi blizgant\u012f, sidabro spalvos pavir\u0161i\u0173. Kvadratin\u0117 forma gerai priglunda rankoje ir suteikia ger\u0105 sukibim\u0105. Lengvi virbal\u0173 antgaliai u\u017etikrina skland\u0173 mezgim\u0105 be rank\u0173 nuovargio. Su palaipsniui siaur\u0117jan\u010diais antgaliais galite lengvai megzti. Tvirta med\u017eiaga daro \u0161iuos virbalus itin patvarius. Virbal\u0173 antgalius galima lengvai prijungti prie plieninio valo, padengto nailono danga, naudojant patogi\u0105 var\u017et\u0173 sistem\u0105. Valai yra tvirti ir lankst\u016bs tuo pa\u010diu metu, ir lengvai slysta per akis. Pasukimo sistema leid\u017eia virbal\u0173 antgaliams laisvai suktis. Tai neleid\u017eia valui susilenkti ar susisukti. Valai galuose turi skylut\u0119, \u012f kuri\u0105 \u012fstatomas valo raktas, kuris naudojamas virbalo antgaliui pritvirtinti prie valo. Skylut\u0117s taip pat naudingos norint \u012fki\u0161ti gelb\u0117jimo virv\u0119 \u012f mezgin\u012f, kad saugiai i\u0161imtum\u0117te darb\u0105 arba surinktum\u0117te i\u0161kritusius akis. Kei\u010diam\u0173 virbal\u0173 rinkin\u012f \u201eKnitPro Nova Cubics Deluxe\u201c sudaro \u0161ie elementai: 7 poros kei\u010diam\u0173 \u201eNova Cubics\u201c antgali\u0173, kuri\u0173 ilgis 10 cm, dyd\u017eiai: 4,00, 4,50, 5,00, 5,50, 6,00, 7,00 ir 8,00 mm 4 x valai, kuri\u0173 bendras ilgis, \u012fskaitant virbal\u0173 antgalius, yra 1 x 60, 2 x 80 ir 1 x 100 cm 8 x galiniai kam\u0161\u010diai 4 x valo raktai 1 x val\u0173 jung\u010di\u0173 rinkinys \u201eKnitPro Nova Cubics\u201c kei\u010diam\u0173 virbal\u0173 rinkinys \u201eDeluxe\u201c supakuotas gra\u017eiame m\u0117lyname med\u017eiaginiame voke.<\/p>","protected":false},"featured_media":18190,"comment_status":"open","ping_status":"closed","template":"","meta":[],"product_brand":[],"product_cat":[2123,2440,180,3718,181],"product_tag":[],"giftcard-category":[],"class_list":{"0":"post-18187","1":"product","2":"type-product","3":"status-publish","4":"has-post-thumbnail","6":"product_cat-mezgimo-priemoniu-gamintojai","7":"product_cat-knitpro","8":"product_cat-mezgimo-priemones","9":"product_cat-naujienos","10":"product_cat-virbalu-rinkiniai","12":"first","13":"instock","14":"taxable","15":"shipping-taxable","16":"purchasable","17":"product-type-simple"},"_links":{"self":[{"href":"https:\/\/bitessiulai.lt\/fi\/wp-json\/wp\/v2\/product\/18187","targetHints":{"allow":["GET"]}}],"collection":[{"href":"https:\/\/bitessiulai.lt\/fi\/wp-json\/wp\/v2\/product"}],"about":[{"href":"https:\/\/bitessiulai.lt\/fi\/wp-json\/wp\/v2\/types\/product"}],"replies":[{"embeddable":true,"href":"https:\/\/bitessiulai.lt\/fi\/wp-json\/wp\/v2\/comments?post=18187"}],"version-history":[{"count":0,"href":"https:\/\/bitessiulai.lt\/fi\/wp-json\/wp\/v2\/product\/18187\/revisions"}],"wp:featuredmedia":[{"embeddable":true,"href":"https:\/\/bitessiulai.lt\/fi\/wp-json\/wp\/v2\/media\/18190"}],"wp:attachment":[{"href":"https:\/\/bitessiulai.lt\/fi\/wp-json\/wp\/v2\/media?parent=18187"}],"wp:term":[{"taxonomy":"product_brand","embeddable":true,"href":"https:\/\/bitessiulai.lt\/fi\/wp-json\/wp\/v2\/product_brand?post=18187"},{"taxonomy":"product_cat","embeddable":true,"href":"https:\/\/bitessiulai.lt\/fi\/wp-json\/wp\/v2\/product_cat?post=18187"},{"taxonomy":"product_tag","embeddable":true,"href":"https:\/\/bitessiulai.lt\/fi\/wp-json\/wp\/v2\/product_tag?post=18187"},{"taxonomy":"giftcard-category","embeddable":true,"href":"https:\/\/bitessiulai.lt\/fi\/wp-json\/wp\/v2\/giftcard-category?post=18187"}],"curies":[{"name":"wp","href":"https:\/\/api.w.org\/{rel}","templated":true}]}}