{"id":18179,"date":"2025-10-09T16:15:42","date_gmt":"2025-10-09T13:15:42","guid":{"rendered":"https:\/\/bitessiulai.lt\/?post_type=product&#038;p=18179"},"modified":"2026-02-10T08:57:59","modified_gmt":"2026-02-10T06:57:59","slug":"knitpro-nova-virbalu-rinkinys-13cm-3-8mm-grande","status":"publish","type":"product","link":"https:\/\/bitessiulai.lt\/fi\/tuote\/knitpro-nova-virbalu-rinkinys-13cm-3-8mm-grande\/","title":{"rendered":"KnitPro Nova virbal\u0173 rinkinys 13cm 3-12mm Grande"},"content":{"rendered":"<p><span dir=\"auto\"><strong>KnitPro Nova virbal\u0173 rinkinys 13cm 3-12mm Grande<\/strong> \u2013 Vaihdettava neulak\u00e4rkisarja on t\u00e4ydellinen sarja vaihdettavilla neulak\u00e4rjill\u00e4 ja lis\u00e4varusteilla. T\u00e4m\u00e4n setin neulak\u00e4rjet on valmistettu messingist\u00e4 ja niiss\u00e4 on kiilt\u00e4v\u00e4, hopeanv\u00e4rinen pinta. Kevyet neulak\u00e4rjet takaavat sujuvan neulomisen ilman k\u00e4sien v\u00e4symist\u00e4. Asteittain kapenevien k\u00e4rkien ansiosta voit neuloa helposti repim\u00e4tt\u00e4 lankaa. Lis\u00e4ksi neulak\u00e4rjet takaavat kauniin silmukkaj\u00e4ljen. Vahva materiaali tekee n\u00e4ist\u00e4 neuloista eritt\u00e4in kest\u00e4v\u00e4t. Neulak\u00e4rjet voidaan helposti kiinnitt\u00e4\u00e4 ter\u00e4ssiimaan k\u00e4tev\u00e4ll\u00e4 ruuvij\u00e4rjestelm\u00e4ll\u00e4, joka on p\u00e4\u00e4llystetty nailonkerroksella. T\u00e4m\u00e4 tekee siimasta vahvan ja samalla joustavan, joten silm\u00e4t liukuvat helposti neulak\u00e4rjist\u00e4 siimalle. Siimassa on my\u00f6s k\u00e4tev\u00e4 k\u00e4\u00e4nt\u00f6j\u00e4rjestelm\u00e4, jonka avulla k\u00e4rjet voivat py\u00f6ri\u00e4 vapaasti. T\u00e4m\u00e4 est\u00e4\u00e4 siimaa taipumasta tai kiertym\u00e4st\u00e4. Neulojen p\u00e4iss\u00e4 on rei\u00e4t siima-avainta varten, joka kiinnitt\u00e4\u00e4 neulak\u00e4rjen siimaan. Rei\u00e4t ovat my\u00f6s hy\u00f6dyllisi\u00e4 pelastusk\u00f6yden ty\u00f6n sis\u00e4\u00e4n asettamiseen ty\u00f6n turvalliseksi poistamiseksi tai pudonneiden silmukoiden ker\u00e4\u00e4miseksi. <\/span><\/p>\n<p><strong><span dir=\"auto\">KnitPro Nova Grande -setti sis\u00e4lt\u00e4\u00e4 seuraavat tuotteet:<\/span><\/strong><\/p>\n<p>&nbsp;<\/p>\n<ul>\n<li><span dir=\"auto\">14 por\u0173 kei\u010diam\u0173 virbal\u0173, kuri\u0173 ilgis 13 cm, dyd\u017eiai: 3,00, 3,25, 3,50, 3,75, 4,00, 4,50, 5,00, 5,50, 6,00, 6,50, 8,00, 9,00, 10,00, 12,00mm.<\/span><\/li>\n<li><span dir=\"auto\">6 x py\u00f6riv\u00e4\u00e4 liitint\u00e4 (2 x 60 cm, 2 x 80 cm ja 2 x 100 cm; kokonaispituus spinnerin k\u00e4rjet mukaan lukien)<\/span><\/li>\n<li><span dir=\"auto\">8 x p\u00e4\u00e4tytulppaa<\/span><\/li>\n<li><span dir=\"auto\">4 x linjan\u00e4pp\u00e4int\u00e4<\/span><\/li>\n<li><span dir=\"auto\">1 x k\u00f6ysiliittimien sarja<\/span><\/li>\n<li><span dir=\"auto\">1 x sakset<\/span><\/li>\n<li><span dir=\"auto\">1 x mittanauha<\/span><\/li>\n<li><span dir=\"auto\">2 x villaneulaa<\/span><\/li>\n<li><span dir=\"auto\">10 lukittavaa ommelmerkki\u00e4<\/span><\/li>\n<li><span dir=\"auto\">10 py\u00f6re\u00e4\u00e4 silmukkamerkki\u00e4<\/span><\/li>\n<\/ul>\n<p>&nbsp;<\/p>\n<p><span dir=\"auto\">Setti on pakattu kauniiseen siniseen kangaspussiin, jossa on vetoketju.<\/span><\/p>\n<p>&nbsp;<\/p>\n<p><img fetchpriority=\"high\" decoding=\"async\" class=\"alignnone size-medium wp-image-18183\" src=\"http:\/\/bitessiulai.lt\/wp-content\/uploads\/2025\/10\/k10623-5-300x300.webp\" alt=\"\" width=\"300\" height=\"300\" srcset=\"https:\/\/bitessiulai.lt\/wp-content\/uploads\/2025\/10\/k10623-5-300x300.webp 300w, https:\/\/bitessiulai.lt\/wp-content\/uploads\/2025\/10\/k10623-5-150x150.webp 150w, https:\/\/bitessiulai.lt\/wp-content\/uploads\/2025\/10\/k10623-5-12x12.webp 12w, https:\/\/bitessiulai.lt\/wp-content\/uploads\/2025\/10\/k10623-5-96x96.webp 96w, https:\/\/bitessiulai.lt\/wp-content\/uploads\/2025\/10\/k10623-5.webp 583w\" sizes=\"(max-width: 300px) 100vw, 300px\" \/> <img decoding=\"async\" class=\"alignnone size-medium wp-image-18184\" src=\"http:\/\/bitessiulai.lt\/wp-content\/uploads\/2025\/10\/k10623-4-300x300.webp\" alt=\"\" width=\"300\" height=\"300\" srcset=\"https:\/\/bitessiulai.lt\/wp-content\/uploads\/2025\/10\/k10623-4-300x300.webp 300w, https:\/\/bitessiulai.lt\/wp-content\/uploads\/2025\/10\/k10623-4-150x150.webp 150w, https:\/\/bitessiulai.lt\/wp-content\/uploads\/2025\/10\/k10623-4-12x12.webp 12w, https:\/\/bitessiulai.lt\/wp-content\/uploads\/2025\/10\/k10623-4-96x96.webp 96w, https:\/\/bitessiulai.lt\/wp-content\/uploads\/2025\/10\/k10623-4.webp 583w\" sizes=\"(max-width: 300px) 100vw, 300px\" \/><\/p>","protected":false},"excerpt":{"rendered":"<p>KnitPro Nova virbal\u0173 rinkinys 13cm 3-12mm Grande &#8211; kei\u010diam\u0173 virbal\u0173 rinkinys yra pilnas rinkinys su kei\u010diamais virbal\u0173 antgaliais ir priedais. \u0160io rinkinio virbal\u0173 antgaliai pagaminti i\u0161 \u017ealvario ir turi blizgant\u012f, sidabro spalvos pavir\u0161i\u0173. Lengvi virbal\u0173 antgaliai garantuoja skland\u0173 mezgim\u0105 be rank\u0173 nuovargio. Su palaipsniui siaur\u0117jan\u010diais antgaliais galite lengvai megzti neperpl\u0117\u0161dami si\u016bl\u0173. Be to, virbal\u0173 antgaliai garantuoja gra\u017e\u0173 dygsnio ry\u0161kum\u0105. Tvirta med\u017eiaga daro \u0161iuos virbalus itin patvariais. Virbal\u0173 antgalius galima lengvai prijungti prie plieninio valo naudojant patogi\u0105 var\u017et\u0173 sistem\u0105, kuri padengta nailono sluoksniu. Tai daro val\u0105 tvirt\u0105 ir tuo pa\u010diu metu lankst\u0173, tod\u0117l akys lengvai slysta nuo virbal\u0173 antgali\u0173 ant valo. Valas taip pat turi patogi\u0105 pasukimo sistem\u0105, kuri leid\u017eia antgaliams laisvai suktis. Tai neleid\u017eia valui susilenkti ar susisukti. Virbal\u0173 galuose yra skylut\u0117s, skirtos valo raktui, kuris pritvirtina virbalo antgal\u012f prie valo. Skylut\u0117s taip pat naudingos norint \u012fki\u0161ti gelb\u0117jimo virv\u0119 \u012f mezgin\u012f, kad b\u016bt\u0173 galima saugiai i\u0161imti darb\u0105 arba surinkti i\u0161kritusius akis. \u201eKnitPro Nova Grande\u201c rinkin\u012f sudaro \u0161ie elementai: &nbsp; 14 por\u0173 kei\u010diam\u0173 virbal\u0173, kuri\u0173 ilgis 13 cm, dyd\u017eiai: 3,00, 3,25, 3,50, 3,75, 4,00, 4,50, 5,00, 5,50, 6,00, 6,50, 8,00, 9,00, 10,00, 12,00mm. 6 x pasukami valai (2 x 60 cm, 2 x 80 cm ir 2 x 100 cm; bendras ilgis, \u012fskaitant virabl\u0173 galiukus) 8 x galiniai kam\u0161\u010diai 4 x valo raktai 1 x val\u0173 jung\u010di\u0173 rinkinys 1 x \u017eirkl\u0117s 1 x matavimo juosta 2 x vilnon\u0117s adatos 10 u\u017erakinam\u0173 dygsni\u0173 \u017eymekli\u0173 10 \u017eiedini\u0173 dygsni\u0173 \u017eymekli\u0173 &nbsp; Rinkinys supakuotas gra\u017eiame m\u0117lyname med\u017eiaginiame mai\u0161elyje su u\u017etrauktuku. &nbsp;<\/p>","protected":false},"featured_media":18180,"comment_status":"open","ping_status":"closed","template":"","meta":[],"product_brand":[],"product_cat":[2123,2440,180,3718,181],"product_tag":[],"giftcard-category":[],"class_list":{"0":"post-18179","1":"product","2":"type-product","3":"status-publish","4":"has-post-thumbnail","6":"product_cat-mezgimo-priemoniu-gamintojai","7":"product_cat-knitpro","8":"product_cat-mezgimo-priemones","9":"product_cat-naujienos","10":"product_cat-virbalu-rinkiniai","12":"first","13":"instock","14":"taxable","15":"shipping-taxable","16":"purchasable","17":"product-type-simple"},"_links":{"self":[{"href":"https:\/\/bitessiulai.lt\/fi\/wp-json\/wp\/v2\/product\/18179","targetHints":{"allow":["GET"]}}],"collection":[{"href":"https:\/\/bitessiulai.lt\/fi\/wp-json\/wp\/v2\/product"}],"about":[{"href":"https:\/\/bitessiulai.lt\/fi\/wp-json\/wp\/v2\/types\/product"}],"replies":[{"embeddable":true,"href":"https:\/\/bitessiulai.lt\/fi\/wp-json\/wp\/v2\/comments?post=18179"}],"version-history":[{"count":4,"href":"https:\/\/bitessiulai.lt\/fi\/wp-json\/wp\/v2\/product\/18179\/revisions"}],"predecessor-version":[{"id":22662,"href":"https:\/\/bitessiulai.lt\/fi\/wp-json\/wp\/v2\/product\/18179\/revisions\/22662"}],"wp:featuredmedia":[{"embeddable":true,"href":"https:\/\/bitessiulai.lt\/fi\/wp-json\/wp\/v2\/media\/18180"}],"wp:attachment":[{"href":"https:\/\/bitessiulai.lt\/fi\/wp-json\/wp\/v2\/media?parent=18179"}],"wp:term":[{"taxonomy":"product_brand","embeddable":true,"href":"https:\/\/bitessiulai.lt\/fi\/wp-json\/wp\/v2\/product_brand?post=18179"},{"taxonomy":"product_cat","embeddable":true,"href":"https:\/\/bitessiulai.lt\/fi\/wp-json\/wp\/v2\/product_cat?post=18179"},{"taxonomy":"product_tag","embeddable":true,"href":"https:\/\/bitessiulai.lt\/fi\/wp-json\/wp\/v2\/product_tag?post=18179"},{"taxonomy":"giftcard-category","embeddable":true,"href":"https:\/\/bitessiulai.lt\/fi\/wp-json\/wp\/v2\/giftcard-category?post=18179"}],"curies":[{"name":"wp","href":"https:\/\/api.w.org\/{rel}","templated":true}]}}