{"id":16802,"date":"2025-09-11T14:22:12","date_gmt":"2025-09-11T11:22:12","guid":{"rendered":"https:\/\/bitessiulai.lt\/?post_type=product&#038;p=16802"},"modified":"2026-04-24T14:46:35","modified_gmt":"2026-04-24T11:46:35","slug":"alize-wooltime","status":"publish","type":"product","link":"https:\/\/bitessiulai.lt\/fi\/tuote\/alize-wooltime\/","title":{"rendered":"Alize Wooltime"},"content":{"rendered":"<p><strong>Alize Wooltime<\/strong> \u2013 korkealaatuisen villan ja polyamidin yhdistelm\u00e4, joka sopii t\u00e4ydellisesti sukkaprojekteihisi, mutta sopii my\u00f6s erinomaisesti erilaisten vaatteiden tai muiden asusteiden neulomiseen tai virkkaamiseen. Voit valita yksiv\u00e4risi\u00e4 tai kirjavia v\u00e4rej\u00e4, jotka lis\u00e4\u00e4v\u00e4t ainutlaatuisuutta sek\u00e4 sukkiin ett\u00e4 muihin neuleprojekteihin.<\/p>\n<p>*N\u00e4yt\u00f6ll\u00e4si n\u00e4kem\u00e4si v\u00e4rit saattavat poiketa hieman langan todellisesta v\u00e4rist\u00e4.<\/p>","protected":false},"excerpt":{"rendered":"<p>Materiaali: 75% villaa, 25% polyamidia<\/p>\n<p>Paino\/pituus: 100 g = noin 200 m.<\/p>\n<p>Suositeltu puikkokoko: 4\u20135 mm.<\/p>\n<p>Suositeltu koukkukoko: 3,5\u20134 mm.<\/p>","protected":false},"featured_media":16803,"comment_status":"open","ping_status":"closed","template":"","meta":[],"product_brand":[],"product_cat":[173,2125,177,3718,178,324,3345,174,175,410,3529],"product_tag":[],"giftcard-category":[],"class_list":{"0":"post-16802","1":"product","2":"type-product","3":"status-publish","4":"has-post-thumbnail","6":"product_cat-siulai","7":"product_cat-alize","8":"product_cat-mezgimo-siulai","9":"product_cat-naujienos","10":"product_cat-nerimo-siulai","11":"product_cat-poliamidas","12":"product_cat-siulai-kojinems","13":"product_cat-siulu-gamintojai","14":"product_cat-siulu-pluostai","15":"product_cat-vilna","16":"product_cat-wooltime","18":"first","19":"instock","20":"taxable","21":"shipping-taxable","22":"purchasable","23":"product-type-variable"},"_links":{"self":[{"href":"https:\/\/bitessiulai.lt\/fi\/wp-json\/wp\/v2\/product\/16802","targetHints":{"allow":["GET"]}}],"collection":[{"href":"https:\/\/bitessiulai.lt\/fi\/wp-json\/wp\/v2\/product"}],"about":[{"href":"https:\/\/bitessiulai.lt\/fi\/wp-json\/wp\/v2\/types\/product"}],"replies":[{"embeddable":true,"href":"https:\/\/bitessiulai.lt\/fi\/wp-json\/wp\/v2\/comments?post=16802"}],"version-history":[{"count":0,"href":"https:\/\/bitessiulai.lt\/fi\/wp-json\/wp\/v2\/product\/16802\/revisions"}],"wp:featuredmedia":[{"embeddable":true,"href":"https:\/\/bitessiulai.lt\/fi\/wp-json\/wp\/v2\/media\/16803"}],"wp:attachment":[{"href":"https:\/\/bitessiulai.lt\/fi\/wp-json\/wp\/v2\/media?parent=16802"}],"wp:term":[{"taxonomy":"product_brand","embeddable":true,"href":"https:\/\/bitessiulai.lt\/fi\/wp-json\/wp\/v2\/product_brand?post=16802"},{"taxonomy":"product_cat","embeddable":true,"href":"https:\/\/bitessiulai.lt\/fi\/wp-json\/wp\/v2\/product_cat?post=16802"},{"taxonomy":"product_tag","embeddable":true,"href":"https:\/\/bitessiulai.lt\/fi\/wp-json\/wp\/v2\/product_tag?post=16802"},{"taxonomy":"giftcard-category","embeddable":true,"href":"https:\/\/bitessiulai.lt\/fi\/wp-json\/wp\/v2\/giftcard-category?post=16802"}],"curies":[{"name":"wp","href":"https:\/\/api.w.org\/{rel}","templated":true}]}}