{"id":16737,"date":"2025-09-11T10:31:39","date_gmt":"2025-09-11T07:31:39","guid":{"rendered":"https:\/\/bitessiulai.lt\/?post_type=product&#038;p=16737"},"modified":"2026-05-08T15:20:44","modified_gmt":"2026-05-08T12:20:44","slug":"alize-mohair-classic","status":"publish","type":"product","link":"https:\/\/bitessiulai.lt\/fi\/tuote\/alize-mohair-classic\/","title":{"rendered":"Alize Mohair Classic"},"content":{"rendered":"<p><strong>Alize Mohair Classic \u2013 <\/strong>P\u00f6rr\u00f6inen, pitk\u00e4karvainen mohairlanka. T\u00e4ydellinen neulepuseroihin, pipoihin ja huiveihin. Alize Mohair Classicista neulotut tuotteet ovat uskomattoman l\u00e4mpimi\u00e4 ja kauniita - t\u00e4ydellisi\u00e4 l\u00f6ysiin ja muodikkaisiin neulepuseroihin. Yksi ker\u00e4 riitt\u00e4\u00e4 pipoon, kaksi pipoon ja huiviin.<\/p>\n<p>&nbsp;<\/p>\n<p>*N\u00e4yt\u00f6ll\u00e4si n\u00e4kem\u00e4si v\u00e4rit saattavat poiketa hieman langan todellisesta v\u00e4rist\u00e4.<\/p>\n<p>&nbsp;<\/p>","protected":false},"excerpt":{"rendered":"<p>Koostumus: 25% mohair, 24% villa, 51% akryyli<\/p>\n<p>Paino\/pituus: 100 g = noin 200 m.<\/p>\n<p>Suositeltu puikkokoko: 5\u20137 mm.<\/p>\n<p>Suositeltu koukkukoko: 2\u20134 mm.<\/p>","protected":false},"featured_media":16738,"comment_status":"open","ping_status":"closed","template":"","meta":[],"product_brand":[],"product_cat":[173,326,2125,177,3497,362,3718,178,175,410],"product_tag":[],"giftcard-category":[],"class_list":{"0":"post-16737","1":"product","2":"type-product","3":"status-publish","4":"has-post-thumbnail","6":"product_cat-siulai","7":"product_cat-akrilas","8":"product_cat-alize","9":"product_cat-mezgimo-siulai","10":"product_cat-mohair-classic","11":"product_cat-mohera","12":"product_cat-naujienos","13":"product_cat-nerimo-siulai","14":"product_cat-siulu-pluostai","15":"product_cat-vilna","17":"first","18":"instock","19":"taxable","20":"shipping-taxable","21":"purchasable","22":"product-type-variable"},"_links":{"self":[{"href":"https:\/\/bitessiulai.lt\/fi\/wp-json\/wp\/v2\/product\/16737","targetHints":{"allow":["GET"]}}],"collection":[{"href":"https:\/\/bitessiulai.lt\/fi\/wp-json\/wp\/v2\/product"}],"about":[{"href":"https:\/\/bitessiulai.lt\/fi\/wp-json\/wp\/v2\/types\/product"}],"replies":[{"embeddable":true,"href":"https:\/\/bitessiulai.lt\/fi\/wp-json\/wp\/v2\/comments?post=16737"}],"version-history":[{"count":0,"href":"https:\/\/bitessiulai.lt\/fi\/wp-json\/wp\/v2\/product\/16737\/revisions"}],"wp:featuredmedia":[{"embeddable":true,"href":"https:\/\/bitessiulai.lt\/fi\/wp-json\/wp\/v2\/media\/16738"}],"wp:attachment":[{"href":"https:\/\/bitessiulai.lt\/fi\/wp-json\/wp\/v2\/media?parent=16737"}],"wp:term":[{"taxonomy":"product_brand","embeddable":true,"href":"https:\/\/bitessiulai.lt\/fi\/wp-json\/wp\/v2\/product_brand?post=16737"},{"taxonomy":"product_cat","embeddable":true,"href":"https:\/\/bitessiulai.lt\/fi\/wp-json\/wp\/v2\/product_cat?post=16737"},{"taxonomy":"product_tag","embeddable":true,"href":"https:\/\/bitessiulai.lt\/fi\/wp-json\/wp\/v2\/product_tag?post=16737"},{"taxonomy":"giftcard-category","embeddable":true,"href":"https:\/\/bitessiulai.lt\/fi\/wp-json\/wp\/v2\/giftcard-category?post=16737"}],"curies":[{"name":"wp","href":"https:\/\/api.w.org\/{rel}","templated":true}]}}