{"id":16441,"date":"2025-09-09T16:51:24","date_gmt":"2025-09-09T13:51:24","guid":{"rendered":"https:\/\/bitessiulai.lt\/?post_type=product&#038;p=16441"},"modified":"2026-04-10T17:49:31","modified_gmt":"2026-04-10T14:49:31","slug":"yarnart-dolce","status":"publish","type":"product","link":"https:\/\/bitessiulai.lt\/fi\/tuote\/yarnart-dolce\/","title":{"rendered":"YarnArt Dolce"},"content":{"rendered":"<p><strong>YarnArt Dolce<\/strong> \u2013 on poikkeuksellisen laadukas ja pehme\u00e4 mikropolyesterim\u00e4inen virkkuuneulelanka, joka lumoaa paitsi pehmeydell\u00e4\u00e4n my\u00f6s upealla kuviollaan. N\u00e4m\u00e4 langat ovat ainutlaatuisen pehmeit\u00e4. <strong>YarnArt Dolce<\/strong> Langat on valmistettu korkealaatuisesta mikropolyesterist\u00e4, joka antaa niille paitsi poikkeuksellisen pehmeyden my\u00f6s kest\u00e4vyyden. Paksumman kuidun ansiosta on helppo luoda herkki\u00e4 ja elegantteja kuvioita ja tekstuureja askarteluun.<\/p>\n<p><img fetchpriority=\"high\" decoding=\"async\" class=\"alignnone size-medium wp-image-16444\" src=\"http:\/\/bitessiulai.lt\/wp-content\/uploads\/2025\/09\/DOLCE_CLN8440-1-300x300.jpg\" alt=\"\" width=\"300\" height=\"300\" srcset=\"https:\/\/bitessiulai.lt\/wp-content\/uploads\/2025\/09\/DOLCE_CLN8440-1-300x300.jpg 300w, https:\/\/bitessiulai.lt\/wp-content\/uploads\/2025\/09\/DOLCE_CLN8440-1-1024x1024.jpg 1024w, https:\/\/bitessiulai.lt\/wp-content\/uploads\/2025\/09\/DOLCE_CLN8440-1-150x150.jpg 150w, https:\/\/bitessiulai.lt\/wp-content\/uploads\/2025\/09\/DOLCE_CLN8440-1-768x768.jpg 768w, https:\/\/bitessiulai.lt\/wp-content\/uploads\/2025\/09\/DOLCE_CLN8440-1-1536x1536.jpg 1536w, https:\/\/bitessiulai.lt\/wp-content\/uploads\/2025\/09\/DOLCE_CLN8440-1-12x12.jpg 12w, https:\/\/bitessiulai.lt\/wp-content\/uploads\/2025\/09\/DOLCE_CLN8440-1-600x600.jpg 600w, https:\/\/bitessiulai.lt\/wp-content\/uploads\/2025\/09\/DOLCE_CLN8440-1-96x96.jpg 96w, https:\/\/bitessiulai.lt\/wp-content\/uploads\/2025\/09\/DOLCE_CLN8440-1.jpg 2000w\" sizes=\"(max-width: 300px) 100vw, 300px\" \/> <img decoding=\"async\" class=\"alignnone size-medium wp-image-16445\" src=\"http:\/\/bitessiulai.lt\/wp-content\/uploads\/2025\/09\/DOLCE_DOLCE_BABY_PANDUF-300x300.jpg\" alt=\"\" width=\"300\" height=\"300\" srcset=\"https:\/\/bitessiulai.lt\/wp-content\/uploads\/2025\/09\/DOLCE_DOLCE_BABY_PANDUF-300x300.jpg 300w, https:\/\/bitessiulai.lt\/wp-content\/uploads\/2025\/09\/DOLCE_DOLCE_BABY_PANDUF-1024x1024.jpg 1024w, https:\/\/bitessiulai.lt\/wp-content\/uploads\/2025\/09\/DOLCE_DOLCE_BABY_PANDUF-150x150.jpg 150w, https:\/\/bitessiulai.lt\/wp-content\/uploads\/2025\/09\/DOLCE_DOLCE_BABY_PANDUF-768x768.jpg 768w, https:\/\/bitessiulai.lt\/wp-content\/uploads\/2025\/09\/DOLCE_DOLCE_BABY_PANDUF-1536x1536.jpg 1536w, https:\/\/bitessiulai.lt\/wp-content\/uploads\/2025\/09\/DOLCE_DOLCE_BABY_PANDUF-12x12.jpg 12w, https:\/\/bitessiulai.lt\/wp-content\/uploads\/2025\/09\/DOLCE_DOLCE_BABY_PANDUF-600x600.jpg 600w, https:\/\/bitessiulai.lt\/wp-content\/uploads\/2025\/09\/DOLCE_DOLCE_BABY_PANDUF-96x96.jpg 96w, https:\/\/bitessiulai.lt\/wp-content\/uploads\/2025\/09\/DOLCE_DOLCE_BABY_PANDUF.jpg 2000w\" sizes=\"(max-width: 300px) 100vw, 300px\" \/> <img decoding=\"async\" class=\"alignnone size-medium wp-image-16446\" src=\"http:\/\/bitessiulai.lt\/wp-content\/uploads\/2025\/09\/DOLCE_Yarnart4928_SITE-300x300.jpg\" alt=\"\" width=\"300\" height=\"300\" srcset=\"https:\/\/bitessiulai.lt\/wp-content\/uploads\/2025\/09\/DOLCE_Yarnart4928_SITE-300x300.jpg 300w, https:\/\/bitessiulai.lt\/wp-content\/uploads\/2025\/09\/DOLCE_Yarnart4928_SITE-1024x1024.jpg 1024w, https:\/\/bitessiulai.lt\/wp-content\/uploads\/2025\/09\/DOLCE_Yarnart4928_SITE-150x150.jpg 150w, https:\/\/bitessiulai.lt\/wp-content\/uploads\/2025\/09\/DOLCE_Yarnart4928_SITE-768x768.jpg 768w, https:\/\/bitessiulai.lt\/wp-content\/uploads\/2025\/09\/DOLCE_Yarnart4928_SITE-1536x1536.jpg 1536w, https:\/\/bitessiulai.lt\/wp-content\/uploads\/2025\/09\/DOLCE_Yarnart4928_SITE-12x12.jpg 12w, https:\/\/bitessiulai.lt\/wp-content\/uploads\/2025\/09\/DOLCE_Yarnart4928_SITE-600x600.jpg 600w, https:\/\/bitessiulai.lt\/wp-content\/uploads\/2025\/09\/DOLCE_Yarnart4928_SITE-96x96.jpg 96w, https:\/\/bitessiulai.lt\/wp-content\/uploads\/2025\/09\/DOLCE_Yarnart4928_SITE.jpg 2000w\" sizes=\"(max-width: 300px) 100vw, 300px\" \/> <img loading=\"lazy\" decoding=\"async\" class=\"alignnone size-medium wp-image-16447\" src=\"http:\/\/bitessiulai.lt\/wp-content\/uploads\/2025\/09\/DOLCE_Yarnart4913_SITE-300x300.jpg\" alt=\"\" width=\"300\" height=\"300\" srcset=\"https:\/\/bitessiulai.lt\/wp-content\/uploads\/2025\/09\/DOLCE_Yarnart4913_SITE-300x300.jpg 300w, https:\/\/bitessiulai.lt\/wp-content\/uploads\/2025\/09\/DOLCE_Yarnart4913_SITE-1024x1024.jpg 1024w, https:\/\/bitessiulai.lt\/wp-content\/uploads\/2025\/09\/DOLCE_Yarnart4913_SITE-150x150.jpg 150w, https:\/\/bitessiulai.lt\/wp-content\/uploads\/2025\/09\/DOLCE_Yarnart4913_SITE-768x768.jpg 768w, https:\/\/bitessiulai.lt\/wp-content\/uploads\/2025\/09\/DOLCE_Yarnart4913_SITE-1536x1536.jpg 1536w, https:\/\/bitessiulai.lt\/wp-content\/uploads\/2025\/09\/DOLCE_Yarnart4913_SITE-12x12.jpg 12w, https:\/\/bitessiulai.lt\/wp-content\/uploads\/2025\/09\/DOLCE_Yarnart4913_SITE-600x600.jpg 600w, https:\/\/bitessiulai.lt\/wp-content\/uploads\/2025\/09\/DOLCE_Yarnart4913_SITE-96x96.jpg 96w, https:\/\/bitessiulai.lt\/wp-content\/uploads\/2025\/09\/DOLCE_Yarnart4913_SITE.jpg 2000w\" sizes=\"(max-width: 300px) 100vw, 300px\" \/><\/p>\n<p>*N\u00e4yt\u00f6ll\u00e4si n\u00e4kem\u00e4si v\u00e4rit saattavat poiketa hieman langan todellisesta v\u00e4rist\u00e4.<\/p>","protected":false},"excerpt":{"rendered":"<p>Koostumus: 100% mikropolyesteri<\/p>\n<p>Paino\/pituus: 100 g = noin 120 m.<\/p>\n<p>Suositeltu puikkokoko: 4,5 mm.<\/p>\n<p>Suositeltu helmen koko: 7 mm.<\/p>","protected":false},"featured_media":16448,"comment_status":"open","ping_status":"closed","template":"","meta":[],"product_brand":[],"product_cat":[173,915,3430,177,3718,178,328,174,175,255],"product_tag":[],"giftcard-category":[],"class_list":{"0":"post-16441","1":"product","2":"type-product","3":"status-publish","4":"has-post-thumbnail","6":"product_cat-siulai","7":"product_cat-dekoratyviniai-siulai","8":"product_cat-dolce","9":"product_cat-mezgimo-siulai","10":"product_cat-naujienos","11":"product_cat-nerimo-siulai","12":"product_cat-poliesteris","13":"product_cat-siulu-gamintojai","14":"product_cat-siulu-pluostai","15":"product_cat-yarnart","17":"first","18":"instock","19":"taxable","20":"shipping-taxable","21":"purchasable","22":"product-type-variable"},"_links":{"self":[{"href":"https:\/\/bitessiulai.lt\/fi\/wp-json\/wp\/v2\/product\/16441","targetHints":{"allow":["GET"]}}],"collection":[{"href":"https:\/\/bitessiulai.lt\/fi\/wp-json\/wp\/v2\/product"}],"about":[{"href":"https:\/\/bitessiulai.lt\/fi\/wp-json\/wp\/v2\/types\/product"}],"replies":[{"embeddable":true,"href":"https:\/\/bitessiulai.lt\/fi\/wp-json\/wp\/v2\/comments?post=16441"}],"version-history":[{"count":1,"href":"https:\/\/bitessiulai.lt\/fi\/wp-json\/wp\/v2\/product\/16441\/revisions"}],"predecessor-version":[{"id":23709,"href":"https:\/\/bitessiulai.lt\/fi\/wp-json\/wp\/v2\/product\/16441\/revisions\/23709"}],"wp:featuredmedia":[{"embeddable":true,"href":"https:\/\/bitessiulai.lt\/fi\/wp-json\/wp\/v2\/media\/16448"}],"wp:attachment":[{"href":"https:\/\/bitessiulai.lt\/fi\/wp-json\/wp\/v2\/media?parent=16441"}],"wp:term":[{"taxonomy":"product_brand","embeddable":true,"href":"https:\/\/bitessiulai.lt\/fi\/wp-json\/wp\/v2\/product_brand?post=16441"},{"taxonomy":"product_cat","embeddable":true,"href":"https:\/\/bitessiulai.lt\/fi\/wp-json\/wp\/v2\/product_cat?post=16441"},{"taxonomy":"product_tag","embeddable":true,"href":"https:\/\/bitessiulai.lt\/fi\/wp-json\/wp\/v2\/product_tag?post=16441"},{"taxonomy":"giftcard-category","embeddable":true,"href":"https:\/\/bitessiulai.lt\/fi\/wp-json\/wp\/v2\/giftcard-category?post=16441"}],"curies":[{"name":"wp","href":"https:\/\/api.w.org\/{rel}","templated":true}]}}