{"id":16376,"date":"2025-09-09T14:01:46","date_gmt":"2025-09-09T11:01:46","guid":{"rendered":"https:\/\/bitessiulai.lt\/?post_type=product&#038;p=16376"},"modified":"2026-05-09T19:04:52","modified_gmt":"2026-05-09T16:04:52","slug":"alize-angora-gold-simli","status":"publish","type":"product","link":"https:\/\/bitessiulai.lt\/fi\/tuote\/alize-angora-gold-simli\/","title":{"rendered":"Alize Angora Gold Simli"},"content":{"rendered":"<p>Alize Angora Gold Simli on ohut ja p\u00f6rr\u00f6inen lanka. Lanka sis\u00e4lt\u00e4\u00e4 lurexia, joka antaa hienovaraista kiiltoa ja lis\u00e4\u00e4 neuleen eleganssia. Sopii kaikkiin neulonta- ja virkkausprojekteihin.<\/p>\n<p>&nbsp;<\/p>\n<p>*N\u00e4yt\u00f6ll\u00e4si n\u00e4kem\u00e4si v\u00e4rit saattavat poiketa hieman langan todellisesta v\u00e4rist\u00e4.<\/p>","protected":false},"excerpt":{"rendered":"<p>Materiaali: 20% villa, 75% akryyli, 5% lurex<\/p>\n<p>Paino\/pituus: 100 g = noin 500 m.<\/p>\n<p>Suositeltu puikkokoko: 3\u20136 mm.<\/p>\n<p>Suositeltu koukkukoko: 2\u20134 mm.<\/p>","protected":false},"featured_media":16377,"comment_status":"open","ping_status":"closed","template":"","meta":[],"product_brand":[],"product_cat":[173,326,2125,3395,1703,177,3718,178,174,175,410],"product_tag":[],"giftcard-category":[],"class_list":{"0":"post-16376","1":"product","2":"type-product","3":"status-publish","4":"has-post-thumbnail","6":"product_cat-siulai","7":"product_cat-akrilas","8":"product_cat-alize","9":"product_cat-angora-gold-simli","10":"product_cat-liureksas","11":"product_cat-mezgimo-siulai","12":"product_cat-naujienos","13":"product_cat-nerimo-siulai","14":"product_cat-siulu-gamintojai","15":"product_cat-siulu-pluostai","16":"product_cat-vilna","18":"first","19":"instock","20":"taxable","21":"shipping-taxable","22":"purchasable","23":"product-type-variable"},"_links":{"self":[{"href":"https:\/\/bitessiulai.lt\/fi\/wp-json\/wp\/v2\/product\/16376","targetHints":{"allow":["GET"]}}],"collection":[{"href":"https:\/\/bitessiulai.lt\/fi\/wp-json\/wp\/v2\/product"}],"about":[{"href":"https:\/\/bitessiulai.lt\/fi\/wp-json\/wp\/v2\/types\/product"}],"replies":[{"embeddable":true,"href":"https:\/\/bitessiulai.lt\/fi\/wp-json\/wp\/v2\/comments?post=16376"}],"version-history":[{"count":1,"href":"https:\/\/bitessiulai.lt\/fi\/wp-json\/wp\/v2\/product\/16376\/revisions"}],"predecessor-version":[{"id":20351,"href":"https:\/\/bitessiulai.lt\/fi\/wp-json\/wp\/v2\/product\/16376\/revisions\/20351"}],"wp:featuredmedia":[{"embeddable":true,"href":"https:\/\/bitessiulai.lt\/fi\/wp-json\/wp\/v2\/media\/16377"}],"wp:attachment":[{"href":"https:\/\/bitessiulai.lt\/fi\/wp-json\/wp\/v2\/media?parent=16376"}],"wp:term":[{"taxonomy":"product_brand","embeddable":true,"href":"https:\/\/bitessiulai.lt\/fi\/wp-json\/wp\/v2\/product_brand?post=16376"},{"taxonomy":"product_cat","embeddable":true,"href":"https:\/\/bitessiulai.lt\/fi\/wp-json\/wp\/v2\/product_cat?post=16376"},{"taxonomy":"product_tag","embeddable":true,"href":"https:\/\/bitessiulai.lt\/fi\/wp-json\/wp\/v2\/product_tag?post=16376"},{"taxonomy":"giftcard-category","embeddable":true,"href":"https:\/\/bitessiulai.lt\/fi\/wp-json\/wp\/v2\/giftcard-category?post=16376"}],"curies":[{"name":"wp","href":"https:\/\/api.w.org\/{rel}","templated":true}]}}