{"id":16165,"date":"2025-09-06T12:57:24","date_gmt":"2025-09-06T09:57:24","guid":{"rendered":"https:\/\/bitessiulai.lt\/?post_type=product&#038;p=16165"},"modified":"2026-01-26T06:20:19","modified_gmt":"2026-01-26T04:20:19","slug":"knitpro-dvigubu-virbalu-rinkinys-kojinems-20-cm","status":"publish","type":"product","link":"https:\/\/bitessiulai.lt\/fi\/tuote\/knitpro-dvigubu-virbalu-rinkinys-kojinems-20-cm\/","title":{"rendered":"KnitPro sukkapuikot sukille 20 cm"},"content":{"rendered":"<p><span dir=\"auto\">KnitPro-sukkien sukkapuikot, 20 cm. Mukana <\/span><b><span dir=\"auto\">KnitPro<\/span><\/b><span dir=\"auto\"> V\u00e4rillisten alumiinisten sukkapuikkojen setin avulla sinulla on useita erilaisia sukkapuikkoja erilaisiin projekteihin. Sukkien lis\u00e4ksi ne sopivat erinomaisesti pipojen, k\u00e4sineiden, hihojen ja kaikkien muiden vauvatarvikkeiden neulomiseen. Puikot on valmistettu korkealaatuisesta kevyest\u00e4 alumiinista ja niiss\u00e4 on kaunis punasininen metallinhohto. Puikon koko on selv\u00e4sti laserkaiverrettu jokaiseen puikkoon, joten oikean koon tunnistaminen on helppoa. Puikkoja on mukava pit\u00e4\u00e4 k\u00e4dess\u00e4 ja niiss\u00e4 on kapeat, kapenevat k\u00e4rjet. Sile\u00e4 pinta antaa langan liukua helposti neulan l\u00e4pi. T\u00e4m\u00e4 KnitPron v\u00e4rillisten alumiinisten 20 cm:n sukkapuikkojen setti sis\u00e4lt\u00e4\u00e4 6 setti\u00e4 5 puikkoa koossa 2,50, 3,00, 3,50, 4,00, 4,50 ja 5,00 mm. Setti on pakattu kauniiseen punaiseen ja siniseen vetoketjulliseen kangasrasiaan.<\/span><\/p>\n<p><img fetchpriority=\"high\" decoding=\"async\" class=\"alignnone size-medium wp-image-16168\" src=\"http:\/\/bitessiulai.lt\/wp-content\/uploads\/2025\/09\/K33007-5-300x300.webp\" alt=\"\" width=\"300\" height=\"300\" srcset=\"https:\/\/bitessiulai.lt\/wp-content\/uploads\/2025\/09\/K33007-5-300x300.webp 300w, https:\/\/bitessiulai.lt\/wp-content\/uploads\/2025\/09\/K33007-5-150x150.webp 150w, https:\/\/bitessiulai.lt\/wp-content\/uploads\/2025\/09\/K33007-5-12x12.webp 12w, https:\/\/bitessiulai.lt\/wp-content\/uploads\/2025\/09\/K33007-5-600x600.webp 600w, https:\/\/bitessiulai.lt\/wp-content\/uploads\/2025\/09\/K33007-5-96x96.webp 96w, https:\/\/bitessiulai.lt\/wp-content\/uploads\/2025\/09\/K33007-5.webp 700w\" sizes=\"(max-width: 300px) 100vw, 300px\" \/> <img decoding=\"async\" class=\"alignnone size-medium wp-image-16169\" src=\"http:\/\/bitessiulai.lt\/wp-content\/uploads\/2025\/09\/K33007-4-300x300.webp\" alt=\"\" width=\"300\" height=\"300\" srcset=\"https:\/\/bitessiulai.lt\/wp-content\/uploads\/2025\/09\/K33007-4-300x300.webp 300w, https:\/\/bitessiulai.lt\/wp-content\/uploads\/2025\/09\/K33007-4-150x150.webp 150w, https:\/\/bitessiulai.lt\/wp-content\/uploads\/2025\/09\/K33007-4-12x12.webp 12w, https:\/\/bitessiulai.lt\/wp-content\/uploads\/2025\/09\/K33007-4-600x600.webp 600w, https:\/\/bitessiulai.lt\/wp-content\/uploads\/2025\/09\/K33007-4-96x96.webp 96w, https:\/\/bitessiulai.lt\/wp-content\/uploads\/2025\/09\/K33007-4.webp 700w\" sizes=\"(max-width: 300px) 100vw, 300px\" \/> <img decoding=\"async\" class=\"alignnone size-medium wp-image-16170\" src=\"http:\/\/bitessiulai.lt\/wp-content\/uploads\/2025\/09\/K33007-3-300x300.webp\" alt=\"\" width=\"300\" height=\"300\" srcset=\"https:\/\/bitessiulai.lt\/wp-content\/uploads\/2025\/09\/K33007-3-300x300.webp 300w, https:\/\/bitessiulai.lt\/wp-content\/uploads\/2025\/09\/K33007-3-150x150.webp 150w, https:\/\/bitessiulai.lt\/wp-content\/uploads\/2025\/09\/K33007-3-12x12.webp 12w, https:\/\/bitessiulai.lt\/wp-content\/uploads\/2025\/09\/K33007-3-600x600.webp 600w, https:\/\/bitessiulai.lt\/wp-content\/uploads\/2025\/09\/K33007-3-96x96.webp 96w, https:\/\/bitessiulai.lt\/wp-content\/uploads\/2025\/09\/K33007-3.webp 700w\" sizes=\"(max-width: 300px) 100vw, 300px\" \/><\/p>","protected":false},"excerpt":{"rendered":"<p>KnitPro dvigub\u0173 virbal\u0173 rinkinys kojin\u0117ms 20 cm. Su \u201eKnitPro\u201c spalvot\u0173 aliuminio dvismaili\u0173 virbal\u0173 rinkiniu tur\u0117site kelet\u0105 skirting\u0173 dvismaili\u0173 virbal\u0173 \u012fvairiems projektams. Be kojini\u0173, jie idealiai tinka kepuri\u0173, pir\u0161tini\u0173, rankovi\u0173 ir vis\u0173 kit\u0173 k\u016bdiki\u0173 reikmen\u0173 mezgimui. Virbalai pagaminti i\u0161 auk\u0161tos kokyb\u0117s \u0161viesaus aliuminio ir pasi\u017eymi gra\u017eiu raudonai m\u0117lynu metaliniu blizgesiu. Virbal\u0173 dydis ai\u0161kiai \u012fspaustas lazeriu ant kiekvienos virbalo, kad gal\u0117tum\u0117te lengvai atpa\u017einti tinkam\u0105 dyd\u012f. Virbalus patogu laikyti ir jie turi siaurus, smail\u0117jan\u010dius galiukus. Lygus pavir\u0161ius leid\u017eia si\u016blams lengvai slysti per virbal\u0105. \u0160iame \u201eKnitPro\u201c spalvot\u0173 aliuminio 20 cm ilgio dvismaili\u0173 virbal\u0173 rinkinyje yra 6 rinkiniai po 5 virbalus, kuri\u0173 dyd\u017eiai yra 2,50, 3,00, 3,50, 4,00, 4,50 ir 5,00 mm. Rinkinys supakuotas gra\u017eioje u\u017etraukiamame raudonos ir m\u0117lynos spalvos audinio d\u0117\u017eut\u0117je.<\/p>","protected":false},"featured_media":16166,"comment_status":"open","ping_status":"closed","template":"","meta":[],"product_brand":[],"product_cat":[180,2440,3718,186,181],"product_tag":[],"giftcard-category":[],"class_list":{"0":"post-16165","1":"product","2":"type-product","3":"status-publish","4":"has-post-thumbnail","6":"product_cat-mezgimo-priemones","7":"product_cat-knitpro","8":"product_cat-naujienos","9":"product_cat-virbalai-kojinems","10":"product_cat-virbalu-rinkiniai","12":"first","13":"instock","14":"taxable","15":"shipping-taxable","16":"purchasable","17":"product-type-simple"},"_links":{"self":[{"href":"https:\/\/bitessiulai.lt\/fi\/wp-json\/wp\/v2\/product\/16165","targetHints":{"allow":["GET"]}}],"collection":[{"href":"https:\/\/bitessiulai.lt\/fi\/wp-json\/wp\/v2\/product"}],"about":[{"href":"https:\/\/bitessiulai.lt\/fi\/wp-json\/wp\/v2\/types\/product"}],"replies":[{"embeddable":true,"href":"https:\/\/bitessiulai.lt\/fi\/wp-json\/wp\/v2\/comments?post=16165"}],"version-history":[{"count":0,"href":"https:\/\/bitessiulai.lt\/fi\/wp-json\/wp\/v2\/product\/16165\/revisions"}],"wp:featuredmedia":[{"embeddable":true,"href":"https:\/\/bitessiulai.lt\/fi\/wp-json\/wp\/v2\/media\/16166"}],"wp:attachment":[{"href":"https:\/\/bitessiulai.lt\/fi\/wp-json\/wp\/v2\/media?parent=16165"}],"wp:term":[{"taxonomy":"product_brand","embeddable":true,"href":"https:\/\/bitessiulai.lt\/fi\/wp-json\/wp\/v2\/product_brand?post=16165"},{"taxonomy":"product_cat","embeddable":true,"href":"https:\/\/bitessiulai.lt\/fi\/wp-json\/wp\/v2\/product_cat?post=16165"},{"taxonomy":"product_tag","embeddable":true,"href":"https:\/\/bitessiulai.lt\/fi\/wp-json\/wp\/v2\/product_tag?post=16165"},{"taxonomy":"giftcard-category","embeddable":true,"href":"https:\/\/bitessiulai.lt\/fi\/wp-json\/wp\/v2\/giftcard-category?post=16165"}],"curies":[{"name":"wp","href":"https:\/\/api.w.org\/{rel}","templated":true}]}}