{"id":16136,"date":"2025-09-06T12:27:18","date_gmt":"2025-09-06T09:27:18","guid":{"rendered":"https:\/\/bitessiulai.lt\/?post_type=product&#038;p=16136"},"modified":"2026-02-16T13:24:57","modified_gmt":"2026-02-16T11:24:57","slug":"gleener-swift-audiniu-prieziuros-priemone","status":"publish","type":"product","link":"https:\/\/bitessiulai.lt\/fi\/tuote\/gleener-swift-audiniu-prieziuros-priemone\/","title":{"rendered":"Gleener Swift -kankaanhoito"},"content":{"rendered":"<p>Gleener Swift -tekstiilien hoitoaine \u2013<span style=\"letter-spacing: 0px;\"> varmistaa, ett\u00e4 vaatteesi, huonekalusi ja kodinsisusteet kest\u00e4v\u00e4t pidemp\u00e4\u00e4n, n\u00e4ytt\u00e4v\u00e4t paremmilta ja niist\u00e4 on ilo nauttia pidemp\u00e4\u00e4n. Se suojaa synteettisi\u00e4, puuvillaisia ja villaisia kankaita nukkaamiselta. Kitka, pesu tai kuluminen voivat aiheuttaa kankaan nukkaantumista. T\u00e4m\u00e4 peitt\u00e4\u00e4 koko pinnan nukkaan, jolloin kangas n\u00e4ytt\u00e4\u00e4 yht\u00e4kki\u00e4 vanhalta ja kuluneelta. T\u00e4m\u00e4n tekstiilinhoitoaineen avulla nukka on pian menneisyytt\u00e4.<\/span><\/p>\n<p><span dir=\"auto\">Gleener Swift -ty\u00f6kalun kahva on valmistettu kierr\u00e4tetyst\u00e4 muovista, ja sen ergonominen muotoilu tekee siit\u00e4 mukavan otteen. Ty\u00f6kalussa on kaksi erilaista lis\u00e4osaa, jotka voidaan kiinnitt\u00e4\u00e4 toiseen p\u00e4\u00e4h\u00e4n:<\/span><\/p>\n<ul>\n<li><span dir=\"auto\">Reuna 1: sopii paksuille villakankaille ja synteettisille kankaille<\/span><\/li>\n<li><span dir=\"auto\">Reuna 2: sopii keskikoville kankaille, kuten kashmirille, merinovillalle ja muille hienommille villoille<\/span><\/li>\n<\/ul>\n<p><span dir=\"auto\">Lis\u00e4varusteiden vaihtaminen on eritt\u00e4in helppoa. Jokainen lis\u00e4varuste voidaan irrottaa napin painalluksella ja seuraava voidaan yksinkertaisesti asettaa takaisin. K\u00e4ytt\u00e4m\u00e4t\u00f6nt\u00e4 lis\u00e4varustetta voidaan k\u00e4tev\u00e4sti s\u00e4ilytt\u00e4\u00e4 kahvassa. Gleener Swift -tekstiilien hoitoaine ei vaadi verkkovirtaa tai paristoja, joten se on eritt\u00e4in ymp\u00e4rist\u00f6yst\u00e4v\u00e4llinen. Jokainen pakkaus sis\u00e4lt\u00e4\u00e4 Gleener Swift -tekstiilien hoitoaineen ja 2 lis\u00e4varustetta.<\/span><\/p>\n<p><img fetchpriority=\"high\" decoding=\"async\" class=\"alignnone size-medium wp-image-16139\" src=\"http:\/\/bitessiulai.lt\/wp-content\/uploads\/2025\/09\/SWIFT-CT-INT-9-300x300.webp\" alt=\"\" width=\"300\" height=\"300\" srcset=\"https:\/\/bitessiulai.lt\/wp-content\/uploads\/2025\/09\/SWIFT-CT-INT-9-300x300.webp 300w, https:\/\/bitessiulai.lt\/wp-content\/uploads\/2025\/09\/SWIFT-CT-INT-9-150x150.webp 150w, https:\/\/bitessiulai.lt\/wp-content\/uploads\/2025\/09\/SWIFT-CT-INT-9-12x12.webp 12w, https:\/\/bitessiulai.lt\/wp-content\/uploads\/2025\/09\/SWIFT-CT-INT-9-600x600.webp 600w, https:\/\/bitessiulai.lt\/wp-content\/uploads\/2025\/09\/SWIFT-CT-INT-9-96x96.webp 96w, https:\/\/bitessiulai.lt\/wp-content\/uploads\/2025\/09\/SWIFT-CT-INT-9.webp 700w\" sizes=\"(max-width: 300px) 100vw, 300px\" \/> <img decoding=\"async\" class=\"alignnone size-medium wp-image-16140\" src=\"http:\/\/bitessiulai.lt\/wp-content\/uploads\/2025\/09\/SWIFT-CT-INT-8-300x300.webp\" alt=\"\" width=\"300\" height=\"300\" srcset=\"https:\/\/bitessiulai.lt\/wp-content\/uploads\/2025\/09\/SWIFT-CT-INT-8-300x300.webp 300w, https:\/\/bitessiulai.lt\/wp-content\/uploads\/2025\/09\/SWIFT-CT-INT-8-150x150.webp 150w, https:\/\/bitessiulai.lt\/wp-content\/uploads\/2025\/09\/SWIFT-CT-INT-8-12x12.webp 12w, https:\/\/bitessiulai.lt\/wp-content\/uploads\/2025\/09\/SWIFT-CT-INT-8-600x600.webp 600w, https:\/\/bitessiulai.lt\/wp-content\/uploads\/2025\/09\/SWIFT-CT-INT-8-96x96.webp 96w, https:\/\/bitessiulai.lt\/wp-content\/uploads\/2025\/09\/SWIFT-CT-INT-8.webp 700w\" sizes=\"(max-width: 300px) 100vw, 300px\" \/> <img decoding=\"async\" class=\"alignnone size-medium wp-image-16141\" src=\"http:\/\/bitessiulai.lt\/wp-content\/uploads\/2025\/09\/SWIFT-CT-INT-6-300x300.webp\" alt=\"\" width=\"300\" height=\"300\" srcset=\"https:\/\/bitessiulai.lt\/wp-content\/uploads\/2025\/09\/SWIFT-CT-INT-6-300x300.webp 300w, https:\/\/bitessiulai.lt\/wp-content\/uploads\/2025\/09\/SWIFT-CT-INT-6-150x150.webp 150w, https:\/\/bitessiulai.lt\/wp-content\/uploads\/2025\/09\/SWIFT-CT-INT-6-12x12.webp 12w, https:\/\/bitessiulai.lt\/wp-content\/uploads\/2025\/09\/SWIFT-CT-INT-6-600x600.webp 600w, https:\/\/bitessiulai.lt\/wp-content\/uploads\/2025\/09\/SWIFT-CT-INT-6-96x96.webp 96w, https:\/\/bitessiulai.lt\/wp-content\/uploads\/2025\/09\/SWIFT-CT-INT-6.webp 700w\" sizes=\"(max-width: 300px) 100vw, 300px\" \/> <img loading=\"lazy\" decoding=\"async\" class=\"alignnone size-medium wp-image-16142\" src=\"http:\/\/bitessiulai.lt\/wp-content\/uploads\/2025\/09\/SWIFT-CT-INT-5-300x300.webp\" alt=\"\" width=\"300\" height=\"300\" srcset=\"https:\/\/bitessiulai.lt\/wp-content\/uploads\/2025\/09\/SWIFT-CT-INT-5-300x300.webp 300w, https:\/\/bitessiulai.lt\/wp-content\/uploads\/2025\/09\/SWIFT-CT-INT-5-150x150.webp 150w, https:\/\/bitessiulai.lt\/wp-content\/uploads\/2025\/09\/SWIFT-CT-INT-5-12x12.webp 12w, https:\/\/bitessiulai.lt\/wp-content\/uploads\/2025\/09\/SWIFT-CT-INT-5-600x600.webp 600w, https:\/\/bitessiulai.lt\/wp-content\/uploads\/2025\/09\/SWIFT-CT-INT-5-96x96.webp 96w, https:\/\/bitessiulai.lt\/wp-content\/uploads\/2025\/09\/SWIFT-CT-INT-5.webp 700w\" sizes=\"(max-width: 300px) 100vw, 300px\" \/> <img loading=\"lazy\" decoding=\"async\" class=\"alignnone size-medium wp-image-16143\" src=\"http:\/\/bitessiulai.lt\/wp-content\/uploads\/2025\/09\/SWIFT-CT-INT-4-300x300.webp\" alt=\"\" width=\"300\" height=\"300\" srcset=\"https:\/\/bitessiulai.lt\/wp-content\/uploads\/2025\/09\/SWIFT-CT-INT-4-300x300.webp 300w, https:\/\/bitessiulai.lt\/wp-content\/uploads\/2025\/09\/SWIFT-CT-INT-4-150x150.webp 150w, https:\/\/bitessiulai.lt\/wp-content\/uploads\/2025\/09\/SWIFT-CT-INT-4-12x12.webp 12w, https:\/\/bitessiulai.lt\/wp-content\/uploads\/2025\/09\/SWIFT-CT-INT-4-600x600.webp 600w, https:\/\/bitessiulai.lt\/wp-content\/uploads\/2025\/09\/SWIFT-CT-INT-4-96x96.webp 96w, https:\/\/bitessiulai.lt\/wp-content\/uploads\/2025\/09\/SWIFT-CT-INT-4.webp 700w\" sizes=\"(max-width: 300px) 100vw, 300px\" \/> <img loading=\"lazy\" decoding=\"async\" class=\"alignnone size-medium wp-image-16144\" src=\"http:\/\/bitessiulai.lt\/wp-content\/uploads\/2025\/09\/SWIFT-CT-INT-2-300x300.webp\" alt=\"\" width=\"300\" height=\"300\" srcset=\"https:\/\/bitessiulai.lt\/wp-content\/uploads\/2025\/09\/SWIFT-CT-INT-2-300x300.webp 300w, https:\/\/bitessiulai.lt\/wp-content\/uploads\/2025\/09\/SWIFT-CT-INT-2-150x150.webp 150w, https:\/\/bitessiulai.lt\/wp-content\/uploads\/2025\/09\/SWIFT-CT-INT-2-12x12.webp 12w, https:\/\/bitessiulai.lt\/wp-content\/uploads\/2025\/09\/SWIFT-CT-INT-2-600x600.webp 600w, https:\/\/bitessiulai.lt\/wp-content\/uploads\/2025\/09\/SWIFT-CT-INT-2-96x96.webp 96w, https:\/\/bitessiulai.lt\/wp-content\/uploads\/2025\/09\/SWIFT-CT-INT-2.webp 700w\" sizes=\"(max-width: 300px) 100vw, 300px\" \/><\/p>","protected":false},"excerpt":{"rendered":"<p>Gleener Swift audini\u0173 prie\u017ei\u016bros priemon\u0117 &#8211; u\u017etikrina, kad j\u016bs\u0173 drabu\u017eiai, baldai ir nam\u0173 aksesuarai tarnaut\u0173 ilgiau, atrodyt\u0173 geriau, kad gal\u0117tum\u0117te jais ilgiau d\u017eiaugtis. Jis apsaugo sintetinius, medvilninius ir vilnonius audinius nuo p\u016bkeli\u0173. Trintis, skalbimas ar d\u0117v\u0117jimas gali sukelti audinio pumpuravim\u0105. D\u0117l to visas pavir\u0161ius pasidengia p\u016bkeliais, tod\u0117l audinys staiga atrodo senas ir susid\u0117v\u0117j\u0119s. Su \u0161iuo audini\u0173 prie\u017ei\u016bros priemone p\u016bkeliai netrukus taps praeitimi. \u201eGleener Swift\u201c rankena pagaminta i\u0161 perdirbto plastiko ir yra patogi laikyti d\u0117l ergonomi\u0161ko dizaino. \u0160is \u012frankis tiekiamas su dviem skirtingais priedais, kuriuos galima u\u017ed\u0117ti viename gale: 1 kra\u0161tas: tinka sunkiems vilnos ir storiems sintetiniams audiniams 2 kra\u0161tas: tinka vidutinio kietumo audiniams, tokioms med\u017eiagoms kaip ka\u0161myras, merino vilna ir kitos smulkesn\u0117s vilnos r\u016b\u0161ys Priedus keisti labai paprasta. Kiekvien\u0105 pried\u0105 galima nuimti vienu mygtuko paspaudimu, o kit\u0105 tiesiog \u012fstatyti atgal. Nenaudojam\u0105 pried\u0105 galima patogiai laikyti rankenoje. Norint naudoti Gleener Swift audini\u0173 prie\u017ei\u016bros priemon\u0119 , nereikia elektros tinklo ar baterij\u0173, tod\u0117l jis labai draugi\u0161kas aplinkai. Kiekvienoje pakuot\u0117je yra Gleener Swift audini\u0173 prie\u017ei\u016bros priemon\u0117 ir 2 priedai.<\/p>","protected":false},"featured_media":16137,"comment_status":"open","ping_status":"closed","template":"","meta":[],"product_brand":[],"product_cat":[192,203,3718],"product_tag":[],"giftcard-category":[],"class_list":{"0":"post-16136","1":"product","2":"type-product","3":"status-publish","4":"has-post-thumbnail","6":"product_cat-priedai-mezgimui","7":"product_cat-mezginiu-prieziura","8":"product_cat-naujienos","10":"first","11":"instock","12":"taxable","13":"shipping-taxable","14":"purchasable","15":"product-type-simple"},"_links":{"self":[{"href":"https:\/\/bitessiulai.lt\/fi\/wp-json\/wp\/v2\/product\/16136","targetHints":{"allow":["GET"]}}],"collection":[{"href":"https:\/\/bitessiulai.lt\/fi\/wp-json\/wp\/v2\/product"}],"about":[{"href":"https:\/\/bitessiulai.lt\/fi\/wp-json\/wp\/v2\/types\/product"}],"replies":[{"embeddable":true,"href":"https:\/\/bitessiulai.lt\/fi\/wp-json\/wp\/v2\/comments?post=16136"}],"version-history":[{"count":1,"href":"https:\/\/bitessiulai.lt\/fi\/wp-json\/wp\/v2\/product\/16136\/revisions"}],"predecessor-version":[{"id":21000,"href":"https:\/\/bitessiulai.lt\/fi\/wp-json\/wp\/v2\/product\/16136\/revisions\/21000"}],"wp:featuredmedia":[{"embeddable":true,"href":"https:\/\/bitessiulai.lt\/fi\/wp-json\/wp\/v2\/media\/16137"}],"wp:attachment":[{"href":"https:\/\/bitessiulai.lt\/fi\/wp-json\/wp\/v2\/media?parent=16136"}],"wp:term":[{"taxonomy":"product_brand","embeddable":true,"href":"https:\/\/bitessiulai.lt\/fi\/wp-json\/wp\/v2\/product_brand?post=16136"},{"taxonomy":"product_cat","embeddable":true,"href":"https:\/\/bitessiulai.lt\/fi\/wp-json\/wp\/v2\/product_cat?post=16136"},{"taxonomy":"product_tag","embeddable":true,"href":"https:\/\/bitessiulai.lt\/fi\/wp-json\/wp\/v2\/product_tag?post=16136"},{"taxonomy":"giftcard-category","embeddable":true,"href":"https:\/\/bitessiulai.lt\/fi\/wp-json\/wp\/v2\/giftcard-category?post=16136"}],"curies":[{"name":"wp","href":"https:\/\/api.w.org\/{rel}","templated":true}]}}