{"id":16107,"date":"2025-09-06T11:06:46","date_gmt":"2025-09-06T08:06:46","guid":{"rendered":"https:\/\/bitessiulai.lt\/?post_type=product&#038;p=16107"},"modified":"2025-12-08T11:18:32","modified_gmt":"2025-12-08T09:18:32","slug":"prym-vilnos-sukos","status":"publish","type":"product","link":"https:\/\/bitessiulai.lt\/fi\/tuote\/prym-vilnos-sukos\/","title":{"rendered":"Prym-villakampa"},"content":{"rendered":"<p>Prym-villakampa. Villakampa sopii t\u00e4ydellisesti tiukasti neulottujen villavaatteiden raikastamiseen. T\u00e4ss\u00e4 villakampassa on tukeva muovikahva ja se on valmistettu vulkanoidusta metalliverkosta. Kampa poistaa sotkeutuneet kuidut ja saa villakankaat n\u00e4ytt\u00e4m\u00e4\u00e4n uudenveroisilta.<\/p>\n<p><img fetchpriority=\"high\" decoding=\"async\" class=\"alignnone size-medium wp-image-16110\" src=\"http:\/\/bitessiulai.lt\/wp-content\/uploads\/2025\/09\/611.733-3-300x300.webp\" alt=\"\" width=\"300\" height=\"300\" srcset=\"https:\/\/bitessiulai.lt\/wp-content\/uploads\/2025\/09\/611.733-3-300x300.webp 300w, https:\/\/bitessiulai.lt\/wp-content\/uploads\/2025\/09\/611.733-3-150x150.webp 150w, https:\/\/bitessiulai.lt\/wp-content\/uploads\/2025\/09\/611.733-3-12x12.webp 12w, https:\/\/bitessiulai.lt\/wp-content\/uploads\/2025\/09\/611.733-3-600x600.webp 600w, https:\/\/bitessiulai.lt\/wp-content\/uploads\/2025\/09\/611.733-3-96x96.webp 96w, https:\/\/bitessiulai.lt\/wp-content\/uploads\/2025\/09\/611.733-3.webp 700w\" sizes=\"(max-width: 300px) 100vw, 300px\" \/><\/p>","protected":false},"excerpt":{"rendered":"<p>Prym-villakampa. Villakampa sopii t\u00e4ydellisesti tiukasti neulottujen villavaatteiden raikastamiseen. T\u00e4ss\u00e4 villakampassa on tukeva muovikahva ja se on valmistettu vulkanoidusta metalliverkosta. Kampa poistaa sotkeutuneet kuidut ja saa villakankaat n\u00e4ytt\u00e4m\u00e4\u00e4n uudenveroisilta.<\/p>","protected":false},"featured_media":16109,"comment_status":"open","ping_status":"closed","template":"","meta":[],"product_brand":[],"product_cat":[192,203,3718],"product_tag":[],"giftcard-category":[],"class_list":{"0":"post-16107","1":"product","2":"type-product","3":"status-publish","4":"has-post-thumbnail","6":"product_cat-priedai-mezgimui","7":"product_cat-mezginiu-prieziura","8":"product_cat-naujienos","10":"first","11":"outofstock","12":"taxable","13":"shipping-taxable","14":"purchasable","15":"product-type-simple"},"_links":{"self":[{"href":"https:\/\/bitessiulai.lt\/fi\/wp-json\/wp\/v2\/product\/16107","targetHints":{"allow":["GET"]}}],"collection":[{"href":"https:\/\/bitessiulai.lt\/fi\/wp-json\/wp\/v2\/product"}],"about":[{"href":"https:\/\/bitessiulai.lt\/fi\/wp-json\/wp\/v2\/types\/product"}],"replies":[{"embeddable":true,"href":"https:\/\/bitessiulai.lt\/fi\/wp-json\/wp\/v2\/comments?post=16107"}],"version-history":[{"count":0,"href":"https:\/\/bitessiulai.lt\/fi\/wp-json\/wp\/v2\/product\/16107\/revisions"}],"wp:featuredmedia":[{"embeddable":true,"href":"https:\/\/bitessiulai.lt\/fi\/wp-json\/wp\/v2\/media\/16109"}],"wp:attachment":[{"href":"https:\/\/bitessiulai.lt\/fi\/wp-json\/wp\/v2\/media?parent=16107"}],"wp:term":[{"taxonomy":"product_brand","embeddable":true,"href":"https:\/\/bitessiulai.lt\/fi\/wp-json\/wp\/v2\/product_brand?post=16107"},{"taxonomy":"product_cat","embeddable":true,"href":"https:\/\/bitessiulai.lt\/fi\/wp-json\/wp\/v2\/product_cat?post=16107"},{"taxonomy":"product_tag","embeddable":true,"href":"https:\/\/bitessiulai.lt\/fi\/wp-json\/wp\/v2\/product_tag?post=16107"},{"taxonomy":"giftcard-category","embeddable":true,"href":"https:\/\/bitessiulai.lt\/fi\/wp-json\/wp\/v2\/giftcard-category?post=16107"}],"curies":[{"name":"wp","href":"https:\/\/api.w.org\/{rel}","templated":true}]}}