{"id":16094,"date":"2025-09-06T10:54:50","date_gmt":"2025-09-06T07:54:50","guid":{"rendered":"https:\/\/bitessiulai.lt\/?post_type=product&#038;p=16094"},"modified":"2026-03-12T14:39:54","modified_gmt":"2026-03-12T12:39:54","slug":"eucalan-skystas-skalbiklis-su-jazminu-kvapu-500ml","status":"publish","type":"product","link":"https:\/\/bitessiulai.lt\/fi\/tuote\/eucalan-skystas-skalbiklis-su-jazminu-kvapu-500ml\/","title":{"rendered":"Eucalan nestem\u00e4inen pesuaine jasmiinin tuoksulla 500ml"},"content":{"rendered":"<p>Eucalan nestem\u00e4inen pyykinpesuaine jasmiinin tuoksulla 500ml. <b><span dir=\"auto\">Eucalan<\/span><\/b><span dir=\"auto\">\u00a0 Pesuaine sis\u00e4lt\u00e4\u00e4 lanoliinia, joka vahvistaa villatuotteiden kuituja ja auttaa niit\u00e4 pysym\u00e4\u00e4n optimaalisessa kunnossa. T\u00e4m\u00e4 jasmiinin tuoksuinen versio eteerisell\u00e4 \u00f6ljyll\u00e4 antaa pyykillesi miellytt\u00e4v\u00e4n tuoksun. Eucalan on myrkyt\u00f6n, vapaa optisista kirkasteista, keinotekoisista hajusteista eik\u00e4 j\u00e4t\u00e4 j\u00e4lki\u00e4 vaatteisiisi. Eucalan on ihanteellinen pesuaine neule- ja virkattujen tuotteiden, alusvaatteiden, vauvanvaatteiden ja pehmolelujen pesuun. Jokainen pullo sis\u00e4lt\u00e4\u00e4 500 ml pesuainetta.\u00a0<\/span><\/p>\n<p><span dir=\"auto\">Ainesosaluettelo:<\/span><\/p>\n<ul>\n<li><span dir=\"auto\">eteerinen \u00f6ljy (luonnollinen jasmiini\u00f6ljy)<\/span><\/li>\n<li><span dir=\"auto\">ammoniumlauryylisulfaatti (kasvisaippua)<\/span><\/li>\n<li><span dir=\"auto\">ammoniumkloridi (sakeuttamisaineena k\u00e4ytetty ammoniumsuola)<\/span><\/li>\n<li><span dir=\"auto\">kokamidi MEA (heikko vaahdotusaine ja sakeuttamisaine, kasviper\u00e4inen)<\/span><\/li>\n<li><span dir=\"auto\">puhdistettu vesi<\/span><\/li>\n<li><span dir=\"auto\">hydroksipropyylimetyyliselluloosa (kasvipohjainen sakeuttamisaine)<\/span><\/li>\n<li><span dir=\"auto\">PEG 75 -lanoliini (luonnosta per\u00e4isin oleva lanoliini)<\/span><\/li>\n<li><span dir=\"auto\">metyylikloori-isotiatsolinoni (antibakteerinen s\u00e4il\u00f6nt\u00e4aine)<\/span><\/li>\n<\/ul>\n<p><img fetchpriority=\"high\" decoding=\"async\" class=\"alignnone size-medium wp-image-16097\" src=\"http:\/\/bitessiulai.lt\/wp-content\/uploads\/2025\/09\/config500ml_4-300x300.webp\" alt=\"\" width=\"300\" height=\"300\" srcset=\"https:\/\/bitessiulai.lt\/wp-content\/uploads\/2025\/09\/config500ml_4-300x300.webp 300w, https:\/\/bitessiulai.lt\/wp-content\/uploads\/2025\/09\/config500ml_4-150x150.webp 150w, https:\/\/bitessiulai.lt\/wp-content\/uploads\/2025\/09\/config500ml_4-12x12.webp 12w, https:\/\/bitessiulai.lt\/wp-content\/uploads\/2025\/09\/config500ml_4-600x600.webp 600w, https:\/\/bitessiulai.lt\/wp-content\/uploads\/2025\/09\/config500ml_4-96x96.webp 96w, https:\/\/bitessiulai.lt\/wp-content\/uploads\/2025\/09\/config500ml_4.webp 700w\" sizes=\"(max-width: 300px) 100vw, 300px\" \/> <img decoding=\"async\" class=\"alignnone size-medium wp-image-16098\" src=\"http:\/\/bitessiulai.lt\/wp-content\/uploads\/2025\/09\/config-300x300.webp\" alt=\"\" width=\"300\" height=\"300\" srcset=\"https:\/\/bitessiulai.lt\/wp-content\/uploads\/2025\/09\/config-300x300.webp 300w, https:\/\/bitessiulai.lt\/wp-content\/uploads\/2025\/09\/config-150x150.webp 150w, https:\/\/bitessiulai.lt\/wp-content\/uploads\/2025\/09\/config-12x12.webp 12w, https:\/\/bitessiulai.lt\/wp-content\/uploads\/2025\/09\/config-600x600.webp 600w, https:\/\/bitessiulai.lt\/wp-content\/uploads\/2025\/09\/config-96x96.webp 96w, https:\/\/bitessiulai.lt\/wp-content\/uploads\/2025\/09\/config.webp 700w\" sizes=\"(max-width: 300px) 100vw, 300px\" \/> <img decoding=\"async\" class=\"alignnone size-medium wp-image-16099\" src=\"http:\/\/bitessiulai.lt\/wp-content\/uploads\/2025\/09\/wlg-wsm-300x300.webp\" alt=\"\" width=\"300\" height=\"300\" srcset=\"https:\/\/bitessiulai.lt\/wp-content\/uploads\/2025\/09\/wlg-wsm-300x300.webp 300w, https:\/\/bitessiulai.lt\/wp-content\/uploads\/2025\/09\/wlg-wsm-150x150.webp 150w, https:\/\/bitessiulai.lt\/wp-content\/uploads\/2025\/09\/wlg-wsm-12x12.webp 12w, https:\/\/bitessiulai.lt\/wp-content\/uploads\/2025\/09\/wlg-wsm-600x600.webp 600w, https:\/\/bitessiulai.lt\/wp-content\/uploads\/2025\/09\/wlg-wsm-96x96.webp 96w, https:\/\/bitessiulai.lt\/wp-content\/uploads\/2025\/09\/wlg-wsm.webp 700w\" sizes=\"(max-width: 300px) 100vw, 300px\" \/><\/p>","protected":false},"excerpt":{"rendered":"<p>Eucalan skystas skalbiklis su jazmin\u0173 kvapu 500ml . \u201eEucalan\u201c\u00a0 skalbiklio sud\u0117tyje yra lanolino, kuris stiprina vilnoni\u0173 gamini\u0173 pluo\u0161tus ir padeda jiems i\u0161likti optimalios b\u016bkl\u0117s. \u0160is jazmin\u0173 kvapo variantas su eteriniu aliejumi suteiks j\u016bs\u0173 skalbiniams malon\u0173 kvap\u0105. \u201eEucalan\u201c yra netoksi\u0161kas, be optini\u0173 balikli\u0173, dirbtini\u0173 kvapikli\u0173 ir nepalieka joki\u0173 p\u0117dsak\u0173 ant j\u016bs\u0173 drabu\u017ei\u0173. \u201eEucalan\u201c yra idealus skalbiklis megztiems ir nertiems gaminiams, apatiniams, k\u016bdiki\u0173 drabu\u017eiams ir pliu\u0161iniams \u017eaislams skalbti. Kiekviename buteliuke yra 500 ml skalbiklio.\u00a0 Ingredient\u0173 s\u0105ra\u0161as: eterinis aliejus (nat\u016bralus jazmin\u0173 aliejus) amonio laurilsulfatas (augalinis muilas) amonio chloridas (amonio druska, naudojama kaip tir\u0161tiklis) kokamidas MEA (silpnas putojantis agentas ir augalin\u0117s kilm\u0117s tir\u0161tiklis) i\u0161grynintas vanduo hidroksipropilmetilceliulioz\u0117 (augalin\u0117s kilm\u0117s tir\u0161tiklis) PEG 75 lanolinas (nat\u016braliai i\u0161gaunamas lanolinas) metilchlorizotiazolinonas (antibakterinis konservantas)<\/p>","protected":false},"featured_media":16095,"comment_status":"open","ping_status":"closed","template":"","meta":[],"product_brand":[],"product_cat":[192,203,3718],"product_tag":[],"giftcard-category":[],"class_list":{"0":"post-16094","1":"product","2":"type-product","3":"status-publish","4":"has-post-thumbnail","6":"product_cat-priedai-mezgimui","7":"product_cat-mezginiu-prieziura","8":"product_cat-naujienos","10":"first","11":"instock","12":"taxable","13":"shipping-taxable","14":"purchasable","15":"product-type-simple"},"_links":{"self":[{"href":"https:\/\/bitessiulai.lt\/fi\/wp-json\/wp\/v2\/product\/16094","targetHints":{"allow":["GET"]}}],"collection":[{"href":"https:\/\/bitessiulai.lt\/fi\/wp-json\/wp\/v2\/product"}],"about":[{"href":"https:\/\/bitessiulai.lt\/fi\/wp-json\/wp\/v2\/types\/product"}],"replies":[{"embeddable":true,"href":"https:\/\/bitessiulai.lt\/fi\/wp-json\/wp\/v2\/comments?post=16094"}],"version-history":[{"count":1,"href":"https:\/\/bitessiulai.lt\/fi\/wp-json\/wp\/v2\/product\/16094\/revisions"}],"predecessor-version":[{"id":23777,"href":"https:\/\/bitessiulai.lt\/fi\/wp-json\/wp\/v2\/product\/16094\/revisions\/23777"}],"wp:featuredmedia":[{"embeddable":true,"href":"https:\/\/bitessiulai.lt\/fi\/wp-json\/wp\/v2\/media\/16095"}],"wp:attachment":[{"href":"https:\/\/bitessiulai.lt\/fi\/wp-json\/wp\/v2\/media?parent=16094"}],"wp:term":[{"taxonomy":"product_brand","embeddable":true,"href":"https:\/\/bitessiulai.lt\/fi\/wp-json\/wp\/v2\/product_brand?post=16094"},{"taxonomy":"product_cat","embeddable":true,"href":"https:\/\/bitessiulai.lt\/fi\/wp-json\/wp\/v2\/product_cat?post=16094"},{"taxonomy":"product_tag","embeddable":true,"href":"https:\/\/bitessiulai.lt\/fi\/wp-json\/wp\/v2\/product_tag?post=16094"},{"taxonomy":"giftcard-category","embeddable":true,"href":"https:\/\/bitessiulai.lt\/fi\/wp-json\/wp\/v2\/giftcard-category?post=16094"}],"curies":[{"name":"wp","href":"https:\/\/api.w.org\/{rel}","templated":true}]}}