{"id":16038,"date":"2025-09-06T09:20:14","date_gmt":"2025-09-06T06:20:14","guid":{"rendered":"https:\/\/bitessiulai.lt\/?post_type=product&#038;p=16038"},"modified":"2025-10-15T13:46:21","modified_gmt":"2025-10-15T10:46:21","slug":"knitpro-zing-dvismailiu-virbalu-rinkinys-20-cm-25-50-mm","status":"publish","type":"product","link":"https:\/\/bitessiulai.lt\/fi\/tuote\/knitpro-zing-dvismailiu-virbalu-rinkinys-20-cm-25-50-mm\/","title":{"rendered":"KnitPro Zing -sukkapuikot, kaksik\u00e4rkiset, 20 cm, 2,5\u20135,0 mm"},"content":{"rendered":"<p><b><span dir=\"auto\">KnitPro Zing -sukkien sukkapuikot 20 cm, 2,5-5,0 mm. <\/span><\/b><span dir=\"auto\">S<\/span><span dir=\"auto\">KnitProssa<\/span><span dir=\"auto\">\u00a0Zing-puikkosettien avulla voit valita useista eri puikoista monenlaisiin projekteihin. Sukkien lis\u00e4ksi ne sopivat erinomaisesti my\u00f6s pipojen, k\u00e4sineiden, hihojen ja erilaisten vauvatarvikkeiden neulomiseen. KnitPron Zing-malliston puikkosetit on valmistettu korkealaatuisesta vaaleasta alumiinista ja ne hohtavat kauniilla metallinhohtoisilla s\u00e4vyill\u00e4. Jokaisella puikkokoolla on oma kirkas v\u00e4rins\u00e4, ja puikon koko on my\u00f6s selke\u00e4sti lasertulostettu jokaiseen puikkoon, joten oikean koon tunnistaminen on helppoa. Puikot sopivat mukavasti k\u00e4teen ja niiss\u00e4 on kapeat, kapenevat hopeanv\u00e4riset k\u00e4rjet. Sile\u00e4 pinta antaa langan liukua helposti neulan l\u00e4pi. <\/span><\/p>\n<p><span dir=\"auto\">T\u00e4m\u00e4 KnitPro Zing -py\u00f6r\u00f6puikkosetti sis\u00e4lt\u00e4\u00e4 20 cm pitki\u00e4 puikkoja ja sis\u00e4lt\u00e4\u00e4 6 sarjaa, joissa kussakin 5 puikkoa. Koot: 2,50, 3,00, 3,50, 4,00, 4,50 ja 5,00 mm.\u00a0<\/span><\/p>\n<p><img fetchpriority=\"high\" decoding=\"async\" class=\"alignnone size-medium wp-image-16041\" src=\"http:\/\/bitessiulai.lt\/wp-content\/uploads\/2025\/09\/K47422-3-300x300.webp\" alt=\"\" width=\"300\" height=\"300\" srcset=\"https:\/\/bitessiulai.lt\/wp-content\/uploads\/2025\/09\/K47422-3-300x300.webp 300w, https:\/\/bitessiulai.lt\/wp-content\/uploads\/2025\/09\/K47422-3-150x150.webp 150w, https:\/\/bitessiulai.lt\/wp-content\/uploads\/2025\/09\/K47422-3-12x12.webp 12w, https:\/\/bitessiulai.lt\/wp-content\/uploads\/2025\/09\/K47422-3-96x96.webp 96w, https:\/\/bitessiulai.lt\/wp-content\/uploads\/2025\/09\/K47422-3.webp 583w\" sizes=\"(max-width: 300px) 100vw, 300px\" \/><\/p>\n<p>&nbsp;<\/p>\n<p>&nbsp;<\/p>","protected":false},"excerpt":{"rendered":"<p>KnitPro Zing dvismaili\u0173 virbal\u0173 rinkinys kojin\u0117ms 20 cm 2,5-5,0 mm. Su \u201eKnitPro\u00a0Zing\u201c dvismaili\u0173 virbal\u0173 rinkiniais\u00a0galite rinktis i\u0161 keli\u0173 skirting\u0173 virbal\u0173 \u012fvairiems projektams. Be kojini\u0173, jie taip pat idealiai tinka megzti kepures, pir\u0161tines, rankoves ir \u012fvairius k\u016bdiki\u0173 reikmenis. \u201eKnitPro\u201c \u201eZing\u201c kolekcijos dvismailios virbal\u0173 rinkiniai pagaminti i\u0161 auk\u0161tos kokyb\u0117s \u0161viesaus aliuminio ir spindi gra\u017eiais metalo atspalviais. Kiekvienas virbal\u0173 dydis turi savo ry\u0161ki\u0105 spalv\u0105, o virbal\u0173 dydis taip pat ai\u0161kiai lazeriu u\u017era\u0161ytas ant kiekvieno virbalo, kad gal\u0117tum\u0117te lengvai atpa\u017einti tinkam\u0105 dyd\u012f. Virbalai patogiai priglunda prie rankos ir turi siaurus, smail\u0117jan\u010dius sidabro spalvos galiukus. Lygus pavir\u0161ius leid\u017eia si\u016blams lengvai slysti per virbal\u0105. \u0160is \u201eKnitPro Zing\u201c dvismaili\u0173 virbal\u0173 rinkinys su 20 cm ilgio virbalais turi 6 rinkinius po 5 virbalus, kuri\u0173 dyd\u017eiai yra 2,50, 3,00, 3,50, 4,00, 4,50 ir 5,00 mm.\u00a0 &nbsp; &nbsp;<\/p>","protected":false},"featured_media":16039,"comment_status":"open","ping_status":"closed","template":"","meta":[],"product_brand":[],"product_cat":[180,2440,3718,186,181],"product_tag":[],"giftcard-category":[],"class_list":{"0":"post-16038","1":"product","2":"type-product","3":"status-publish","4":"has-post-thumbnail","6":"product_cat-mezgimo-priemones","7":"product_cat-knitpro","8":"product_cat-naujienos","9":"product_cat-virbalai-kojinems","10":"product_cat-virbalu-rinkiniai","12":"first","13":"instock","14":"taxable","15":"shipping-taxable","16":"purchasable","17":"product-type-simple"},"_links":{"self":[{"href":"https:\/\/bitessiulai.lt\/fi\/wp-json\/wp\/v2\/product\/16038","targetHints":{"allow":["GET"]}}],"collection":[{"href":"https:\/\/bitessiulai.lt\/fi\/wp-json\/wp\/v2\/product"}],"about":[{"href":"https:\/\/bitessiulai.lt\/fi\/wp-json\/wp\/v2\/types\/product"}],"replies":[{"embeddable":true,"href":"https:\/\/bitessiulai.lt\/fi\/wp-json\/wp\/v2\/comments?post=16038"}],"version-history":[{"count":0,"href":"https:\/\/bitessiulai.lt\/fi\/wp-json\/wp\/v2\/product\/16038\/revisions"}],"wp:featuredmedia":[{"embeddable":true,"href":"https:\/\/bitessiulai.lt\/fi\/wp-json\/wp\/v2\/media\/16039"}],"wp:attachment":[{"href":"https:\/\/bitessiulai.lt\/fi\/wp-json\/wp\/v2\/media?parent=16038"}],"wp:term":[{"taxonomy":"product_brand","embeddable":true,"href":"https:\/\/bitessiulai.lt\/fi\/wp-json\/wp\/v2\/product_brand?post=16038"},{"taxonomy":"product_cat","embeddable":true,"href":"https:\/\/bitessiulai.lt\/fi\/wp-json\/wp\/v2\/product_cat?post=16038"},{"taxonomy":"product_tag","embeddable":true,"href":"https:\/\/bitessiulai.lt\/fi\/wp-json\/wp\/v2\/product_tag?post=16038"},{"taxonomy":"giftcard-category","embeddable":true,"href":"https:\/\/bitessiulai.lt\/fi\/wp-json\/wp\/v2\/giftcard-category?post=16038"}],"curies":[{"name":"wp","href":"https:\/\/api.w.org\/{rel}","templated":true}]}}