{"id":16031,"date":"2025-09-06T08:56:09","date_gmt":"2025-09-06T05:56:09","guid":{"rendered":"https:\/\/bitessiulai.lt\/?post_type=product&#038;p=16031"},"modified":"2026-02-04T15:06:43","modified_gmt":"2026-02-04T13:06:43","slug":"opry-puku-rinkiklis","status":"publish","type":"product","link":"https:\/\/bitessiulai.lt\/fi\/tuote\/opry-puku-rinkiklis\/","title":{"rendered":"Opry-nukkaker\u00e4\u00e4j\u00e4"},"content":{"rendered":"<p><b>Opry-nukkaker\u00e4\u00e4j\u00e4. <\/b>Opry Electric -nukkanpoistoaineella voit nopeasti ja helposti poistaa paakut ja nukan vaatteistasi, kuten neuleista, takista tai sisustusesineist\u00e4, matoista ja sohvista. Nukkanpoistoaineessa on XL-kokoinen ter\u00e4 ja tehokas 5 W:n moottori.<\/p>\n<p><span dir=\"auto\">Tekniset tiedot:<\/span><\/p>\n<ul>\n<li><span dir=\"auto\">220 V, 50 Hz, 5 W<\/span><\/li>\n<li><span dir=\"auto\">Eritt\u00e4in suuri leikkuupinta-ala, jossa on 6 ter\u00e4\u00e4<\/span><\/li>\n<li><span dir=\"auto\">Suuri l\u00e4pin\u00e4kyv\u00e4 s\u00e4ili\u00f6 ei likaannu<\/span><\/li>\n<li><span dir=\"auto\">Toimitetaan varater\u00e4sarjan kanssa<\/span><\/li>\n<li><span dir=\"auto\">Ladataan<\/span><\/li>\n<li><span dir=\"auto\">Tehokas 5 W:n moottori ja kaksi isoa 800 mA:n akkua<\/span><\/li>\n<\/ul>\n<p>&nbsp;<\/p>\n<p><img fetchpriority=\"high\" decoding=\"async\" class=\"alignnone size-medium wp-image-16034\" src=\"http:\/\/bitessiulai.lt\/wp-content\/uploads\/2025\/09\/95800-2_1-300x300.webp\" alt=\"\" width=\"300\" height=\"300\" srcset=\"https:\/\/bitessiulai.lt\/wp-content\/uploads\/2025\/09\/95800-2_1-300x300.webp 300w, https:\/\/bitessiulai.lt\/wp-content\/uploads\/2025\/09\/95800-2_1-150x150.webp 150w, https:\/\/bitessiulai.lt\/wp-content\/uploads\/2025\/09\/95800-2_1-12x12.webp 12w, https:\/\/bitessiulai.lt\/wp-content\/uploads\/2025\/09\/95800-2_1-600x600.webp 600w, https:\/\/bitessiulai.lt\/wp-content\/uploads\/2025\/09\/95800-2_1-96x96.webp 96w, https:\/\/bitessiulai.lt\/wp-content\/uploads\/2025\/09\/95800-2_1.webp 700w\" sizes=\"(max-width: 300px) 100vw, 300px\" \/> <img decoding=\"async\" class=\"alignnone size-medium wp-image-16035\" src=\"http:\/\/bitessiulai.lt\/wp-content\/uploads\/2025\/09\/95800-4_1-300x300.webp\" alt=\"\" width=\"300\" height=\"300\" srcset=\"https:\/\/bitessiulai.lt\/wp-content\/uploads\/2025\/09\/95800-4_1-300x300.webp 300w, https:\/\/bitessiulai.lt\/wp-content\/uploads\/2025\/09\/95800-4_1-150x150.webp 150w, https:\/\/bitessiulai.lt\/wp-content\/uploads\/2025\/09\/95800-4_1-12x12.webp 12w, https:\/\/bitessiulai.lt\/wp-content\/uploads\/2025\/09\/95800-4_1-600x600.webp 600w, https:\/\/bitessiulai.lt\/wp-content\/uploads\/2025\/09\/95800-4_1-96x96.webp 96w, https:\/\/bitessiulai.lt\/wp-content\/uploads\/2025\/09\/95800-4_1.webp 700w\" sizes=\"(max-width: 300px) 100vw, 300px\" \/> <img decoding=\"async\" class=\"alignnone size-medium wp-image-16036\" src=\"http:\/\/bitessiulai.lt\/wp-content\/uploads\/2025\/09\/95800-3_1-300x300.webp\" alt=\"\" width=\"300\" height=\"300\" srcset=\"https:\/\/bitessiulai.lt\/wp-content\/uploads\/2025\/09\/95800-3_1-300x300.webp 300w, https:\/\/bitessiulai.lt\/wp-content\/uploads\/2025\/09\/95800-3_1-150x150.webp 150w, https:\/\/bitessiulai.lt\/wp-content\/uploads\/2025\/09\/95800-3_1-12x12.webp 12w, https:\/\/bitessiulai.lt\/wp-content\/uploads\/2025\/09\/95800-3_1-600x600.webp 600w, https:\/\/bitessiulai.lt\/wp-content\/uploads\/2025\/09\/95800-3_1-96x96.webp 96w, https:\/\/bitessiulai.lt\/wp-content\/uploads\/2025\/09\/95800-3_1.webp 700w\" sizes=\"(max-width: 300px) 100vw, 300px\" \/><\/p>","protected":false},"excerpt":{"rendered":"<p>Opry p\u016bk\u0173 rinkiklis. Su \u201eOpry\u201c elektriniu p\u016bkeli\u0173 rinkikliu galite greitai ir lengvai pa\u0161alinti gumulus, p\u016bkus i\u0161 savo drabu\u017ei\u0173, toki\u0173 kaip megztiniai, striuk\u0117s arba nam\u0173 dekoro elementai, kilimai ir sofos. P\u016bkeli\u0173 valiklis turi XL dyd\u017eio peiliuk\u0105 ir galing\u0105 5 W varikl\u012f. Specifikacijos: 220 V, 50 Hz, 5 W Ypa\u010d didelis peili\u0173 pavir\u0161ius su 6 peiliukais Didelis permatomas indas ne\u0161varumamas Tiekiamas su atsargini\u0173 peiliuk\u0173 rinkiniu Pakraunamas Galingas 5 W variklis su 2 didel\u0117mis 800 mA baterijomis &nbsp;<\/p>","protected":false},"featured_media":16032,"comment_status":"open","ping_status":"closed","template":"","meta":[],"product_brand":[],"product_cat":[192,217,203],"product_tag":[],"giftcard-category":[],"class_list":{"0":"post-16031","1":"product","2":"type-product","3":"status-publish","4":"has-post-thumbnail","6":"product_cat-priedai-mezgimui","7":"product_cat-isparduotuve","8":"product_cat-mezginiu-prieziura","10":"first","11":"instock","12":"sale","13":"taxable","14":"shipping-taxable","15":"purchasable","16":"product-type-simple"},"_links":{"self":[{"href":"https:\/\/bitessiulai.lt\/fi\/wp-json\/wp\/v2\/product\/16031","targetHints":{"allow":["GET"]}}],"collection":[{"href":"https:\/\/bitessiulai.lt\/fi\/wp-json\/wp\/v2\/product"}],"about":[{"href":"https:\/\/bitessiulai.lt\/fi\/wp-json\/wp\/v2\/types\/product"}],"replies":[{"embeddable":true,"href":"https:\/\/bitessiulai.lt\/fi\/wp-json\/wp\/v2\/comments?post=16031"}],"version-history":[{"count":0,"href":"https:\/\/bitessiulai.lt\/fi\/wp-json\/wp\/v2\/product\/16031\/revisions"}],"wp:featuredmedia":[{"embeddable":true,"href":"https:\/\/bitessiulai.lt\/fi\/wp-json\/wp\/v2\/media\/16032"}],"wp:attachment":[{"href":"https:\/\/bitessiulai.lt\/fi\/wp-json\/wp\/v2\/media?parent=16031"}],"wp:term":[{"taxonomy":"product_brand","embeddable":true,"href":"https:\/\/bitessiulai.lt\/fi\/wp-json\/wp\/v2\/product_brand?post=16031"},{"taxonomy":"product_cat","embeddable":true,"href":"https:\/\/bitessiulai.lt\/fi\/wp-json\/wp\/v2\/product_cat?post=16031"},{"taxonomy":"product_tag","embeddable":true,"href":"https:\/\/bitessiulai.lt\/fi\/wp-json\/wp\/v2\/product_tag?post=16031"},{"taxonomy":"giftcard-category","embeddable":true,"href":"https:\/\/bitessiulai.lt\/fi\/wp-json\/wp\/v2\/giftcard-category?post=16031"}],"curies":[{"name":"wp","href":"https:\/\/api.w.org\/{rel}","templated":true}]}}