{"id":13183,"date":"2025-06-02T21:48:52","date_gmt":"2025-06-02T18:48:52","guid":{"rendered":"https:\/\/bitessiulai.lt\/?post_type=product&#038;p=13183"},"modified":"2025-12-22T11:23:37","modified_gmt":"2025-12-22T09:23:37","slug":"stenli-classic-lux","status":"publish","type":"product","link":"https:\/\/bitessiulai.lt\/fi\/tuote\/stenli-classic-lux\/","title":{"rendered":"Stanley Classic Lux"},"content":{"rendered":"<p>&quot;Stenli Classic Lux&quot; -lanka on keskipaksua, klassisen paksuista silkkilankaa k\u00e4sinneulomiseen. Lanka on valmistettu eritt\u00e4in hienosta, kiilt\u00e4v\u00e4st\u00e4 viskoosilangasta ja lurexista.<br \/>\nViskoosi on yksi vanhimmista kuiduista, joka l\u00f6ydettiin 1800-luvulla. Se on luonnollisin kaikista synteettisist\u00e4 kuiduista. Koostumuksensa ansiosta se on onnistunut yhdist\u00e4m\u00e4\u00e4n yhteensopimattomia ominaisuuksia. Viskoosi on valmistettu selluloosasta, joka on pohjimmiltaan luonnontuote.<\/p>\n<p><img fetchpriority=\"high\" decoding=\"async\" class=\"alignnone size-medium wp-image-13185\" src=\"http:\/\/bitessiulai.lt\/wp-content\/uploads\/2025\/06\/IMG_0551_1-20220614085039-496-200x300.jpg\" alt=\"\" width=\"200\" height=\"300\" srcset=\"https:\/\/bitessiulai.lt\/wp-content\/uploads\/2025\/06\/IMG_0551_1-20220614085039-496-200x300.jpg 200w, https:\/\/bitessiulai.lt\/wp-content\/uploads\/2025\/06\/IMG_0551_1-20220614085039-496-683x1024.jpg 683w, https:\/\/bitessiulai.lt\/wp-content\/uploads\/2025\/06\/IMG_0551_1-20220614085039-496-768x1152.jpg 768w, https:\/\/bitessiulai.lt\/wp-content\/uploads\/2025\/06\/IMG_0551_1-20220614085039-496-1024x1536.jpg 1024w, https:\/\/bitessiulai.lt\/wp-content\/uploads\/2025\/06\/IMG_0551_1-20220614085039-496-8x12.jpg 8w, https:\/\/bitessiulai.lt\/wp-content\/uploads\/2025\/06\/IMG_0551_1-20220614085039-496-600x900.jpg 600w, https:\/\/bitessiulai.lt\/wp-content\/uploads\/2025\/06\/IMG_0551_1-20220614085039-496-100x150.jpg 100w, https:\/\/bitessiulai.lt\/wp-content\/uploads\/2025\/06\/IMG_0551_1-20220614085039-496.jpg 1360w\" sizes=\"(max-width: 200px) 100vw, 200px\" \/><\/p>\n<p>*N\u00e4yt\u00f6ll\u00e4si n\u00e4kem\u00e4si v\u00e4rit saattavat poiketa hieman langan todellisesta v\u00e4rist\u00e4.<\/p>","protected":false},"excerpt":{"rendered":"<p>Koostumus: 80% viskoosi, 20% lamellit<\/p>\n<p>Paino\/pituus: 100 g = noin 200 m.<\/p>\n<p>Suositeltu puikkokoko: 4\u20135 mm.<\/p>\n<p>Suositeltu koukkukoko: 4 mm.<\/p>","protected":false},"featured_media":13184,"comment_status":"open","ping_status":"closed","template":"","meta":[],"product_brand":[],"product_cat":[174,3293,2775,177,178,173,175,1641,337],"product_tag":[],"giftcard-category":[],"class_list":{"0":"post-13183","1":"product","2":"type-product","3":"status-publish","4":"has-post-thumbnail","6":"product_cat-siulu-gamintojai","7":"product_cat-classic-lux","8":"product_cat-lameles","9":"product_cat-mezgimo-siulai","10":"product_cat-nerimo-siulai","11":"product_cat-siulai","12":"product_cat-siulu-pluostai","13":"product_cat-stenli","14":"product_cat-viskoze","16":"first","17":"instock","18":"taxable","19":"shipping-taxable","20":"purchasable","21":"product-type-variable"},"_links":{"self":[{"href":"https:\/\/bitessiulai.lt\/fi\/wp-json\/wp\/v2\/product\/13183","targetHints":{"allow":["GET"]}}],"collection":[{"href":"https:\/\/bitessiulai.lt\/fi\/wp-json\/wp\/v2\/product"}],"about":[{"href":"https:\/\/bitessiulai.lt\/fi\/wp-json\/wp\/v2\/types\/product"}],"replies":[{"embeddable":true,"href":"https:\/\/bitessiulai.lt\/fi\/wp-json\/wp\/v2\/comments?post=13183"}],"version-history":[{"count":1,"href":"https:\/\/bitessiulai.lt\/fi\/wp-json\/wp\/v2\/product\/13183\/revisions"}],"predecessor-version":[{"id":21053,"href":"https:\/\/bitessiulai.lt\/fi\/wp-json\/wp\/v2\/product\/13183\/revisions\/21053"}],"wp:featuredmedia":[{"embeddable":true,"href":"https:\/\/bitessiulai.lt\/fi\/wp-json\/wp\/v2\/media\/13184"}],"wp:attachment":[{"href":"https:\/\/bitessiulai.lt\/fi\/wp-json\/wp\/v2\/media?parent=13183"}],"wp:term":[{"taxonomy":"product_brand","embeddable":true,"href":"https:\/\/bitessiulai.lt\/fi\/wp-json\/wp\/v2\/product_brand?post=13183"},{"taxonomy":"product_cat","embeddable":true,"href":"https:\/\/bitessiulai.lt\/fi\/wp-json\/wp\/v2\/product_cat?post=13183"},{"taxonomy":"product_tag","embeddable":true,"href":"https:\/\/bitessiulai.lt\/fi\/wp-json\/wp\/v2\/product_tag?post=13183"},{"taxonomy":"giftcard-category","embeddable":true,"href":"https:\/\/bitessiulai.lt\/fi\/wp-json\/wp\/v2\/giftcard-category?post=13183"}],"curies":[{"name":"wp","href":"https:\/\/api.w.org\/{rel}","templated":true}]}}