{"id":12948,"date":"2025-05-30T12:31:32","date_gmt":"2025-05-30T09:31:32","guid":{"rendered":"https:\/\/bitessiulai.lt\/?post_type=product&#038;p=12948"},"modified":"2026-05-13T15:55:09","modified_gmt":"2026-05-13T12:55:09","slug":"drops-melody","status":"publish","type":"product","link":"https:\/\/bitessiulai.lt\/fi\/tuote\/drops-melody\/","title":{"rendered":"Drops Melody"},"content":{"rendered":"<p>DROPS Melody on pehme\u00e4 ja ylellinen lanka, joka on valmistettu eritt\u00e4in hienosta alpakasta ja merinovillasta. L\u00e4mmin ja mohairia muistuttava lanka on saatavilla hienostuneissa s\u00e4vyiss\u00e4, pehmeist\u00e4 beigeist\u00e4 ja harmaista upeisiin punaisiin ja violetteihin.<\/p>\n<p>Kevyt ja pehme\u00e4 DROPS Melody sopii t\u00e4ydellisesti vaatteisiin ja asusteisiin. Se on nopea neuloa suurilla puikoilla ilman, ett\u00e4 kangas latistuu, ja sit\u00e4 voidaan k\u00e4ytt\u00e4\u00e4 koristelankana yhdess\u00e4 muiden lankojen kanssa antamaan vaatteille lis\u00e4\u00e4 volyymia ja pehmeytt\u00e4.<\/p>\n<p><img fetchpriority=\"high\" decoding=\"async\" class=\"alignnone size-medium wp-image-12949\" src=\"http:\/\/bitessiulai.lt\/wp-content\/uploads\/2025\/05\/1641-2-194x300.jpg\" alt=\"\" width=\"194\" height=\"300\" srcset=\"https:\/\/bitessiulai.lt\/wp-content\/uploads\/2025\/05\/1641-2-194x300.jpg 194w, https:\/\/bitessiulai.lt\/wp-content\/uploads\/2025\/05\/1641-2-8x12.jpg 8w, https:\/\/bitessiulai.lt\/wp-content\/uploads\/2025\/05\/1641-2-97x150.jpg 97w, https:\/\/bitessiulai.lt\/wp-content\/uploads\/2025\/05\/1641-2.jpg 458w\" sizes=\"(max-width: 194px) 100vw, 194px\" \/> <img decoding=\"async\" class=\"alignnone size-medium wp-image-12950\" src=\"http:\/\/bitessiulai.lt\/wp-content\/uploads\/2025\/05\/30-2-3-194x300.jpg\" alt=\"\" width=\"194\" height=\"300\" srcset=\"https:\/\/bitessiulai.lt\/wp-content\/uploads\/2025\/05\/30-2-3-194x300.jpg 194w, https:\/\/bitessiulai.lt\/wp-content\/uploads\/2025\/05\/30-2-3-8x12.jpg 8w, https:\/\/bitessiulai.lt\/wp-content\/uploads\/2025\/05\/30-2-3-97x150.jpg 97w, https:\/\/bitessiulai.lt\/wp-content\/uploads\/2025\/05\/30-2-3.jpg 458w\" sizes=\"(max-width: 194px) 100vw, 194px\" \/><\/p>\n<div class=\"embed-responsive embed-responsive-16by9\"><iframe title=\"DROPS Melody - Ylellinen sekoitus merinovillaa ja harjattua alpakkaa\" width=\"540\" height=\"960\" src=\"https:\/\/www.youtube.com\/embed\/mT6dGT0yIBA?feature=oembed\" frameborder=\"0\" allow=\"accelerometer; autoplay; clipboard-write; encrypted-media; gyroscope; picture-in-picture; web-share\" referrerpolicy=\"strict-origin-when-cross-origin\" allowfullscreen><\/iframe><\/div>\n<p>*N\u00e4yt\u00f6ll\u00e4si n\u00e4kem\u00e4si v\u00e4rit saattavat poiketa hieman langan todellisesta v\u00e4rist\u00e4.<\/p>","protected":false},"excerpt":{"rendered":"<p>Koostumus: 71 % alpakkaa, 25 % merinovillaa, 4 % polyamidia<\/p>\n<p>Paino\/pituus: 50 g = noin 140 m.<\/p>\n<p>Suositeltu puikon koko: 8 mm.<\/p>","protected":false},"featured_media":12973,"comment_status":"open","ping_status":"closed","template":"","meta":[],"product_brand":[],"product_cat":[173,327,256,217,3163,948,177,324,174,175],"product_tag":[],"giftcard-category":[],"class_list":{"0":"post-12948","1":"product","2":"type-product","3":"status-publish","4":"has-post-thumbnail","6":"product_cat-siulai","7":"product_cat-alpaka","8":"product_cat-drops","9":"product_cat-isparduotuve","10":"product_cat-melody","11":"product_cat-merino-vilna","12":"product_cat-mezgimo-siulai","13":"product_cat-poliamidas","14":"product_cat-siulu-gamintojai","15":"product_cat-siulu-pluostai","17":"first","18":"instock","19":"sale","20":"taxable","21":"shipping-taxable","22":"purchasable","23":"product-type-variable"},"_links":{"self":[{"href":"https:\/\/bitessiulai.lt\/fi\/wp-json\/wp\/v2\/product\/12948","targetHints":{"allow":["GET"]}}],"collection":[{"href":"https:\/\/bitessiulai.lt\/fi\/wp-json\/wp\/v2\/product"}],"about":[{"href":"https:\/\/bitessiulai.lt\/fi\/wp-json\/wp\/v2\/types\/product"}],"replies":[{"embeddable":true,"href":"https:\/\/bitessiulai.lt\/fi\/wp-json\/wp\/v2\/comments?post=12948"}],"version-history":[{"count":1,"href":"https:\/\/bitessiulai.lt\/fi\/wp-json\/wp\/v2\/product\/12948\/revisions"}],"predecessor-version":[{"id":20680,"href":"https:\/\/bitessiulai.lt\/fi\/wp-json\/wp\/v2\/product\/12948\/revisions\/20680"}],"wp:featuredmedia":[{"embeddable":true,"href":"https:\/\/bitessiulai.lt\/fi\/wp-json\/wp\/v2\/media\/12973"}],"wp:attachment":[{"href":"https:\/\/bitessiulai.lt\/fi\/wp-json\/wp\/v2\/media?parent=12948"}],"wp:term":[{"taxonomy":"product_brand","embeddable":true,"href":"https:\/\/bitessiulai.lt\/fi\/wp-json\/wp\/v2\/product_brand?post=12948"},{"taxonomy":"product_cat","embeddable":true,"href":"https:\/\/bitessiulai.lt\/fi\/wp-json\/wp\/v2\/product_cat?post=12948"},{"taxonomy":"product_tag","embeddable":true,"href":"https:\/\/bitessiulai.lt\/fi\/wp-json\/wp\/v2\/product_tag?post=12948"},{"taxonomy":"giftcard-category","embeddable":true,"href":"https:\/\/bitessiulai.lt\/fi\/wp-json\/wp\/v2\/giftcard-category?post=12948"}],"curies":[{"name":"wp","href":"https:\/\/api.w.org\/{rel}","templated":true}]}}