{"id":12751,"date":"2025-05-30T12:37:04","date_gmt":"2025-05-30T09:37:04","guid":{"rendered":"https:\/\/bitessiulai.lt\/?post_type=product&#038;p=12751"},"modified":"2026-04-21T12:20:55","modified_gmt":"2026-04-21T09:20:55","slug":"drops-baby-merino","status":"publish","type":"product","link":"https:\/\/bitessiulai.lt\/fi\/tuote\/drops-baby-merino\/","title":{"rendered":"Drops Baby Merino"},"content":{"rendered":"<p>DROPS Baby Merino on 100 % eritt\u00e4in hienoa merinovillalankaa, joka on superpehme\u00e4\u00e4, hengitt\u00e4v\u00e4\u00e4 ja ei \u00e4rsyt\u00e4 ihoa \u2013 t\u00e4ydellinen herk\u00e4lle vauvan iholle. DROPS Baby Merino -lanka on kierretty ja valmistettu monista hienoista langoista, joten se antaa siistit ja tasaiset pistot, mik\u00e4 tekee vaatteista erityisen joustavia. Juuri t\u00e4m\u00e4n erityisen rakenteen vuoksi on t\u00e4rke\u00e4\u00e4 k\u00e4ytt\u00e4\u00e4 oikeaa langankireytt\u00e4 projektissasi, joten valitse korkea kireys matalan sijaan.<\/p>\n<p>DROPS Baby Merino -lanka on kehr\u00e4tty vapaiden kanojen villasta, joka ei sis\u00e4ll\u00e4 mulperipuuta, ja se on sertifioitu Oeko-Tex Standard 100 -standardin mukaisesti. Lanka on my\u00f6s k\u00e4sitelty Superwash-tekniikalla, joten se on konepest\u00e4v\u00e4 ja sit\u00e4 voidaan k\u00e4ytt\u00e4\u00e4 joka p\u00e4iv\u00e4.<\/p>\n<p><img fetchpriority=\"high\" decoding=\"async\" class=\"alignnone size-medium wp-image-12757\" src=\"http:\/\/bitessiulai.lt\/wp-content\/uploads\/2025\/05\/8-2-194x300.jpg\" alt=\"\" width=\"194\" height=\"300\" srcset=\"https:\/\/bitessiulai.lt\/wp-content\/uploads\/2025\/05\/8-2-194x300.jpg 194w, https:\/\/bitessiulai.lt\/wp-content\/uploads\/2025\/05\/8-2-8x12.jpg 8w, https:\/\/bitessiulai.lt\/wp-content\/uploads\/2025\/05\/8-2-97x150.jpg 97w, https:\/\/bitessiulai.lt\/wp-content\/uploads\/2025\/05\/8-2.jpg 458w\" sizes=\"(max-width: 194px) 100vw, 194px\" \/> <img decoding=\"async\" class=\"alignnone size-medium wp-image-12758\" src=\"http:\/\/bitessiulai.lt\/wp-content\/uploads\/2025\/05\/4-2-194x300.jpg\" alt=\"\" width=\"194\" height=\"300\" srcset=\"https:\/\/bitessiulai.lt\/wp-content\/uploads\/2025\/05\/4-2-194x300.jpg 194w, https:\/\/bitessiulai.lt\/wp-content\/uploads\/2025\/05\/4-2-8x12.jpg 8w, https:\/\/bitessiulai.lt\/wp-content\/uploads\/2025\/05\/4-2-97x150.jpg 97w, https:\/\/bitessiulai.lt\/wp-content\/uploads\/2025\/05\/4-2.jpg 458w\" sizes=\"(max-width: 194px) 100vw, 194px\" \/><\/p>\n<div class=\"embed-responsive embed-responsive-16by9\"><iframe title=\"DROPS Baby Merino - Superwash-k\u00e4sitelty eritt\u00e4in hieno merinovilla\" width=\"540\" height=\"960\" src=\"https:\/\/www.youtube.com\/embed\/IxY9vyyREHw?feature=oembed\" frameborder=\"0\" allow=\"accelerometer; autoplay; clipboard-write; encrypted-media; gyroscope; picture-in-picture; web-share\" referrerpolicy=\"strict-origin-when-cross-origin\" allowfullscreen><\/iframe><\/div>\n<p>*N\u00e4yt\u00f6ll\u00e4si n\u00e4kem\u00e4si v\u00e4rit saattavat poiketa hieman langan todellisesta v\u00e4rist\u00e4.<\/p>","protected":false},"excerpt":{"rendered":"<p>Koostumus: 100% merinovilla<\/p>\n<p>Paino\/pituus: 50 g = noin 175 m.<\/p>\n<p>Suositeltu puikkokoko: 3 mm.<\/p>","protected":false},"featured_media":12752,"comment_status":"open","ping_status":"closed","template":"","meta":[],"product_brand":[],"product_cat":[174,3162,256,217,948,177,173,175],"product_tag":[],"giftcard-category":[],"class_list":{"0":"post-12751","1":"product","2":"type-product","3":"status-publish","4":"has-post-thumbnail","6":"product_cat-siulu-gamintojai","7":"product_cat-baby-merino","8":"product_cat-drops","9":"product_cat-isparduotuve","10":"product_cat-merino-vilna","11":"product_cat-mezgimo-siulai","12":"product_cat-siulai","13":"product_cat-siulu-pluostai","15":"first","16":"instock","17":"sale","18":"taxable","19":"shipping-taxable","20":"purchasable","21":"product-type-variable"},"_links":{"self":[{"href":"https:\/\/bitessiulai.lt\/fi\/wp-json\/wp\/v2\/product\/12751","targetHints":{"allow":["GET"]}}],"collection":[{"href":"https:\/\/bitessiulai.lt\/fi\/wp-json\/wp\/v2\/product"}],"about":[{"href":"https:\/\/bitessiulai.lt\/fi\/wp-json\/wp\/v2\/types\/product"}],"replies":[{"embeddable":true,"href":"https:\/\/bitessiulai.lt\/fi\/wp-json\/wp\/v2\/comments?post=12751"}],"version-history":[{"count":1,"href":"https:\/\/bitessiulai.lt\/fi\/wp-json\/wp\/v2\/product\/12751\/revisions"}],"predecessor-version":[{"id":20674,"href":"https:\/\/bitessiulai.lt\/fi\/wp-json\/wp\/v2\/product\/12751\/revisions\/20674"}],"wp:featuredmedia":[{"embeddable":true,"href":"https:\/\/bitessiulai.lt\/fi\/wp-json\/wp\/v2\/media\/12752"}],"wp:attachment":[{"href":"https:\/\/bitessiulai.lt\/fi\/wp-json\/wp\/v2\/media?parent=12751"}],"wp:term":[{"taxonomy":"product_brand","embeddable":true,"href":"https:\/\/bitessiulai.lt\/fi\/wp-json\/wp\/v2\/product_brand?post=12751"},{"taxonomy":"product_cat","embeddable":true,"href":"https:\/\/bitessiulai.lt\/fi\/wp-json\/wp\/v2\/product_cat?post=12751"},{"taxonomy":"product_tag","embeddable":true,"href":"https:\/\/bitessiulai.lt\/fi\/wp-json\/wp\/v2\/product_tag?post=12751"},{"taxonomy":"giftcard-category","embeddable":true,"href":"https:\/\/bitessiulai.lt\/fi\/wp-json\/wp\/v2\/giftcard-category?post=12751"}],"curies":[{"name":"wp","href":"https:\/\/api.w.org\/{rel}","templated":true}]}}