{"id":12067,"date":"2025-05-08T17:19:27","date_gmt":"2025-05-08T14:19:27","guid":{"rendered":"https:\/\/bitessiulai.lt\/?post_type=product&#038;p=12067"},"modified":"2026-04-21T08:22:12","modified_gmt":"2026-04-21T05:22:12","slug":"rico-design-creative-make-it-blumchen-su-zvyneliais-ir-gelytemis","status":"publish","type":"product","link":"https:\/\/bitessiulai.lt\/fi\/tuote\/rico-design-creative-make-it-blumchen-su-zvyneliais-ir-gelytemis\/","title":{"rendered":"Rico Design Creative Make It Bl\u00fcmchen suomuilla - kukat"},"content":{"rendered":"<p>Rico Design Creative Make It -suomuiset kukkakuvioiset neuleet. Pienet kukat on yhdistetty harmonisesti 100 kpl % lyocell-tukilangan kanssa ja ne sopivat v\u00e4rilt\u00e4\u00e4n t\u00e4ydellisesti yhteen. Ty\u00f6st\u00f6n aikana langat yksinkertaisesti kuluvat, joten neule n\u00e4ytt\u00e4\u00e4 ep\u00e4tavalliselta ja silmiinpist\u00e4v\u00e4lt\u00e4.<\/p>\n<p><img fetchpriority=\"high\" decoding=\"async\" class=\"alignnone size-medium wp-image-12068\" src=\"http:\/\/bitessiulai.lt\/wp-content\/uploads\/2025\/05\/941465-904020.008_904020.009_4260_MD_Q_1920x1920-286x300.jpg\" alt=\"\" width=\"286\" height=\"300\" srcset=\"https:\/\/bitessiulai.lt\/wp-content\/uploads\/2025\/05\/941465-904020.008_904020.009_4260_MD_Q_1920x1920-286x300.jpg 286w, https:\/\/bitessiulai.lt\/wp-content\/uploads\/2025\/05\/941465-904020.008_904020.009_4260_MD_Q_1920x1920-977x1024.jpg 977w, https:\/\/bitessiulai.lt\/wp-content\/uploads\/2025\/05\/941465-904020.008_904020.009_4260_MD_Q_1920x1920-768x805.jpg 768w, https:\/\/bitessiulai.lt\/wp-content\/uploads\/2025\/05\/941465-904020.008_904020.009_4260_MD_Q_1920x1920-600x629.jpg 600w, https:\/\/bitessiulai.lt\/wp-content\/uploads\/2025\/05\/941465-904020.008_904020.009_4260_MD_Q_1920x1920-143x150.jpg 143w, https:\/\/bitessiulai.lt\/wp-content\/uploads\/2025\/05\/941465-904020.008_904020.009_4260_MD_Q_1920x1920.jpg 1431w\" sizes=\"(max-width: 286px) 100vw, 286px\" \/> <img decoding=\"async\" class=\"alignnone size-medium wp-image-12069\" src=\"http:\/\/bitessiulai.lt\/wp-content\/uploads\/2025\/05\/941660-904020_024_2_ML_Q_1_1920x1920-300x300.jpg\" alt=\"\" width=\"300\" height=\"300\" srcset=\"https:\/\/bitessiulai.lt\/wp-content\/uploads\/2025\/05\/941660-904020_024_2_ML_Q_1_1920x1920-300x300.jpg 300w, https:\/\/bitessiulai.lt\/wp-content\/uploads\/2025\/05\/941660-904020_024_2_ML_Q_1_1920x1920-1024x1024.jpg 1024w, https:\/\/bitessiulai.lt\/wp-content\/uploads\/2025\/05\/941660-904020_024_2_ML_Q_1_1920x1920-150x150.jpg 150w, https:\/\/bitessiulai.lt\/wp-content\/uploads\/2025\/05\/941660-904020_024_2_ML_Q_1_1920x1920-768x768.jpg 768w, https:\/\/bitessiulai.lt\/wp-content\/uploads\/2025\/05\/941660-904020_024_2_ML_Q_1_1920x1920-600x600.jpg 600w, https:\/\/bitessiulai.lt\/wp-content\/uploads\/2025\/05\/941660-904020_024_2_ML_Q_1_1920x1920-96x96.jpg 96w, https:\/\/bitessiulai.lt\/wp-content\/uploads\/2025\/05\/941660-904020_024_2_ML_Q_1_1920x1920.jpg 1500w\" sizes=\"(max-width: 300px) 100vw, 300px\" \/> <img decoding=\"async\" class=\"alignnone size-medium wp-image-12070\" src=\"http:\/\/bitessiulai.lt\/wp-content\/uploads\/2025\/05\/941527-904020.024_904020.019_2513_MD_Q_1920x1920-300x300.jpg\" alt=\"\" width=\"300\" height=\"300\" srcset=\"https:\/\/bitessiulai.lt\/wp-content\/uploads\/2025\/05\/941527-904020.024_904020.019_2513_MD_Q_1920x1920-300x300.jpg 300w, https:\/\/bitessiulai.lt\/wp-content\/uploads\/2025\/05\/941527-904020.024_904020.019_2513_MD_Q_1920x1920-1024x1024.jpg 1024w, https:\/\/bitessiulai.lt\/wp-content\/uploads\/2025\/05\/941527-904020.024_904020.019_2513_MD_Q_1920x1920-150x150.jpg 150w, https:\/\/bitessiulai.lt\/wp-content\/uploads\/2025\/05\/941527-904020.024_904020.019_2513_MD_Q_1920x1920-768x768.jpg 768w, https:\/\/bitessiulai.lt\/wp-content\/uploads\/2025\/05\/941527-904020.024_904020.019_2513_MD_Q_1920x1920-600x600.jpg 600w, https:\/\/bitessiulai.lt\/wp-content\/uploads\/2025\/05\/941527-904020.024_904020.019_2513_MD_Q_1920x1920-96x96.jpg 96w, https:\/\/bitessiulai.lt\/wp-content\/uploads\/2025\/05\/941527-904020.024_904020.019_2513_MD_Q_1920x1920.jpg 1500w\" sizes=\"(max-width: 300px) 100vw, 300px\" \/><\/p>\n<p>*N\u00e4yt\u00f6ll\u00e4si n\u00e4kem\u00e4si v\u00e4rit saattavat poiketa hieman langan todellisesta v\u00e4rist\u00e4.<\/p>","protected":false},"excerpt":{"rendered":"<p>Koostumus: 100 % lyocellia<\/p>\n<p>(hiutaleet 100 % polyesteri)<\/p>\n<p>Paino\/pituus: 375 m \/ 25 g<\/p>\n<p>Suositeltu puikkokoko: Puikkokoko riippuu n\u00e4iden Rico Design Creative Make It Bl\u00fcmchen -silmukoiden neulomiseen k\u00e4ytt\u00e4m\u00e4si langan paksuudesta.<\/p>","protected":false},"featured_media":22336,"comment_status":"open","ping_status":"closed","template":"","meta":[],"product_brand":[],"product_cat":[173,3339,915,2454,177,328,2432,174,175],"product_tag":[],"giftcard-category":[],"class_list":{"0":"post-12067","1":"product","2":"type-product","3":"status-publish","4":"has-post-thumbnail","6":"product_cat-siulai","7":"product_cat-creative-make-it-blumchen-su-zvyneliais-ir-gelytemis","8":"product_cat-dekoratyviniai-siulai","9":"product_cat-liocelis","10":"product_cat-mezgimo-siulai","11":"product_cat-poliesteris","12":"product_cat-rico-design","13":"product_cat-siulu-gamintojai","14":"product_cat-siulu-pluostai","16":"first","17":"instock","18":"taxable","19":"shipping-taxable","20":"purchasable","21":"product-type-variable"},"_links":{"self":[{"href":"https:\/\/bitessiulai.lt\/fi\/wp-json\/wp\/v2\/product\/12067","targetHints":{"allow":["GET"]}}],"collection":[{"href":"https:\/\/bitessiulai.lt\/fi\/wp-json\/wp\/v2\/product"}],"about":[{"href":"https:\/\/bitessiulai.lt\/fi\/wp-json\/wp\/v2\/types\/product"}],"replies":[{"embeddable":true,"href":"https:\/\/bitessiulai.lt\/fi\/wp-json\/wp\/v2\/comments?post=12067"}],"version-history":[{"count":1,"href":"https:\/\/bitessiulai.lt\/fi\/wp-json\/wp\/v2\/product\/12067\/revisions"}],"predecessor-version":[{"id":22312,"href":"https:\/\/bitessiulai.lt\/fi\/wp-json\/wp\/v2\/product\/12067\/revisions\/22312"}],"wp:featuredmedia":[{"embeddable":true,"href":"https:\/\/bitessiulai.lt\/fi\/wp-json\/wp\/v2\/media\/22336"}],"wp:attachment":[{"href":"https:\/\/bitessiulai.lt\/fi\/wp-json\/wp\/v2\/media?parent=12067"}],"wp:term":[{"taxonomy":"product_brand","embeddable":true,"href":"https:\/\/bitessiulai.lt\/fi\/wp-json\/wp\/v2\/product_brand?post=12067"},{"taxonomy":"product_cat","embeddable":true,"href":"https:\/\/bitessiulai.lt\/fi\/wp-json\/wp\/v2\/product_cat?post=12067"},{"taxonomy":"product_tag","embeddable":true,"href":"https:\/\/bitessiulai.lt\/fi\/wp-json\/wp\/v2\/product_tag?post=12067"},{"taxonomy":"giftcard-category","embeddable":true,"href":"https:\/\/bitessiulai.lt\/fi\/wp-json\/wp\/v2\/giftcard-category?post=12067"}],"curies":[{"name":"wp","href":"https:\/\/api.w.org\/{rel}","templated":true}]}}