{"id":11913,"date":"2025-04-29T10:19:29","date_gmt":"2025-04-29T07:19:29","guid":{"rendered":"https:\/\/bitessiulai.lt\/?post_type=product&#038;p=11913"},"modified":"2026-03-12T14:25:41","modified_gmt":"2026-03-12T12:25:41","slug":"knitpro-nerimo-vaseliu-rinkinys-2-00-6-00mm-deluxe","status":"publish","type":"product","link":"https:\/\/bitessiulai.lt\/fi\/tuote\/knitpro-nerimo-vaseliu-rinkinys-2-00-6-00mm-deluxe\/","title":{"rendered":"KnitPro virkkuukoukkusetti 2.00-6.00 mm Deluxe"},"content":{"rendered":"<p><strong>KnitPro virkkuukoukkusetti 2.00-6.00 mm Deluxe<\/strong> N\u00e4m\u00e4 virkkuukoukut on valmistettu kevyest\u00e4 ja kest\u00e4v\u00e4st\u00e4 alumiinista. N\u00e4iss\u00e4 virkkuukoukkuissa on mukavat ja pehme\u00e4t kumikahvat, jotka takaavat virkkaamisen ilon ilman k\u00e4sien v\u00e4symist\u00e4. Jokaisella koukkukoolla on oma hauska v\u00e4rins\u00e4, joten erotat eri koot helposti.<\/p>\n<p>KnitPro Deluxe -setti sis\u00e4lt\u00e4\u00e4 9 virkkuukoukkua koot 2.00, 2.50, 3.00, 3.50, 4.00, 4.50, 5.00, 5.50 ja 6.00 mm. Setti on pakattu kauniiseen vetoketjulliseen pussiin, joka on valmistettu vedensinisest\u00e4 kankaasta.<\/p>\n<p><img fetchpriority=\"high\" decoding=\"async\" class=\"alignnone size-medium wp-image-11916\" src=\"http:\/\/bitessiulai.lt\/wp-content\/uploads\/2025\/04\/K30951-2-300x300.webp\" alt=\"\" width=\"300\" height=\"300\" srcset=\"https:\/\/bitessiulai.lt\/wp-content\/uploads\/2025\/04\/K30951-2-300x300.webp 300w, https:\/\/bitessiulai.lt\/wp-content\/uploads\/2025\/04\/K30951-2-150x150.webp 150w, https:\/\/bitessiulai.lt\/wp-content\/uploads\/2025\/04\/K30951-2-96x96.webp 96w, https:\/\/bitessiulai.lt\/wp-content\/uploads\/2025\/04\/K30951-2.webp 583w\" sizes=\"(max-width: 300px) 100vw, 300px\" \/><\/p>","protected":false},"excerpt":{"rendered":"<p>KnitPro n\u0117rimo v\u0105\u0161eli\u0173 rinkinys 2.00-6.00mm Deluxe . \u0160ie n\u0117rimo v\u0105\u0161eliai pagaminti i\u0161 lengvo ir tvirto aliuminio. \u0160ie n\u0117rimo v\u0105\u0161eliai su patogiomis ir mink\u0161tomis gumin\u0117mis rankenomis garantuoja n\u0117rimo linksmybes be jokio rank\u0173 nuovargio. Kiekvienas v\u0105\u0161elio dydis turi savo linksm\u0105 spalv\u0105, tod\u0117l galite lengvai atskirti skirtingus dyd\u017eius. KnitPro Deluxe rinkin\u012f sudaro 9 n\u0117rimo kabliukai, kuri\u0173 dyd\u017eiai yra 2,00, 2,50, 3,00, 3,50, 4,00, 4,50, 5,00, 5,50 ir 6,00 mm. Rinkinys supakuotas gra\u017eiame u\u017etrauktuku u\u017esegamame mai\u0161elyje i\u0161 vandens m\u0117lynos spalvos audinio.<\/p>","protected":false},"featured_media":11915,"comment_status":"open","ping_status":"closed","template":"","meta":[],"product_brand":[],"product_cat":[180,2440,190,191],"product_tag":[],"giftcard-category":[],"class_list":{"0":"post-11913","1":"product","2":"type-product","3":"status-publish","4":"has-post-thumbnail","6":"product_cat-mezgimo-priemones","7":"product_cat-knitpro","8":"product_cat-nerimo-vaseliai","9":"product_cat-vaseliu-rinkiniai","11":"first","12":"instock","13":"taxable","14":"shipping-taxable","15":"purchasable","16":"product-type-simple"},"_links":{"self":[{"href":"https:\/\/bitessiulai.lt\/fi\/wp-json\/wp\/v2\/product\/11913","targetHints":{"allow":["GET"]}}],"collection":[{"href":"https:\/\/bitessiulai.lt\/fi\/wp-json\/wp\/v2\/product"}],"about":[{"href":"https:\/\/bitessiulai.lt\/fi\/wp-json\/wp\/v2\/types\/product"}],"replies":[{"embeddable":true,"href":"https:\/\/bitessiulai.lt\/fi\/wp-json\/wp\/v2\/comments?post=11913"}],"version-history":[{"count":1,"href":"https:\/\/bitessiulai.lt\/fi\/wp-json\/wp\/v2\/product\/11913\/revisions"}],"predecessor-version":[{"id":23765,"href":"https:\/\/bitessiulai.lt\/fi\/wp-json\/wp\/v2\/product\/11913\/revisions\/23765"}],"wp:featuredmedia":[{"embeddable":true,"href":"https:\/\/bitessiulai.lt\/fi\/wp-json\/wp\/v2\/media\/11915"}],"wp:attachment":[{"href":"https:\/\/bitessiulai.lt\/fi\/wp-json\/wp\/v2\/media?parent=11913"}],"wp:term":[{"taxonomy":"product_brand","embeddable":true,"href":"https:\/\/bitessiulai.lt\/fi\/wp-json\/wp\/v2\/product_brand?post=11913"},{"taxonomy":"product_cat","embeddable":true,"href":"https:\/\/bitessiulai.lt\/fi\/wp-json\/wp\/v2\/product_cat?post=11913"},{"taxonomy":"product_tag","embeddable":true,"href":"https:\/\/bitessiulai.lt\/fi\/wp-json\/wp\/v2\/product_tag?post=11913"},{"taxonomy":"giftcard-category","embeddable":true,"href":"https:\/\/bitessiulai.lt\/fi\/wp-json\/wp\/v2\/giftcard-category?post=11913"}],"curies":[{"name":"wp","href":"https:\/\/api.w.org\/{rel}","templated":true}]}}