{"id":11863,"date":"2025-04-27T10:57:06","date_gmt":"2025-04-27T07:57:06","guid":{"rendered":"https:\/\/bitessiulai.lt\/?post_type=product&#038;p=11863"},"modified":"2026-04-03T09:37:45","modified_gmt":"2026-04-03T06:37:45","slug":"scheepjes-pusies-medienos-mezgejos-dubuo-tamsiai-rudas","status":"publish","type":"product","link":"https:\/\/bitessiulai.lt\/fi\/tuote\/scheepjes-pusies-medienos-mezgejos-dubuo-tamsiai-rudas\/","title":{"rendered":"Scheepjes m\u00e4ntypuinen neulekulho - tummanruskea"},"content":{"rendered":"<p>Scheepjes m\u00e4ntypuinen neulekulho - tummanruskea - Tummanruskea on ihanteellinen lankojen siistiin s\u00e4ilytykseen ja annosteluun neulomisen tai virkkaamisen aikana. Aseta vain lankaker\u00e4 kulhoon ja pujota irrallinen ulompi tai sisempi lanka spiraalimaisen uran l\u00e4pi mieltymyksesi mukaan. Hallitsemalla langan tulonopeutta nauti neulomisesta tai virkkaamisesta murehtimatta langan sotkeutumisesta tai venymisest\u00e4! T\u00e4m\u00e4 kulho on valmistettu m\u00e4ntypuusta. Sile\u00e4sti kiillotettu lankakulho on 15 cm leve\u00e4 ja 10 cm korkea. Jokainen kulho on k\u00e4sintehty, mik\u00e4 tekee jokaisesta kulhosta hieman erilaisen ja ainutlaatuisen!<\/p>\n<p>*N\u00e4yt\u00f6ll\u00e4 n\u00e4kyv\u00e4t v\u00e4rit voivat poiketa hieman todellisista v\u00e4reist\u00e4.<\/p>","protected":false},"excerpt":{"rendered":"<p>Scheepjes pu\u0161ies medienos mezg\u0117jos dubuo &#8211; tamsiai rudas\u00a0&#8211; tamsiai rudas idealiai tinka norint tvarkingai laikyti ir i\u0161leisti verpalus mezgant ar neriant. Tiesiog \u012fd\u0117kite si\u016bl\u0173 rutul\u012f \u012f duben\u012f ir per spiralin\u0119 i\u0161pjov\u0105 perverkite laisv\u0105 i\u0161orin\u0119 arba vidin\u0119 sruog\u0105, priklausomai nuo j\u016bs\u0173 pageidavim\u0173. Kontroliuodami verpal\u0173 i\u0161leidimo temp\u0105, m\u0117gaukit\u0117s mezgimu ar n\u0117rimu nesijaudindami d\u0117l susipainiojimo ar tempimo! \u0160is dubuo pagamintas i\u0161 pu\u0161ies medienos. Skland\u017eiai poliruoto si\u016bl\u0173 dubuo yra 15 cm plo\u010dio ir 10 cm auk\u0161\u010dio. Kiekvienas duben\u0117lis yra rank\u0173 darbo, tod\u0117l kiekvienas dubuo yra \u0161iek tiek kitoks ir unikalus! *Ekrane matomos spalvos gali \u0161iek tiek skirtis nuo tikrosios spalvos.<\/p>","protected":false},"featured_media":11865,"comment_status":"open","ping_status":"closed","template":"","meta":[],"product_brand":[],"product_cat":[192,916],"product_tag":[],"giftcard-category":[],"class_list":{"0":"post-11863","1":"product","2":"type-product","3":"status-publish","4":"has-post-thumbnail","6":"product_cat-priedai-mezgimui","7":"product_cat-kitos-priemones","9":"first","10":"instock","11":"taxable","12":"shipping-taxable","13":"purchasable","14":"product-type-simple"},"_links":{"self":[{"href":"https:\/\/bitessiulai.lt\/fi\/wp-json\/wp\/v2\/product\/11863","targetHints":{"allow":["GET"]}}],"collection":[{"href":"https:\/\/bitessiulai.lt\/fi\/wp-json\/wp\/v2\/product"}],"about":[{"href":"https:\/\/bitessiulai.lt\/fi\/wp-json\/wp\/v2\/types\/product"}],"replies":[{"embeddable":true,"href":"https:\/\/bitessiulai.lt\/fi\/wp-json\/wp\/v2\/comments?post=11863"}],"version-history":[{"count":1,"href":"https:\/\/bitessiulai.lt\/fi\/wp-json\/wp\/v2\/product\/11863\/revisions"}],"predecessor-version":[{"id":24706,"href":"https:\/\/bitessiulai.lt\/fi\/wp-json\/wp\/v2\/product\/11863\/revisions\/24706"}],"wp:featuredmedia":[{"embeddable":true,"href":"https:\/\/bitessiulai.lt\/fi\/wp-json\/wp\/v2\/media\/11865"}],"wp:attachment":[{"href":"https:\/\/bitessiulai.lt\/fi\/wp-json\/wp\/v2\/media?parent=11863"}],"wp:term":[{"taxonomy":"product_brand","embeddable":true,"href":"https:\/\/bitessiulai.lt\/fi\/wp-json\/wp\/v2\/product_brand?post=11863"},{"taxonomy":"product_cat","embeddable":true,"href":"https:\/\/bitessiulai.lt\/fi\/wp-json\/wp\/v2\/product_cat?post=11863"},{"taxonomy":"product_tag","embeddable":true,"href":"https:\/\/bitessiulai.lt\/fi\/wp-json\/wp\/v2\/product_tag?post=11863"},{"taxonomy":"giftcard-category","embeddable":true,"href":"https:\/\/bitessiulai.lt\/fi\/wp-json\/wp\/v2\/giftcard-category?post=11863"}],"curies":[{"name":"wp","href":"https:\/\/api.w.org\/{rel}","templated":true}]}}