{"id":10913,"date":"2025-04-04T12:11:39","date_gmt":"2025-04-04T09:11:39","guid":{"rendered":"https:\/\/bitessiulai.lt\/?post_type=product&#038;p=10913"},"modified":"2026-03-26T09:11:45","modified_gmt":"2026-03-26T07:11:45","slug":"drops-karisma","status":"publish","type":"product","link":"https:\/\/bitessiulai.lt\/fi\/tuote\/drops-karisma\/","title":{"rendered":"Karisma-tipat"},"content":{"rendered":"<p>DROPS Karisma on nelis\u00e4ikeinen lanka, jolla on erinomainen muodonpit\u00e4vyys. Se on superwashed eli konepest\u00e4v\u00e4 ja sopii t\u00e4ydellisesti jokap\u00e4iv\u00e4iseen k\u00e4ytt\u00f6\u00f6n.<\/p>\n<p>Pehme\u00e4 ja ihoa vasten mukava DROPS Karisma on ollut yksi klassisen villamallistomme suosituimmista ominaisuuksista siit\u00e4 l\u00e4htien, kun se lanseerattiin ensimm\u00e4isen kerran Skandinaviassa 1980-luvulla, ja sit\u00e4 tukee laaja v\u00e4rivalikoima.<\/p>\n<p><img fetchpriority=\"high\" decoding=\"async\" class=\"alignnone size-medium wp-image-10916\" src=\"http:\/\/bitessiulai.lt\/wp-content\/uploads\/2025\/03\/12-2-1-194x300.jpg\" alt=\"\" width=\"194\" height=\"300\" srcset=\"https:\/\/bitessiulai.lt\/wp-content\/uploads\/2025\/03\/12-2-1-194x300.jpg 194w, https:\/\/bitessiulai.lt\/wp-content\/uploads\/2025\/03\/12-2-1-8x12.jpg 8w, https:\/\/bitessiulai.lt\/wp-content\/uploads\/2025\/03\/12-2-1-97x150.jpg 97w, https:\/\/bitessiulai.lt\/wp-content\/uploads\/2025\/03\/12-2-1.jpg 458w\" sizes=\"(max-width: 194px) 100vw, 194px\" \/> <img decoding=\"async\" class=\"alignnone size-medium wp-image-10917\" src=\"http:\/\/bitessiulai.lt\/wp-content\/uploads\/2025\/03\/26-2-1-194x300.jpg\" alt=\"\" width=\"194\" height=\"300\" srcset=\"https:\/\/bitessiulai.lt\/wp-content\/uploads\/2025\/03\/26-2-1-194x300.jpg 194w, https:\/\/bitessiulai.lt\/wp-content\/uploads\/2025\/03\/26-2-1-8x12.jpg 8w, https:\/\/bitessiulai.lt\/wp-content\/uploads\/2025\/03\/26-2-1-97x150.jpg 97w, https:\/\/bitessiulai.lt\/wp-content\/uploads\/2025\/03\/26-2-1.jpg 458w\" sizes=\"(max-width: 194px) 100vw, 194px\" \/><\/p>\n<p>&nbsp;<\/p>\n<div class=\"embed-responsive embed-responsive-16by9\"><iframe title=\"DROPS Karisma - Superwash-k\u00e4sitelty villaklassikko\" width=\"540\" height=\"960\" src=\"https:\/\/www.youtube.com\/embed\/crH7GKKQy04?feature=oembed\" frameborder=\"0\" allow=\"accelerometer; autoplay; clipboard-write; encrypted-media; gyroscope; picture-in-picture; web-share\" referrerpolicy=\"strict-origin-when-cross-origin\" allowfullscreen><\/iframe><\/div>\n<p>*N\u00e4yt\u00f6ll\u00e4si n\u00e4kem\u00e4si v\u00e4rit saattavat poiketa hieman langan todellisesta v\u00e4rist\u00e4.<\/p>","protected":false},"excerpt":{"rendered":"<p>Koostumus: 100% villa<\/p>\n<p>Paino\/pituus: 50 g = noin 100 m.<\/p>\n<p>Suositeltu puikkokoko: 4 mm.<\/p>","protected":false},"featured_media":10918,"comment_status":"open","ping_status":"closed","template":"","meta":[],"product_brand":[],"product_cat":[173,256,217,3165,177,174,175,410],"product_tag":[],"giftcard-category":[],"class_list":{"0":"post-10913","1":"product","2":"type-product","3":"status-publish","4":"has-post-thumbnail","6":"product_cat-siulai","7":"product_cat-drops","8":"product_cat-isparduotuve","9":"product_cat-karisma","10":"product_cat-mezgimo-siulai","11":"product_cat-siulu-gamintojai","12":"product_cat-siulu-pluostai","13":"product_cat-vilna","15":"first","16":"instock","17":"sale","18":"taxable","19":"shipping-taxable","20":"purchasable","21":"product-type-variable"},"_links":{"self":[{"href":"https:\/\/bitessiulai.lt\/fi\/wp-json\/wp\/v2\/product\/10913","targetHints":{"allow":["GET"]}}],"collection":[{"href":"https:\/\/bitessiulai.lt\/fi\/wp-json\/wp\/v2\/product"}],"about":[{"href":"https:\/\/bitessiulai.lt\/fi\/wp-json\/wp\/v2\/types\/product"}],"replies":[{"embeddable":true,"href":"https:\/\/bitessiulai.lt\/fi\/wp-json\/wp\/v2\/comments?post=10913"}],"version-history":[{"count":1,"href":"https:\/\/bitessiulai.lt\/fi\/wp-json\/wp\/v2\/product\/10913\/revisions"}],"predecessor-version":[{"id":21555,"href":"https:\/\/bitessiulai.lt\/fi\/wp-json\/wp\/v2\/product\/10913\/revisions\/21555"}],"wp:featuredmedia":[{"embeddable":true,"href":"https:\/\/bitessiulai.lt\/fi\/wp-json\/wp\/v2\/media\/10918"}],"wp:attachment":[{"href":"https:\/\/bitessiulai.lt\/fi\/wp-json\/wp\/v2\/media?parent=10913"}],"wp:term":[{"taxonomy":"product_brand","embeddable":true,"href":"https:\/\/bitessiulai.lt\/fi\/wp-json\/wp\/v2\/product_brand?post=10913"},{"taxonomy":"product_cat","embeddable":true,"href":"https:\/\/bitessiulai.lt\/fi\/wp-json\/wp\/v2\/product_cat?post=10913"},{"taxonomy":"product_tag","embeddable":true,"href":"https:\/\/bitessiulai.lt\/fi\/wp-json\/wp\/v2\/product_tag?post=10913"},{"taxonomy":"giftcard-category","embeddable":true,"href":"https:\/\/bitessiulai.lt\/fi\/wp-json\/wp\/v2\/giftcard-category?post=10913"}],"curies":[{"name":"wp","href":"https:\/\/api.w.org\/{rel}","templated":true}]}}