{"id":10815,"date":"2025-04-04T11:36:30","date_gmt":"2025-04-04T08:36:30","guid":{"rendered":"https:\/\/bitessiulai.lt\/?post_type=product&#038;p=10815"},"modified":"2026-04-10T22:44:40","modified_gmt":"2026-04-10T19:44:40","slug":"drops-andes","status":"publish","type":"product","link":"https:\/\/bitessiulai.lt\/fi\/tuote\/drops-andes\/","title":{"rendered":"Pisarat Andeilla"},"content":{"rendered":"<p>DROPS Andes on kehr\u00e4tty kahdesta s\u00e4ikeest\u00e4 perinteisell\u00e4 65%-villan ja 35%-ultrahienon alpakan sekoituksella, mik\u00e4 antaa langalle silkkisen pinnan (alpakakuidun ansiosta) ja hyv\u00e4n muodonpit\u00e4vyyden (villan ansiosta). Sen luonnonkuidut ovat k\u00e4sittelem\u00e4tt\u00f6mi\u00e4, mik\u00e4 tarkoittaa, ett\u00e4 ne on ennen v\u00e4rj\u00e4yst\u00e4 ainoastaan pesty eik\u00e4 niit\u00e4 k\u00e4sitell\u00e4 mill\u00e4\u00e4n kemiallisella tavalla. T\u00e4m\u00e4 tuo esiin kuidun luonnolliset ominaisuudet ja antaa sille my\u00f6s paremman muodon ja rakenteen.<\/p>\n<p>DROPS Andes on eritt\u00e4in helppo ty\u00f6st\u00e4\u00e4 paksuilla puikoilla ja koukuilla ja ihanteellinen huovutukseen. T\u00e4ydellinen talvivaatteisiin, asusteisiin ja sisustuskaavoihin.<\/p>\n<p><img fetchpriority=\"high\" decoding=\"async\" class=\"alignnone size-medium wp-image-10818\" src=\"http:\/\/bitessiulai.lt\/wp-content\/uploads\/2025\/03\/1639-2-194x300.jpg\" alt=\"\" width=\"194\" height=\"300\" srcset=\"https:\/\/bitessiulai.lt\/wp-content\/uploads\/2025\/03\/1639-2-194x300.jpg 194w, https:\/\/bitessiulai.lt\/wp-content\/uploads\/2025\/03\/1639-2-8x12.jpg 8w, https:\/\/bitessiulai.lt\/wp-content\/uploads\/2025\/03\/1639-2-97x150.jpg 97w, https:\/\/bitessiulai.lt\/wp-content\/uploads\/2025\/03\/1639-2.jpg 458w\" sizes=\"(max-width: 194px) 100vw, 194px\" \/> <img decoding=\"async\" class=\"alignnone size-medium wp-image-10819\" src=\"http:\/\/bitessiulai.lt\/wp-content\/uploads\/2025\/03\/30-2-194x300.jpg\" alt=\"\" width=\"194\" height=\"300\" srcset=\"https:\/\/bitessiulai.lt\/wp-content\/uploads\/2025\/03\/30-2-194x300.jpg 194w, https:\/\/bitessiulai.lt\/wp-content\/uploads\/2025\/03\/30-2-8x12.jpg 8w, https:\/\/bitessiulai.lt\/wp-content\/uploads\/2025\/03\/30-2-97x150.jpg 97w, https:\/\/bitessiulai.lt\/wp-content\/uploads\/2025\/03\/30-2.jpg 458w\" sizes=\"(max-width: 194px) 100vw, 194px\" \/><\/p>\n<div class=\"embed-responsive embed-responsive-16by9\"><iframe title=\"DROPS Andes - Pehme\u00e4 ja paksu alpakan ja villan sekoitus\" width=\"540\" height=\"960\" src=\"https:\/\/www.youtube.com\/embed\/K5aI1wW8YCU?feature=oembed\" frameborder=\"0\" allow=\"accelerometer; autoplay; clipboard-write; encrypted-media; gyroscope; picture-in-picture; web-share\" referrerpolicy=\"strict-origin-when-cross-origin\" allowfullscreen><\/iframe><\/div>\n<p>*N\u00e4yt\u00f6ll\u00e4si n\u00e4kem\u00e4si v\u00e4rit saattavat poiketa hieman langan todellisesta v\u00e4rist\u00e4.<\/p>","protected":false},"excerpt":{"rendered":"<p>Koostumus: 65% villa, 35% alpakka<\/p>\n<p>Paino\/pituus: 100 g = noin 180 m.<\/p>\n<p>Suositeltu puikkokoko: 7\u20138 mm.<\/p>","protected":false},"featured_media":10846,"comment_status":"open","ping_status":"closed","template":"","meta":[],"product_brand":[],"product_cat":[15,327,3166,256,217,177,173,174,175,410],"product_tag":[],"giftcard-category":[],"class_list":{"0":"post-10815","1":"product","2":"type-product","3":"status-publish","4":"has-post-thumbnail","6":"product_cat-be-kategorijos","7":"product_cat-alpaka","8":"product_cat-andes","9":"product_cat-drops","10":"product_cat-isparduotuve","11":"product_cat-mezgimo-siulai","12":"product_cat-siulai","13":"product_cat-siulu-gamintojai","14":"product_cat-siulu-pluostai","15":"product_cat-vilna","17":"first","18":"instock","19":"sale","20":"taxable","21":"shipping-taxable","22":"purchasable","23":"product-type-variable"},"_links":{"self":[{"href":"https:\/\/bitessiulai.lt\/fi\/wp-json\/wp\/v2\/product\/10815","targetHints":{"allow":["GET"]}}],"collection":[{"href":"https:\/\/bitessiulai.lt\/fi\/wp-json\/wp\/v2\/product"}],"about":[{"href":"https:\/\/bitessiulai.lt\/fi\/wp-json\/wp\/v2\/types\/product"}],"replies":[{"embeddable":true,"href":"https:\/\/bitessiulai.lt\/fi\/wp-json\/wp\/v2\/comments?post=10815"}],"version-history":[{"count":2,"href":"https:\/\/bitessiulai.lt\/fi\/wp-json\/wp\/v2\/product\/10815\/revisions"}],"predecessor-version":[{"id":23450,"href":"https:\/\/bitessiulai.lt\/fi\/wp-json\/wp\/v2\/product\/10815\/revisions\/23450"}],"wp:featuredmedia":[{"embeddable":true,"href":"https:\/\/bitessiulai.lt\/fi\/wp-json\/wp\/v2\/media\/10846"}],"wp:attachment":[{"href":"https:\/\/bitessiulai.lt\/fi\/wp-json\/wp\/v2\/media?parent=10815"}],"wp:term":[{"taxonomy":"product_brand","embeddable":true,"href":"https:\/\/bitessiulai.lt\/fi\/wp-json\/wp\/v2\/product_brand?post=10815"},{"taxonomy":"product_cat","embeddable":true,"href":"https:\/\/bitessiulai.lt\/fi\/wp-json\/wp\/v2\/product_cat?post=10815"},{"taxonomy":"product_tag","embeddable":true,"href":"https:\/\/bitessiulai.lt\/fi\/wp-json\/wp\/v2\/product_tag?post=10815"},{"taxonomy":"giftcard-category","embeddable":true,"href":"https:\/\/bitessiulai.lt\/fi\/wp-json\/wp\/v2\/giftcard-category?post=10815"}],"curies":[{"name":"wp","href":"https:\/\/api.w.org\/{rel}","templated":true}]}}