{"id":10555,"date":"2025-03-23T16:57:20","date_gmt":"2025-03-23T14:57:20","guid":{"rendered":"https:\/\/bitessiulai.lt\/?post_type=product&#038;p=10555"},"modified":"2025-03-23T17:18:31","modified_gmt":"2025-03-23T15:18:31","slug":"milward-2-skyluciu-sagos-5","status":"publish","type":"product","link":"https:\/\/bitessiulai.lt\/fi\/tuote\/milward-2-skyluciu-sagos-5\/","title":{"rendered":"Milwardin 2-reik\u00e4iset napit"},"content":{"rendered":"<p>N\u00e4m\u00e4 kauniit Milwardin kaksireik\u00e4iset napit ovat uskomattoman monipuolisia: voit k\u00e4ytt\u00e4\u00e4 niit\u00e4 (k\u00e4sintehdyiss\u00e4) vaatteissa, kodin sisustuksessa ja asusteissa. N\u00e4m\u00e4 py\u00f6re\u00e4t, valkoiset napit, joissa on v\u00e4rik\u00e4s kukka, voidaan ommella k\u00e4sin kahden rei\u00e4n l\u00e4pi. Napit ovat 15 mm leveit\u00e4. Ne on valmistettu nailonista ja ne voidaan pest\u00e4 jopa 40 \u00b0C:ssa. Napit on pakattu tyylikk\u00e4\u00e4seen pahvipussiin. Toimitetaan 8 kappaleen pakkauksissa.<\/p>\n<p><img fetchpriority=\"high\" decoding=\"async\" class=\"alignnone size-medium wp-image-10557\" src=\"http:\/\/bitessiulai.lt\/wp-content\/uploads\/2025\/03\/MG9033681-3-300x300.webp\" alt=\"\" width=\"300\" height=\"300\" srcset=\"https:\/\/bitessiulai.lt\/wp-content\/uploads\/2025\/03\/MG9033681-3-300x300.webp 300w, https:\/\/bitessiulai.lt\/wp-content\/uploads\/2025\/03\/MG9033681-3-150x150.webp 150w, https:\/\/bitessiulai.lt\/wp-content\/uploads\/2025\/03\/MG9033681-3-12x12.webp 12w, https:\/\/bitessiulai.lt\/wp-content\/uploads\/2025\/03\/MG9033681-3-96x96.webp 96w, https:\/\/bitessiulai.lt\/wp-content\/uploads\/2025\/03\/MG9033681-3.webp 583w\" sizes=\"(max-width: 300px) 100vw, 300px\" \/><\/p>\n<p>*N\u00e4yt\u00f6ll\u00e4 n\u00e4kyv\u00e4t v\u00e4rit voivat poiketa hieman todellisista v\u00e4reist\u00e4.<\/p>","protected":false},"excerpt":{"rendered":"<p>\u0160ios gra\u017eios Milward 2 skylu\u010di\u0173 sagos\u00a0yra ne\u012ftik\u0117tinai universalios: jas galite naudoti prie (rank\u0173 darbo) drabu\u017ei\u0173, nam\u0173 dekoro element\u0173 ir aksesuar\u0173. \u0160ias apvalias, baltas sagas su spalvota g\u0117le galima prisi\u016bti rankomis per dvi skylutes. Sagos yra 15 mm plo\u010dio. Jie pagaminti i\u0161 nailono ir skalbiami iki 40\u00b0C. Sagos supakuotos \u012f stiling\u0105 kartonin\u012f vok\u0105. Tiekiama po 8 vnt. *Ekrane matomos spalvos gali \u0161iek tiek skirtis nuo tikrosios spalvos.<\/p>","protected":false},"featured_media":10559,"comment_status":"open","ping_status":"closed","template":"","meta":[],"product_brand":[],"product_cat":[192,210],"product_tag":[],"giftcard-category":[],"class_list":{"0":"post-10555","1":"product","2":"type-product","3":"status-publish","4":"has-post-thumbnail","6":"product_cat-priedai-mezgimui","7":"product_cat-sagos","9":"first","10":"instock","11":"taxable","12":"shipping-taxable","13":"purchasable","14":"product-type-simple"},"_links":{"self":[{"href":"https:\/\/bitessiulai.lt\/fi\/wp-json\/wp\/v2\/product\/10555","targetHints":{"allow":["GET"]}}],"collection":[{"href":"https:\/\/bitessiulai.lt\/fi\/wp-json\/wp\/v2\/product"}],"about":[{"href":"https:\/\/bitessiulai.lt\/fi\/wp-json\/wp\/v2\/types\/product"}],"replies":[{"embeddable":true,"href":"https:\/\/bitessiulai.lt\/fi\/wp-json\/wp\/v2\/comments?post=10555"}],"version-history":[{"count":0,"href":"https:\/\/bitessiulai.lt\/fi\/wp-json\/wp\/v2\/product\/10555\/revisions"}],"wp:featuredmedia":[{"embeddable":true,"href":"https:\/\/bitessiulai.lt\/fi\/wp-json\/wp\/v2\/media\/10559"}],"wp:attachment":[{"href":"https:\/\/bitessiulai.lt\/fi\/wp-json\/wp\/v2\/media?parent=10555"}],"wp:term":[{"taxonomy":"product_brand","embeddable":true,"href":"https:\/\/bitessiulai.lt\/fi\/wp-json\/wp\/v2\/product_brand?post=10555"},{"taxonomy":"product_cat","embeddable":true,"href":"https:\/\/bitessiulai.lt\/fi\/wp-json\/wp\/v2\/product_cat?post=10555"},{"taxonomy":"product_tag","embeddable":true,"href":"https:\/\/bitessiulai.lt\/fi\/wp-json\/wp\/v2\/product_tag?post=10555"},{"taxonomy":"giftcard-category","embeddable":true,"href":"https:\/\/bitessiulai.lt\/fi\/wp-json\/wp\/v2\/giftcard-category?post=10555"}],"curies":[{"name":"wp","href":"https:\/\/api.w.org\/{rel}","templated":true}]}}