{"id":10517,"date":"2025-03-23T16:12:24","date_gmt":"2025-03-23T14:12:24","guid":{"rendered":"https:\/\/bitessiulai.lt\/?post_type=product&#038;p=10517"},"modified":"2026-01-21T11:08:15","modified_gmt":"2026-01-21T09:08:15","slug":"peledos-sagos","status":"publish","type":"product","link":"https:\/\/bitessiulai.lt\/fi\/tuote\/peledos-sagos\/","title":{"rendered":"P\u00f6ll\u00f6painikkeet"},"content":{"rendered":"<p>N\u00e4m\u00e4 suloiset ja v\u00e4rikk\u00e4\u00e4t puiset p\u00f6ll\u00f6napit viimeistelev\u00e4t hauskasti monenlaisia luovia projekteja. Halusitpa sitten koristella itse tehtyj\u00e4 laukkuja, huiveja ja hattuja tai k\u00e4ytt\u00e4\u00e4 niit\u00e4 neuletakkien tai shaalien lukkona, n\u00e4m\u00e4 napit toimivat t\u00e4ydellisesti. Jokaisessa napissa on kaksi reik\u00e4\u00e4 ja ne on suunniteltu ommeltavaksi k\u00e4sin. Kaikki p\u00f6ll\u00f6napit ovat kokoa 40 (25 mm).<\/p>\n<p>*N\u00e4yt\u00f6ll\u00e4 n\u00e4kyv\u00e4t v\u00e4rit voivat poiketa hieman todellisista v\u00e4reist\u00e4.<\/p>","protected":false},"excerpt":{"rendered":"<p>\u0160ios mielos, spalvotos medin\u0117s pel\u0117dos sagos suteiks smag\u0173 u\u017ebaigim\u0105 \u012fvairiems k\u016brybiniams projektams. Nesvarbu, ar norite papuo\u0161ti naminius krep\u0161ius, \u0161alikus ir skryb\u0117les, ar naudoti ant kardigan\u0173 ar skar\u0173 kaip u\u017esegim\u0105, \u0161ios sagos puikiai tiks. Kiekviena saga turi dvi skylutes ir yra skirtas susi\u016bti rankomis. Visos pel\u0117dos sagos yra 40 (25 mm) dyd\u017eio. *Ekrane matomos spalvos gali \u0161iek tiek skirtis nuo tikrosios spalvos.<\/p>","protected":false},"featured_media":10518,"comment_status":"open","ping_status":"closed","template":"","meta":[],"product_brand":[],"product_cat":[15,192,210],"product_tag":[],"giftcard-category":[],"class_list":{"0":"post-10517","1":"product","2":"type-product","3":"status-publish","4":"has-post-thumbnail","6":"product_cat-be-kategorijos","7":"product_cat-priedai-mezgimui","8":"product_cat-sagos","10":"first","11":"instock","12":"taxable","13":"shipping-taxable","14":"purchasable","15":"product-type-simple"},"_links":{"self":[{"href":"https:\/\/bitessiulai.lt\/fi\/wp-json\/wp\/v2\/product\/10517","targetHints":{"allow":["GET"]}}],"collection":[{"href":"https:\/\/bitessiulai.lt\/fi\/wp-json\/wp\/v2\/product"}],"about":[{"href":"https:\/\/bitessiulai.lt\/fi\/wp-json\/wp\/v2\/types\/product"}],"replies":[{"embeddable":true,"href":"https:\/\/bitessiulai.lt\/fi\/wp-json\/wp\/v2\/comments?post=10517"}],"version-history":[{"count":0,"href":"https:\/\/bitessiulai.lt\/fi\/wp-json\/wp\/v2\/product\/10517\/revisions"}],"wp:featuredmedia":[{"embeddable":true,"href":"https:\/\/bitessiulai.lt\/fi\/wp-json\/wp\/v2\/media\/10518"}],"wp:attachment":[{"href":"https:\/\/bitessiulai.lt\/fi\/wp-json\/wp\/v2\/media?parent=10517"}],"wp:term":[{"taxonomy":"product_brand","embeddable":true,"href":"https:\/\/bitessiulai.lt\/fi\/wp-json\/wp\/v2\/product_brand?post=10517"},{"taxonomy":"product_cat","embeddable":true,"href":"https:\/\/bitessiulai.lt\/fi\/wp-json\/wp\/v2\/product_cat?post=10517"},{"taxonomy":"product_tag","embeddable":true,"href":"https:\/\/bitessiulai.lt\/fi\/wp-json\/wp\/v2\/product_tag?post=10517"},{"taxonomy":"giftcard-category","embeddable":true,"href":"https:\/\/bitessiulai.lt\/fi\/wp-json\/wp\/v2\/giftcard-category?post=10517"}],"curies":[{"name":"wp","href":"https:\/\/api.w.org\/{rel}","templated":true}]}}