{"id":10509,"date":"2025-03-23T16:05:19","date_gmt":"2025-03-23T14:05:19","guid":{"rendered":"https:\/\/bitessiulai.lt\/?post_type=product&#038;p=10509"},"modified":"2026-03-19T15:43:35","modified_gmt":"2026-03-19T13:43:35","slug":"geliu-sagos","status":"publish","type":"product","link":"https:\/\/bitessiulai.lt\/fi\/tuote\/geliu-sagos\/","title":{"rendered":"Kukkanapit"},"content":{"rendered":"<p>N\u00e4m\u00e4 n\u00e4ytt\u00e4v\u00e4t puiset kukkanapit viimeistelev\u00e4t hauskasti monenlaisia luovia projekteja. Halusitpa sitten koristella itse tehtyj\u00e4 laukkuja, huiveja ja hattuja tai k\u00e4ytt\u00e4\u00e4 niit\u00e4 neuletakkien tai shaalien lukkona, n\u00e4m\u00e4 napit toimivat t\u00e4ydellisesti. Jokaisessa napissa on kaksi reik\u00e4\u00e4 ja ne on suunniteltu ommeltavaksi k\u00e4sin. Kukkanapit ovat kooltaan 40 (25 mm).<\/p>\n<p>*N\u00e4yt\u00f6ll\u00e4 n\u00e4kyv\u00e4t v\u00e4rit voivat poiketa hieman todellisista v\u00e4reist\u00e4.<\/p>","protected":false},"excerpt":{"rendered":"<p>\u0160ios ak\u012f traukian\u010dios medin\u0117s g\u0117li\u0173 sagos suteiks smag\u0173 u\u017ebaigim\u0105 \u012fvairiems k\u016brybiniams projektams. Nesvarbu, ar norite papuo\u0161ti naminius krep\u0161ius, \u0161alikus ir skryb\u0117les, ar naudoti ant kardigan\u0173 ar skar\u0173 kaip u\u017esegim\u0105, \u0161ios sagos puikiai tiks. Kiekviena sag\u0117 turi dvi skylutes ir yra skirtas susi\u016bti rankomis. G\u0117li\u0173 sagos yra 40 (25 mm) dyd\u017eio. *Ekrane matomos spalvos gali \u0161iek tiek skirtis nuo tikrosios spalvos.<\/p>","protected":false},"featured_media":10511,"comment_status":"open","ping_status":"closed","template":"","meta":[],"product_brand":[],"product_cat":[192,210],"product_tag":[],"giftcard-category":[],"class_list":{"0":"post-10509","1":"product","2":"type-product","3":"status-publish","4":"has-post-thumbnail","6":"product_cat-priedai-mezgimui","7":"product_cat-sagos","9":"first","10":"instock","11":"taxable","12":"shipping-taxable","13":"purchasable","14":"product-type-simple"},"_links":{"self":[{"href":"https:\/\/bitessiulai.lt\/fi\/wp-json\/wp\/v2\/product\/10509","targetHints":{"allow":["GET"]}}],"collection":[{"href":"https:\/\/bitessiulai.lt\/fi\/wp-json\/wp\/v2\/product"}],"about":[{"href":"https:\/\/bitessiulai.lt\/fi\/wp-json\/wp\/v2\/types\/product"}],"replies":[{"embeddable":true,"href":"https:\/\/bitessiulai.lt\/fi\/wp-json\/wp\/v2\/comments?post=10509"}],"version-history":[{"count":0,"href":"https:\/\/bitessiulai.lt\/fi\/wp-json\/wp\/v2\/product\/10509\/revisions"}],"wp:featuredmedia":[{"embeddable":true,"href":"https:\/\/bitessiulai.lt\/fi\/wp-json\/wp\/v2\/media\/10511"}],"wp:attachment":[{"href":"https:\/\/bitessiulai.lt\/fi\/wp-json\/wp\/v2\/media?parent=10509"}],"wp:term":[{"taxonomy":"product_brand","embeddable":true,"href":"https:\/\/bitessiulai.lt\/fi\/wp-json\/wp\/v2\/product_brand?post=10509"},{"taxonomy":"product_cat","embeddable":true,"href":"https:\/\/bitessiulai.lt\/fi\/wp-json\/wp\/v2\/product_cat?post=10509"},{"taxonomy":"product_tag","embeddable":true,"href":"https:\/\/bitessiulai.lt\/fi\/wp-json\/wp\/v2\/product_tag?post=10509"},{"taxonomy":"giftcard-category","embeddable":true,"href":"https:\/\/bitessiulai.lt\/fi\/wp-json\/wp\/v2\/giftcard-category?post=10509"}],"curies":[{"name":"wp","href":"https:\/\/api.w.org\/{rel}","templated":true}]}}