{"id":10134,"date":"2025-03-15T16:05:29","date_gmt":"2025-03-15T14:05:29","guid":{"rendered":"https:\/\/bitessiulai.lt\/?post_type=product&#038;p=10134"},"modified":"2026-04-25T16:13:28","modified_gmt":"2026-04-25T13:13:28","slug":"stenli-tokyo","status":"publish","type":"product","link":"https:\/\/bitessiulai.lt\/fi\/tuote\/stenli-tokyo\/","title":{"rendered":"Stanley Tokio"},"content":{"rendered":"<p>Stanley Tokyo on kaunis lanka, jossa yhdistyv\u00e4t luonnon pehme\u00e4t puuvillakuidut ja sile\u00e4 viskoosilkki, jotka on k\u00e4\u00e4ritty herkk\u00e4\u00e4n polyamidikankaaseen. Molemmat kuidut seuraavat toisiaan synkronisesti muodostaen pieni\u00e4, tiheit\u00e4, pitk\u00e4nomaisia rakenteita, joilla on eteerinen kiilto ja jotka on yhdistetty ohuella ja sile\u00e4ll\u00e4 langalla. Langan tehon maksimoimiseksi on suositeltavaa k\u00e4ytt\u00e4\u00e4 neulonnassa suuria puikkoja, jotka antavat neuleelle tarvittavaa arvokkuutta ja paljastavat sen kaiken kauneuden. Stanley Tokyo -lanka sopii kevyiden ja herkkien neuleiden luomiseen kev\u00e4t-kes\u00e4kaudeksi, ja se yhdistet\u00e4\u00e4n t\u00e4ydellisesti muiden samanlaisen koostumuksen omaavien lankojen kanssa. Lanka sopii sek\u00e4 kokeneille neulojille ett\u00e4 aloittelijoille.<\/p>\n<p><img fetchpriority=\"high\" decoding=\"async\" class=\"alignnone size-medium wp-image-10148\" src=\"http:\/\/bitessiulai.lt\/wp-content\/uploads\/2025\/03\/279884219_857773688507732_3903508314384928403_n-20220503144931-263-200x300.jpg\" alt=\"\" width=\"200\" height=\"300\" srcset=\"https:\/\/bitessiulai.lt\/wp-content\/uploads\/2025\/03\/279884219_857773688507732_3903508314384928403_n-20220503144931-263-200x300.jpg 200w, https:\/\/bitessiulai.lt\/wp-content\/uploads\/2025\/03\/279884219_857773688507732_3903508314384928403_n-20220503144931-263-683x1024.jpg 683w, https:\/\/bitessiulai.lt\/wp-content\/uploads\/2025\/03\/279884219_857773688507732_3903508314384928403_n-20220503144931-263-768x1152.jpg 768w, https:\/\/bitessiulai.lt\/wp-content\/uploads\/2025\/03\/279884219_857773688507732_3903508314384928403_n-20220503144931-263-8x12.jpg 8w, https:\/\/bitessiulai.lt\/wp-content\/uploads\/2025\/03\/279884219_857773688507732_3903508314384928403_n-20220503144931-263-600x900.jpg 600w, https:\/\/bitessiulai.lt\/wp-content\/uploads\/2025\/03\/279884219_857773688507732_3903508314384928403_n-20220503144931-263-100x150.jpg 100w, https:\/\/bitessiulai.lt\/wp-content\/uploads\/2025\/03\/279884219_857773688507732_3903508314384928403_n-20220503144931-263.jpg 800w\" sizes=\"(max-width: 200px) 100vw, 200px\" \/><\/p>\n<p>*N\u00e4yt\u00f6ll\u00e4si n\u00e4kem\u00e4si v\u00e4rit saattavat poiketa hieman langan todellisesta v\u00e4rist\u00e4.<\/p>","protected":false},"excerpt":{"rendered":"<p>Materiaali: 40% viskoosi, 40% puuvilla, 20% polyamidi<\/p>\n<p>Paino\/pituus: 100 g = noin 300 m.<\/p>\n<p>Suositeltu puikkokoko: 6\u20137 mm.<\/p>","protected":false},"featured_media":10135,"comment_status":"open","ping_status":"closed","template":"","meta":[],"product_brand":[],"product_cat":[15,915,652,177,324,173,174,175,1641,3297,337],"product_tag":[],"giftcard-category":[],"class_list":{"0":"post-10134","1":"product","2":"type-product","3":"status-publish","4":"has-post-thumbnail","6":"product_cat-be-kategorijos","7":"product_cat-dekoratyviniai-siulai","8":"product_cat-medvilne","9":"product_cat-mezgimo-siulai","10":"product_cat-poliamidas","11":"product_cat-siulai","12":"product_cat-siulu-gamintojai","13":"product_cat-siulu-pluostai","14":"product_cat-stenli","15":"product_cat-tokyo","16":"product_cat-viskoze","18":"first","19":"instock","20":"taxable","21":"shipping-taxable","22":"purchasable","23":"product-type-variable"},"_links":{"self":[{"href":"https:\/\/bitessiulai.lt\/fi\/wp-json\/wp\/v2\/product\/10134","targetHints":{"allow":["GET"]}}],"collection":[{"href":"https:\/\/bitessiulai.lt\/fi\/wp-json\/wp\/v2\/product"}],"about":[{"href":"https:\/\/bitessiulai.lt\/fi\/wp-json\/wp\/v2\/types\/product"}],"replies":[{"embeddable":true,"href":"https:\/\/bitessiulai.lt\/fi\/wp-json\/wp\/v2\/comments?post=10134"}],"version-history":[{"count":0,"href":"https:\/\/bitessiulai.lt\/fi\/wp-json\/wp\/v2\/product\/10134\/revisions"}],"wp:featuredmedia":[{"embeddable":true,"href":"https:\/\/bitessiulai.lt\/fi\/wp-json\/wp\/v2\/media\/10135"}],"wp:attachment":[{"href":"https:\/\/bitessiulai.lt\/fi\/wp-json\/wp\/v2\/media?parent=10134"}],"wp:term":[{"taxonomy":"product_brand","embeddable":true,"href":"https:\/\/bitessiulai.lt\/fi\/wp-json\/wp\/v2\/product_brand?post=10134"},{"taxonomy":"product_cat","embeddable":true,"href":"https:\/\/bitessiulai.lt\/fi\/wp-json\/wp\/v2\/product_cat?post=10134"},{"taxonomy":"product_tag","embeddable":true,"href":"https:\/\/bitessiulai.lt\/fi\/wp-json\/wp\/v2\/product_tag?post=10134"},{"taxonomy":"giftcard-category","embeddable":true,"href":"https:\/\/bitessiulai.lt\/fi\/wp-json\/wp\/v2\/giftcard-category?post=10134"}],"curies":[{"name":"wp","href":"https:\/\/api.w.org\/{rel}","templated":true}]}}