{"id":10103,"date":"2025-03-15T15:31:17","date_gmt":"2025-03-15T13:31:17","guid":{"rendered":"https:\/\/bitessiulai.lt\/?post_type=product&#038;p=10103"},"modified":"2026-04-22T16:03:39","modified_gmt":"2026-04-22T13:03:39","slug":"stenli-paris","status":"publish","type":"product","link":"https:\/\/bitessiulai.lt\/fi\/tuote\/stenli-paris\/","title":{"rendered":"Stanley Paris"},"content":{"rendered":"<p><span class=\"Y2IQFc\" lang=\"lt\"><strong>Stanley Paris<\/strong> Langoissa on ihana rakenne. Langat kutsuvat luomaan tyylikk\u00e4it\u00e4 ja elegantteja iltapukuja ja asusteita, jotka korostavat vastustamatonta tyyli\u00e4si. Lankoja voi yhdist\u00e4\u00e4 muiden lankojen kanssa tai k\u00e4ytt\u00e4\u00e4 aksenttina.<\/span><\/p>\n<p>&nbsp;<\/p>\n<p><img fetchpriority=\"high\" decoding=\"async\" class=\"alignnone size-medium wp-image-13358\" src=\"http:\/\/bitessiulai.lt\/wp-content\/uploads\/2025\/03\/1409372e-b760-4195-ad0a-8a24242107fd-240x300.jpg\" alt=\"\" width=\"240\" height=\"300\" srcset=\"https:\/\/bitessiulai.lt\/wp-content\/uploads\/2025\/03\/1409372e-b760-4195-ad0a-8a24242107fd-240x300.jpg 240w, https:\/\/bitessiulai.lt\/wp-content\/uploads\/2025\/03\/1409372e-b760-4195-ad0a-8a24242107fd-819x1024.jpg 819w, https:\/\/bitessiulai.lt\/wp-content\/uploads\/2025\/03\/1409372e-b760-4195-ad0a-8a24242107fd-768x960.jpg 768w, https:\/\/bitessiulai.lt\/wp-content\/uploads\/2025\/03\/1409372e-b760-4195-ad0a-8a24242107fd-10x12.jpg 10w, https:\/\/bitessiulai.lt\/wp-content\/uploads\/2025\/03\/1409372e-b760-4195-ad0a-8a24242107fd-600x750.jpg 600w, https:\/\/bitessiulai.lt\/wp-content\/uploads\/2025\/03\/1409372e-b760-4195-ad0a-8a24242107fd-120x150.jpg 120w, https:\/\/bitessiulai.lt\/wp-content\/uploads\/2025\/03\/1409372e-b760-4195-ad0a-8a24242107fd.jpg 840w\" sizes=\"(max-width: 240px) 100vw, 240px\" \/> <img decoding=\"async\" class=\"alignnone size-medium wp-image-13359\" src=\"http:\/\/bitessiulai.lt\/wp-content\/uploads\/2025\/03\/bc5ae001-6427-4f55-b02d-e53ec99eed3d-300x200.jpg\" alt=\"\" width=\"300\" height=\"200\" srcset=\"https:\/\/bitessiulai.lt\/wp-content\/uploads\/2025\/03\/bc5ae001-6427-4f55-b02d-e53ec99eed3d-300x200.jpg 300w, https:\/\/bitessiulai.lt\/wp-content\/uploads\/2025\/03\/bc5ae001-6427-4f55-b02d-e53ec99eed3d-1024x684.jpg 1024w, https:\/\/bitessiulai.lt\/wp-content\/uploads\/2025\/03\/bc5ae001-6427-4f55-b02d-e53ec99eed3d-768x513.jpg 768w, https:\/\/bitessiulai.lt\/wp-content\/uploads\/2025\/03\/bc5ae001-6427-4f55-b02d-e53ec99eed3d-1536x1025.jpg 1536w, https:\/\/bitessiulai.lt\/wp-content\/uploads\/2025\/03\/bc5ae001-6427-4f55-b02d-e53ec99eed3d-18x12.jpg 18w, https:\/\/bitessiulai.lt\/wp-content\/uploads\/2025\/03\/bc5ae001-6427-4f55-b02d-e53ec99eed3d-600x401.jpg 600w, https:\/\/bitessiulai.lt\/wp-content\/uploads\/2025\/03\/bc5ae001-6427-4f55-b02d-e53ec99eed3d-150x100.jpg 150w, https:\/\/bitessiulai.lt\/wp-content\/uploads\/2025\/03\/bc5ae001-6427-4f55-b02d-e53ec99eed3d.jpg 1600w\" sizes=\"(max-width: 300px) 100vw, 300px\" \/><\/p>\n<p>*N\u00e4yt\u00f6ll\u00e4si n\u00e4kem\u00e4si v\u00e4rit saattavat poiketa hieman langan todellisesta v\u00e4rist\u00e4.<\/p>","protected":false},"excerpt":{"rendered":"<p>Koostumus: 95% viskoosi, 5% polyamidi<\/p>\n<p>Paino\/pituus: 100 g = noin 400 m.<\/p>\n<p>Suositeltu puikkokoko: 4\u20135 mm.<\/p>","protected":false},"featured_media":13356,"comment_status":"open","ping_status":"closed","template":"","meta":[],"product_brand":[],"product_cat":[174,3284,324,175,1641,337],"product_tag":[],"giftcard-category":[],"class_list":{"0":"post-10103","1":"product","2":"type-product","3":"status-publish","4":"has-post-thumbnail","6":"product_cat-siulu-gamintojai","7":"product_cat-paris","8":"product_cat-poliamidas","9":"product_cat-siulu-pluostai","10":"product_cat-stenli","11":"product_cat-viskoze","13":"first","14":"instock","15":"taxable","16":"shipping-taxable","17":"purchasable","18":"product-type-variable"},"_links":{"self":[{"href":"https:\/\/bitessiulai.lt\/fi\/wp-json\/wp\/v2\/product\/10103","targetHints":{"allow":["GET"]}}],"collection":[{"href":"https:\/\/bitessiulai.lt\/fi\/wp-json\/wp\/v2\/product"}],"about":[{"href":"https:\/\/bitessiulai.lt\/fi\/wp-json\/wp\/v2\/types\/product"}],"replies":[{"embeddable":true,"href":"https:\/\/bitessiulai.lt\/fi\/wp-json\/wp\/v2\/comments?post=10103"}],"version-history":[{"count":0,"href":"https:\/\/bitessiulai.lt\/fi\/wp-json\/wp\/v2\/product\/10103\/revisions"}],"wp:featuredmedia":[{"embeddable":true,"href":"https:\/\/bitessiulai.lt\/fi\/wp-json\/wp\/v2\/media\/13356"}],"wp:attachment":[{"href":"https:\/\/bitessiulai.lt\/fi\/wp-json\/wp\/v2\/media?parent=10103"}],"wp:term":[{"taxonomy":"product_brand","embeddable":true,"href":"https:\/\/bitessiulai.lt\/fi\/wp-json\/wp\/v2\/product_brand?post=10103"},{"taxonomy":"product_cat","embeddable":true,"href":"https:\/\/bitessiulai.lt\/fi\/wp-json\/wp\/v2\/product_cat?post=10103"},{"taxonomy":"product_tag","embeddable":true,"href":"https:\/\/bitessiulai.lt\/fi\/wp-json\/wp\/v2\/product_tag?post=10103"},{"taxonomy":"giftcard-category","embeddable":true,"href":"https:\/\/bitessiulai.lt\/fi\/wp-json\/wp\/v2\/giftcard-category?post=10103"}],"curies":[{"name":"wp","href":"https:\/\/api.w.org\/{rel}","templated":true}]}}