{"id":9740,"date":"2025-03-10T08:34:14","date_gmt":"2025-03-10T06:34:14","guid":{"rendered":"https:\/\/bitessiulai.lt\/?post_type=product&#038;p=9740"},"modified":"2026-04-19T19:24:27","modified_gmt":"2026-04-19T16:24:27","slug":"alize-angora-gold-batik","status":"publish","type":"product","link":"https:\/\/bitessiulai.lt\/et\/toode\/alize-angora-gold-batik\/","title":{"rendered":"Alize Angora kuldne batik"},"content":{"rendered":"<p>Alize Angora Gold Batik l\u00f5ng on uskumatult kerge ja pehme. Ideaalne sallide, \u00f5hukeste pluuside ja kampsunite kudumiseks.<\/p>\n<p><img fetchpriority=\"high\" decoding=\"async\" class=\"alignnone size-medium wp-image-9857\" src=\"http:\/\/bitessiulai.lt\/wp-content\/uploads\/2025\/03\/8a20a6c7-7afd-4a32-9347-59b7ecc3a0be-215x300.jpg\" alt=\"\" width=\"215\" height=\"300\" srcset=\"https:\/\/bitessiulai.lt\/wp-content\/uploads\/2025\/03\/8a20a6c7-7afd-4a32-9347-59b7ecc3a0be-215x300.jpg 215w, https:\/\/bitessiulai.lt\/wp-content\/uploads\/2025\/03\/8a20a6c7-7afd-4a32-9347-59b7ecc3a0be-733x1024.jpg 733w, https:\/\/bitessiulai.lt\/wp-content\/uploads\/2025\/03\/8a20a6c7-7afd-4a32-9347-59b7ecc3a0be-768x1072.jpg 768w, https:\/\/bitessiulai.lt\/wp-content\/uploads\/2025\/03\/8a20a6c7-7afd-4a32-9347-59b7ecc3a0be-1100x1536.jpg 1100w, https:\/\/bitessiulai.lt\/wp-content\/uploads\/2025\/03\/8a20a6c7-7afd-4a32-9347-59b7ecc3a0be-9x12.jpg 9w, https:\/\/bitessiulai.lt\/wp-content\/uploads\/2025\/03\/8a20a6c7-7afd-4a32-9347-59b7ecc3a0be-600x838.jpg 600w, https:\/\/bitessiulai.lt\/wp-content\/uploads\/2025\/03\/8a20a6c7-7afd-4a32-9347-59b7ecc3a0be-107x150.jpg 107w, https:\/\/bitessiulai.lt\/wp-content\/uploads\/2025\/03\/8a20a6c7-7afd-4a32-9347-59b7ecc3a0be.jpg 1133w\" sizes=\"(max-width: 215px) 100vw, 215px\" \/> <img decoding=\"async\" class=\"alignnone size-medium wp-image-9849\" src=\"http:\/\/bitessiulai.lt\/wp-content\/uploads\/2025\/03\/4a61e8c8-507c-4bdc-b9c1-6a1fd67b64d1-237x300.jpg\" alt=\"\" width=\"237\" height=\"300\" srcset=\"https:\/\/bitessiulai.lt\/wp-content\/uploads\/2025\/03\/4a61e8c8-507c-4bdc-b9c1-6a1fd67b64d1-237x300.jpg 237w, https:\/\/bitessiulai.lt\/wp-content\/uploads\/2025\/03\/4a61e8c8-507c-4bdc-b9c1-6a1fd67b64d1-809x1024.jpg 809w, https:\/\/bitessiulai.lt\/wp-content\/uploads\/2025\/03\/4a61e8c8-507c-4bdc-b9c1-6a1fd67b64d1-768x972.jpg 768w, https:\/\/bitessiulai.lt\/wp-content\/uploads\/2025\/03\/4a61e8c8-507c-4bdc-b9c1-6a1fd67b64d1-1213x1536.jpg 1213w, https:\/\/bitessiulai.lt\/wp-content\/uploads\/2025\/03\/4a61e8c8-507c-4bdc-b9c1-6a1fd67b64d1-9x12.jpg 9w, https:\/\/bitessiulai.lt\/wp-content\/uploads\/2025\/03\/4a61e8c8-507c-4bdc-b9c1-6a1fd67b64d1-600x760.jpg 600w, https:\/\/bitessiulai.lt\/wp-content\/uploads\/2025\/03\/4a61e8c8-507c-4bdc-b9c1-6a1fd67b64d1-118x150.jpg 118w, https:\/\/bitessiulai.lt\/wp-content\/uploads\/2025\/03\/4a61e8c8-507c-4bdc-b9c1-6a1fd67b64d1.jpg 1263w\" sizes=\"(max-width: 237px) 100vw, 237px\" \/> <img decoding=\"async\" class=\"alignnone size-medium wp-image-9851\" src=\"http:\/\/bitessiulai.lt\/wp-content\/uploads\/2025\/03\/6906203b-e67c-4cc0-8f1e-abc8573e4311-242x300.jpg\" alt=\"\" width=\"242\" height=\"300\" srcset=\"https:\/\/bitessiulai.lt\/wp-content\/uploads\/2025\/03\/6906203b-e67c-4cc0-8f1e-abc8573e4311-242x300.jpg 242w, https:\/\/bitessiulai.lt\/wp-content\/uploads\/2025\/03\/6906203b-e67c-4cc0-8f1e-abc8573e4311-826x1024.jpg 826w, https:\/\/bitessiulai.lt\/wp-content\/uploads\/2025\/03\/6906203b-e67c-4cc0-8f1e-abc8573e4311-768x952.jpg 768w, https:\/\/bitessiulai.lt\/wp-content\/uploads\/2025\/03\/6906203b-e67c-4cc0-8f1e-abc8573e4311-1240x1536.jpg 1240w, https:\/\/bitessiulai.lt\/wp-content\/uploads\/2025\/03\/6906203b-e67c-4cc0-8f1e-abc8573e4311-10x12.jpg 10w, https:\/\/bitessiulai.lt\/wp-content\/uploads\/2025\/03\/6906203b-e67c-4cc0-8f1e-abc8573e4311-600x743.jpg 600w, https:\/\/bitessiulai.lt\/wp-content\/uploads\/2025\/03\/6906203b-e67c-4cc0-8f1e-abc8573e4311-121x150.jpg 121w, https:\/\/bitessiulai.lt\/wp-content\/uploads\/2025\/03\/6906203b-e67c-4cc0-8f1e-abc8573e4311.jpg 1284w\" sizes=\"(max-width: 242px) 100vw, 242px\" \/> <img loading=\"lazy\" decoding=\"async\" class=\"alignnone size-medium wp-image-9853\" src=\"http:\/\/bitessiulai.lt\/wp-content\/uploads\/2025\/03\/16cc9632-755e-460e-910d-df3997e2c881-242x300.jpg\" alt=\"\" width=\"242\" height=\"300\" srcset=\"https:\/\/bitessiulai.lt\/wp-content\/uploads\/2025\/03\/16cc9632-755e-460e-910d-df3997e2c881-242x300.jpg 242w, https:\/\/bitessiulai.lt\/wp-content\/uploads\/2025\/03\/16cc9632-755e-460e-910d-df3997e2c881-826x1024.jpg 826w, https:\/\/bitessiulai.lt\/wp-content\/uploads\/2025\/03\/16cc9632-755e-460e-910d-df3997e2c881-768x952.jpg 768w, https:\/\/bitessiulai.lt\/wp-content\/uploads\/2025\/03\/16cc9632-755e-460e-910d-df3997e2c881-1240x1536.jpg 1240w, https:\/\/bitessiulai.lt\/wp-content\/uploads\/2025\/03\/16cc9632-755e-460e-910d-df3997e2c881-10x12.jpg 10w, https:\/\/bitessiulai.lt\/wp-content\/uploads\/2025\/03\/16cc9632-755e-460e-910d-df3997e2c881-600x743.jpg 600w, https:\/\/bitessiulai.lt\/wp-content\/uploads\/2025\/03\/16cc9632-755e-460e-910d-df3997e2c881-121x150.jpg 121w, https:\/\/bitessiulai.lt\/wp-content\/uploads\/2025\/03\/16cc9632-755e-460e-910d-df3997e2c881.jpg 1284w\" sizes=\"(max-width: 242px) 100vw, 242px\" \/><\/p>\n<p>*Ekraanil kuvatavad v\u00e4rvid v\u00f5ivad tegelikust niidiv\u00e4rvist veidi erineda.<\/p>","protected":false},"excerpt":{"rendered":"<ul>\n<li><strong>Koostis:<\/strong> 20% vill, 80% akr\u00fc\u00fcl<\/li>\n<li><strong>Kaal\/pikkus:<\/strong> 100 aastat = umbes 550 aastat.<\/li>\n<li><strong>Soovitatav kudumisvarda suurus: <\/strong>3\u20136 mm.<\/li>\n<li><strong>Vaasi soovituslik suurus:<\/strong> 2\u20134 mm.<\/li>\n<\/ul>","protected":false},"featured_media":9737,"comment_status":"open","ping_status":"closed","template":"","meta":[],"product_brand":[],"product_cat":[326,2125,3157,177,178,173,174,175,410],"product_tag":[],"giftcard-category":[],"class_list":{"0":"post-9740","1":"product","2":"type-product","3":"status-publish","4":"has-post-thumbnail","6":"product_cat-akrilas","7":"product_cat-alize","8":"product_cat-alize-angora-gold-batik","9":"product_cat-mezgimo-siulai","10":"product_cat-nerimo-siulai","11":"product_cat-siulai","12":"product_cat-siulu-gamintojai","13":"product_cat-siulu-pluostai","14":"product_cat-vilna","16":"first","17":"instock","18":"taxable","19":"shipping-taxable","20":"purchasable","21":"product-type-variable"},"_links":{"self":[{"href":"https:\/\/bitessiulai.lt\/et\/wp-json\/wp\/v2\/product\/9740","targetHints":{"allow":["GET"]}}],"collection":[{"href":"https:\/\/bitessiulai.lt\/et\/wp-json\/wp\/v2\/product"}],"about":[{"href":"https:\/\/bitessiulai.lt\/et\/wp-json\/wp\/v2\/types\/product"}],"replies":[{"embeddable":true,"href":"https:\/\/bitessiulai.lt\/et\/wp-json\/wp\/v2\/comments?post=9740"}],"version-history":[{"count":1,"href":"https:\/\/bitessiulai.lt\/et\/wp-json\/wp\/v2\/product\/9740\/revisions"}],"predecessor-version":[{"id":21436,"href":"https:\/\/bitessiulai.lt\/et\/wp-json\/wp\/v2\/product\/9740\/revisions\/21436"}],"wp:featuredmedia":[{"embeddable":true,"href":"https:\/\/bitessiulai.lt\/et\/wp-json\/wp\/v2\/media\/9737"}],"wp:attachment":[{"href":"https:\/\/bitessiulai.lt\/et\/wp-json\/wp\/v2\/media?parent=9740"}],"wp:term":[{"taxonomy":"product_brand","embeddable":true,"href":"https:\/\/bitessiulai.lt\/et\/wp-json\/wp\/v2\/product_brand?post=9740"},{"taxonomy":"product_cat","embeddable":true,"href":"https:\/\/bitessiulai.lt\/et\/wp-json\/wp\/v2\/product_cat?post=9740"},{"taxonomy":"product_tag","embeddable":true,"href":"https:\/\/bitessiulai.lt\/et\/wp-json\/wp\/v2\/product_tag?post=9740"},{"taxonomy":"giftcard-category","embeddable":true,"href":"https:\/\/bitessiulai.lt\/et\/wp-json\/wp\/v2\/giftcard-category?post=9740"}],"curies":[{"name":"wp","href":"https:\/\/api.w.org\/{rel}","templated":true}]}}