{"id":9620,"date":"2025-03-09T20:19:04","date_gmt":"2025-03-09T18:19:04","guid":{"rendered":"https:\/\/bitessiulai.lt\/?post_type=product&#038;p=9620"},"modified":"2026-04-17T10:51:19","modified_gmt":"2026-04-17T07:51:19","slug":"alize-lanagold-classic","status":"publish","type":"product","link":"https:\/\/bitessiulai.lt\/et\/toode\/alize-lanagold-classic\/","title":{"rendered":"Alize Lanagold Classic"},"content":{"rendered":"<p>Alize Lanagold Classic - pehme ja samal ajal v\u00e4ga soe villane l\u00f5ng. Ideaalne k\u00f5ikideks teie projektideks.<\/p>\n<p><img fetchpriority=\"high\" decoding=\"async\" class=\"alignnone size-medium wp-image-14795\" src=\"http:\/\/bitessiulai.lt\/wp-content\/uploads\/2025\/03\/518332782_122162710556569802_3194782922707604565_n-225x300.jpg\" alt=\"\" width=\"225\" height=\"300\" srcset=\"https:\/\/bitessiulai.lt\/wp-content\/uploads\/2025\/03\/518332782_122162710556569802_3194782922707604565_n-225x300.jpg 225w, https:\/\/bitessiulai.lt\/wp-content\/uploads\/2025\/03\/518332782_122162710556569802_3194782922707604565_n-768x1024.jpg 768w, https:\/\/bitessiulai.lt\/wp-content\/uploads\/2025\/03\/518332782_122162710556569802_3194782922707604565_n-1152x1536.jpg 1152w, https:\/\/bitessiulai.lt\/wp-content\/uploads\/2025\/03\/518332782_122162710556569802_3194782922707604565_n-9x12.jpg 9w, https:\/\/bitessiulai.lt\/wp-content\/uploads\/2025\/03\/518332782_122162710556569802_3194782922707604565_n-600x800.jpg 600w, https:\/\/bitessiulai.lt\/wp-content\/uploads\/2025\/03\/518332782_122162710556569802_3194782922707604565_n-113x150.jpg 113w, https:\/\/bitessiulai.lt\/wp-content\/uploads\/2025\/03\/518332782_122162710556569802_3194782922707604565_n.jpg 1536w\" sizes=\"(max-width: 225px) 100vw, 225px\" \/> <img decoding=\"async\" class=\"alignnone size-medium wp-image-14796\" src=\"http:\/\/bitessiulai.lt\/wp-content\/uploads\/2025\/03\/518218992_122161919990569802_3923413667775229841_n-225x300.jpg\" alt=\"\" width=\"225\" height=\"300\" srcset=\"https:\/\/bitessiulai.lt\/wp-content\/uploads\/2025\/03\/518218992_122161919990569802_3923413667775229841_n-225x300.jpg 225w, https:\/\/bitessiulai.lt\/wp-content\/uploads\/2025\/03\/518218992_122161919990569802_3923413667775229841_n-768x1024.jpg 768w, https:\/\/bitessiulai.lt\/wp-content\/uploads\/2025\/03\/518218992_122161919990569802_3923413667775229841_n-1152x1536.jpg 1152w, https:\/\/bitessiulai.lt\/wp-content\/uploads\/2025\/03\/518218992_122161919990569802_3923413667775229841_n-9x12.jpg 9w, https:\/\/bitessiulai.lt\/wp-content\/uploads\/2025\/03\/518218992_122161919990569802_3923413667775229841_n-600x800.jpg 600w, https:\/\/bitessiulai.lt\/wp-content\/uploads\/2025\/03\/518218992_122161919990569802_3923413667775229841_n-113x150.jpg 113w, https:\/\/bitessiulai.lt\/wp-content\/uploads\/2025\/03\/518218992_122161919990569802_3923413667775229841_n.jpg 1536w\" sizes=\"(max-width: 225px) 100vw, 225px\" \/><\/p>\n<p>*Ekraanil kuvatavad v\u00e4rvid v\u00f5ivad tegelikust niidiv\u00e4rvist veidi erineda.<\/p>","protected":false},"excerpt":{"rendered":"<ul>\n<li><strong>Koostis:<\/strong> 49% vill, 51% akr\u00fc\u00fcl<\/li>\n<li><strong>Kaal\/pikkus:<\/strong> 100 aastat = umbes 240 aastat.<\/li>\n<li><strong>Soovitatav kudumisvarda suurus: <\/strong>4\u20136 mm.<\/li>\n<li><strong>Vaasi soovituslik suurus:<\/strong> 2\u20134 mm.<\/li>\n<\/ul>","protected":false},"featured_media":16305,"comment_status":"open","ping_status":"closed","template":"","meta":[],"product_brand":[],"product_cat":[326,2125,3156,177,178,173,174,175,410],"product_tag":[],"giftcard-category":[],"class_list":{"0":"post-9620","1":"product","2":"type-product","3":"status-publish","4":"has-post-thumbnail","6":"product_cat-akrilas","7":"product_cat-alize","8":"product_cat-alize-lanagold-classic","9":"product_cat-mezgimo-siulai","10":"product_cat-nerimo-siulai","11":"product_cat-siulai","12":"product_cat-siulu-gamintojai","13":"product_cat-siulu-pluostai","14":"product_cat-vilna","16":"first","17":"instock","18":"taxable","19":"shipping-taxable","20":"purchasable","21":"product-type-variable"},"_links":{"self":[{"href":"https:\/\/bitessiulai.lt\/et\/wp-json\/wp\/v2\/product\/9620","targetHints":{"allow":["GET"]}}],"collection":[{"href":"https:\/\/bitessiulai.lt\/et\/wp-json\/wp\/v2\/product"}],"about":[{"href":"https:\/\/bitessiulai.lt\/et\/wp-json\/wp\/v2\/types\/product"}],"replies":[{"embeddable":true,"href":"https:\/\/bitessiulai.lt\/et\/wp-json\/wp\/v2\/comments?post=9620"}],"version-history":[{"count":1,"href":"https:\/\/bitessiulai.lt\/et\/wp-json\/wp\/v2\/product\/9620\/revisions"}],"predecessor-version":[{"id":22012,"href":"https:\/\/bitessiulai.lt\/et\/wp-json\/wp\/v2\/product\/9620\/revisions\/22012"}],"wp:featuredmedia":[{"embeddable":true,"href":"https:\/\/bitessiulai.lt\/et\/wp-json\/wp\/v2\/media\/16305"}],"wp:attachment":[{"href":"https:\/\/bitessiulai.lt\/et\/wp-json\/wp\/v2\/media?parent=9620"}],"wp:term":[{"taxonomy":"product_brand","embeddable":true,"href":"https:\/\/bitessiulai.lt\/et\/wp-json\/wp\/v2\/product_brand?post=9620"},{"taxonomy":"product_cat","embeddable":true,"href":"https:\/\/bitessiulai.lt\/et\/wp-json\/wp\/v2\/product_cat?post=9620"},{"taxonomy":"product_tag","embeddable":true,"href":"https:\/\/bitessiulai.lt\/et\/wp-json\/wp\/v2\/product_tag?post=9620"},{"taxonomy":"giftcard-category","embeddable":true,"href":"https:\/\/bitessiulai.lt\/et\/wp-json\/wp\/v2\/giftcard-category?post=9620"}],"curies":[{"name":"wp","href":"https:\/\/api.w.org\/{rel}","templated":true}]}}