{"id":9479,"date":"2025-03-09T15:37:25","date_gmt":"2025-03-09T13:37:25","guid":{"rendered":"https:\/\/bitessiulai.lt\/?post_type=product&#038;p=9479"},"modified":"2026-04-13T20:53:47","modified_gmt":"2026-04-13T17:53:47","slug":"alize-lanagold-800","status":"publish","type":"product","link":"https:\/\/bitessiulai.lt\/et\/toode\/alize-lanagold-800\/","title":{"rendered":"Alize Lanagold 800"},"content":{"rendered":"<p>Alize Lanagold 800 on pehme ja v\u00e4ga soe poolvillane l\u00f5ng. Sobib ideaalselt nii \u00f5hukeste pleedide kui ka paksemate kampsunite kudumiseks.<\/p>\n<p>*Ekraanil kuvatavad v\u00e4rvid v\u00f5ivad tegelikust niidiv\u00e4rvist veidi erineda.<\/p>\n<p>&nbsp;<\/p>","protected":false},"excerpt":{"rendered":"<ul>\n<li><strong>Koostis:<\/strong> 49% vill, 51% akr\u00fc\u00fcl<\/li>\n<li><strong>Kaal\/pikkus:<\/strong> 100 aastat = umbes 730 aastat.<\/li>\n<li><strong>Soovitatav kudumisvarda suurus: <\/strong>2\u20134 mm.<\/li>\n<li><strong>Vaasi soovituslik suurus:<\/strong> 1\u20132 mm.<\/li>\n<\/ul>","protected":false},"featured_media":9547,"comment_status":"open","ping_status":"closed","template":"","meta":[],"product_brand":[],"product_cat":[326,2125,3154,177,178,173,174,175,410],"product_tag":[],"giftcard-category":[],"class_list":{"0":"post-9479","1":"product","2":"type-product","3":"status-publish","4":"has-post-thumbnail","6":"product_cat-akrilas","7":"product_cat-alize","8":"product_cat-alize-lanagold-800","9":"product_cat-mezgimo-siulai","10":"product_cat-nerimo-siulai","11":"product_cat-siulai","12":"product_cat-siulu-gamintojai","13":"product_cat-siulu-pluostai","14":"product_cat-vilna","16":"first","17":"instock","18":"taxable","19":"shipping-taxable","20":"purchasable","21":"product-type-variable"},"_links":{"self":[{"href":"https:\/\/bitessiulai.lt\/et\/wp-json\/wp\/v2\/product\/9479","targetHints":{"allow":["GET"]}}],"collection":[{"href":"https:\/\/bitessiulai.lt\/et\/wp-json\/wp\/v2\/product"}],"about":[{"href":"https:\/\/bitessiulai.lt\/et\/wp-json\/wp\/v2\/types\/product"}],"replies":[{"embeddable":true,"href":"https:\/\/bitessiulai.lt\/et\/wp-json\/wp\/v2\/comments?post=9479"}],"version-history":[{"count":0,"href":"https:\/\/bitessiulai.lt\/et\/wp-json\/wp\/v2\/product\/9479\/revisions"}],"wp:featuredmedia":[{"embeddable":true,"href":"https:\/\/bitessiulai.lt\/et\/wp-json\/wp\/v2\/media\/9547"}],"wp:attachment":[{"href":"https:\/\/bitessiulai.lt\/et\/wp-json\/wp\/v2\/media?parent=9479"}],"wp:term":[{"taxonomy":"product_brand","embeddable":true,"href":"https:\/\/bitessiulai.lt\/et\/wp-json\/wp\/v2\/product_brand?post=9479"},{"taxonomy":"product_cat","embeddable":true,"href":"https:\/\/bitessiulai.lt\/et\/wp-json\/wp\/v2\/product_cat?post=9479"},{"taxonomy":"product_tag","embeddable":true,"href":"https:\/\/bitessiulai.lt\/et\/wp-json\/wp\/v2\/product_tag?post=9479"},{"taxonomy":"giftcard-category","embeddable":true,"href":"https:\/\/bitessiulai.lt\/et\/wp-json\/wp\/v2\/giftcard-category?post=9479"}],"curies":[{"name":"wp","href":"https:\/\/api.w.org\/{rel}","templated":true}]}}