{"id":9105,"date":"2025-03-03T09:35:07","date_gmt":"2025-03-03T07:35:07","guid":{"rendered":"https:\/\/bitessiulai.lt\/?post_type=product&#038;p=9105"},"modified":"2026-04-07T09:14:41","modified_gmt":"2026-04-07T06:14:41","slug":"yarnart-denim-washed","status":"publish","type":"product","link":"https:\/\/bitessiulai.lt\/et\/toode\/yarnart-denim-washed\/","title":{"rendered":"YarnArt Denim Washed Professional"},"content":{"rendered":"<p><img fetchpriority=\"high\" decoding=\"async\" class=\"alignnone size-medium wp-image-9106\" src=\"http:\/\/bitessiulai.lt\/wp-content\/uploads\/2025\/03\/DENIMWASHED_SEVVVAL_SITE-300x300.jpg\" alt=\"\" width=\"300\" height=\"300\" srcset=\"https:\/\/bitessiulai.lt\/wp-content\/uploads\/2025\/03\/DENIMWASHED_SEVVVAL_SITE-300x300.jpg 300w, https:\/\/bitessiulai.lt\/wp-content\/uploads\/2025\/03\/DENIMWASHED_SEVVVAL_SITE-1024x1024.jpg 1024w, https:\/\/bitessiulai.lt\/wp-content\/uploads\/2025\/03\/DENIMWASHED_SEVVVAL_SITE-150x150.jpg 150w, https:\/\/bitessiulai.lt\/wp-content\/uploads\/2025\/03\/DENIMWASHED_SEVVVAL_SITE-768x768.jpg 768w, https:\/\/bitessiulai.lt\/wp-content\/uploads\/2025\/03\/DENIMWASHED_SEVVVAL_SITE-1536x1536.jpg 1536w, https:\/\/bitessiulai.lt\/wp-content\/uploads\/2025\/03\/DENIMWASHED_SEVVVAL_SITE-12x12.jpg 12w, https:\/\/bitessiulai.lt\/wp-content\/uploads\/2025\/03\/DENIMWASHED_SEVVVAL_SITE-600x600.jpg 600w, https:\/\/bitessiulai.lt\/wp-content\/uploads\/2025\/03\/DENIMWASHED_SEVVVAL_SITE-96x96.jpg 96w, https:\/\/bitessiulai.lt\/wp-content\/uploads\/2025\/03\/DENIMWASHED_SEVVVAL_SITE.jpg 2000w\" sizes=\"(max-width: 300px) 100vw, 300px\" \/> <img decoding=\"async\" class=\"alignnone size-medium wp-image-9107\" src=\"http:\/\/bitessiulai.lt\/wp-content\/uploads\/2025\/03\/DENIMWASHED_Yarnart6342_SITE-600x600-1-300x300.jpg\" alt=\"\" width=\"300\" height=\"300\" srcset=\"https:\/\/bitessiulai.lt\/wp-content\/uploads\/2025\/03\/DENIMWASHED_Yarnart6342_SITE-600x600-1-300x300.jpg 300w, https:\/\/bitessiulai.lt\/wp-content\/uploads\/2025\/03\/DENIMWASHED_Yarnart6342_SITE-600x600-1-150x150.jpg 150w, https:\/\/bitessiulai.lt\/wp-content\/uploads\/2025\/03\/DENIMWASHED_Yarnart6342_SITE-600x600-1-12x12.jpg 12w, https:\/\/bitessiulai.lt\/wp-content\/uploads\/2025\/03\/DENIMWASHED_Yarnart6342_SITE-600x600-1-96x96.jpg 96w, https:\/\/bitessiulai.lt\/wp-content\/uploads\/2025\/03\/DENIMWASHED_Yarnart6342_SITE-600x600-1.jpg 600w\" sizes=\"(max-width: 300px) 100vw, 300px\" \/> <img decoding=\"async\" class=\"alignnone size-medium wp-image-9108\" src=\"http:\/\/bitessiulai.lt\/wp-content\/uploads\/2025\/03\/Denim_Washed_Yarnart_241706-300x300.jpg\" alt=\"\" width=\"300\" height=\"300\" srcset=\"https:\/\/bitessiulai.lt\/wp-content\/uploads\/2025\/03\/Denim_Washed_Yarnart_241706-300x300.jpg 300w, https:\/\/bitessiulai.lt\/wp-content\/uploads\/2025\/03\/Denim_Washed_Yarnart_241706-1024x1024.jpg 1024w, https:\/\/bitessiulai.lt\/wp-content\/uploads\/2025\/03\/Denim_Washed_Yarnart_241706-150x150.jpg 150w, https:\/\/bitessiulai.lt\/wp-content\/uploads\/2025\/03\/Denim_Washed_Yarnart_241706-768x768.jpg 768w, https:\/\/bitessiulai.lt\/wp-content\/uploads\/2025\/03\/Denim_Washed_Yarnart_241706-1536x1536.jpg 1536w, https:\/\/bitessiulai.lt\/wp-content\/uploads\/2025\/03\/Denim_Washed_Yarnart_241706-12x12.jpg 12w, https:\/\/bitessiulai.lt\/wp-content\/uploads\/2025\/03\/Denim_Washed_Yarnart_241706-600x600.jpg 600w, https:\/\/bitessiulai.lt\/wp-content\/uploads\/2025\/03\/Denim_Washed_Yarnart_241706-96x96.jpg 96w, https:\/\/bitessiulai.lt\/wp-content\/uploads\/2025\/03\/Denim_Washed_Yarnart_241706.jpg 2000w\" sizes=\"(max-width: 300px) 100vw, 300px\" \/><\/p>\n<p><img loading=\"lazy\" decoding=\"async\" class=\"alignnone size-medium wp-image-9111\" src=\"http:\/\/bitessiulai.lt\/wp-content\/uploads\/2025\/03\/DENIM_CORD_01-300x300.jpg\" alt=\"\" width=\"300\" height=\"300\" srcset=\"https:\/\/bitessiulai.lt\/wp-content\/uploads\/2025\/03\/DENIM_CORD_01-300x300.jpg 300w, https:\/\/bitessiulai.lt\/wp-content\/uploads\/2025\/03\/DENIM_CORD_01-150x150.jpg 150w, https:\/\/bitessiulai.lt\/wp-content\/uploads\/2025\/03\/DENIM_CORD_01-768x768.jpg 768w, https:\/\/bitessiulai.lt\/wp-content\/uploads\/2025\/03\/DENIM_CORD_01-12x12.jpg 12w, https:\/\/bitessiulai.lt\/wp-content\/uploads\/2025\/03\/DENIM_CORD_01-600x600.jpg 600w, https:\/\/bitessiulai.lt\/wp-content\/uploads\/2025\/03\/DENIM_CORD_01-96x96.jpg 96w, https:\/\/bitessiulai.lt\/wp-content\/uploads\/2025\/03\/DENIM_CORD_01.jpg 1000w\" sizes=\"(max-width: 300px) 100vw, 300px\" \/><img loading=\"lazy\" decoding=\"async\" class=\"alignnone size-medium wp-image-9109\" src=\"http:\/\/bitessiulai.lt\/wp-content\/uploads\/2025\/03\/DENIM_WASHED_01-600x600-1-300x300.jpg\" alt=\"\" width=\"300\" height=\"300\" srcset=\"https:\/\/bitessiulai.lt\/wp-content\/uploads\/2025\/03\/DENIM_WASHED_01-600x600-1-300x300.jpg 300w, https:\/\/bitessiulai.lt\/wp-content\/uploads\/2025\/03\/DENIM_WASHED_01-600x600-1-150x150.jpg 150w, https:\/\/bitessiulai.lt\/wp-content\/uploads\/2025\/03\/DENIM_WASHED_01-600x600-1-12x12.jpg 12w, https:\/\/bitessiulai.lt\/wp-content\/uploads\/2025\/03\/DENIM_WASHED_01-600x600-1-96x96.jpg 96w, https:\/\/bitessiulai.lt\/wp-content\/uploads\/2025\/03\/DENIM_WASHED_01-600x600-1.jpg 600w\" sizes=\"(max-width: 300px) 100vw, 300px\" \/><\/p>\n<p>*Ekraanil n\u00e4htavad YarnArt Denim Washed l\u00f5nga v\u00e4rvid v\u00f5ivad tegelikust l\u00f5ngav\u00e4rvist veidi erineda.<\/p>","protected":false},"excerpt":{"rendered":"<p>Koostis: 70% puuvill, 30% akr\u00fc\u00fcl<\/p>\n<p>Kaal\/pikkus: 50 g = umbes 130 m.<\/p>\n<p>Soovitatav varda suurus: 3,5 mm.<\/p>\n<p>Soovitatav helmeste suurus: 4 mm.<\/p>","protected":false},"featured_media":9110,"comment_status":"open","ping_status":"closed","template":"","meta":[],"product_brand":[],"product_cat":[326,3321,652,177,178,173,174,175,255],"product_tag":[],"giftcard-category":[],"class_list":{"0":"post-9105","1":"product","2":"type-product","3":"status-publish","4":"has-post-thumbnail","6":"product_cat-akrilas","7":"product_cat-denim-washed-proffesional","8":"product_cat-medvilne","9":"product_cat-mezgimo-siulai","10":"product_cat-nerimo-siulai","11":"product_cat-siulai","12":"product_cat-siulu-gamintojai","13":"product_cat-siulu-pluostai","14":"product_cat-yarnart","16":"first","17":"instock","18":"taxable","19":"shipping-taxable","20":"purchasable","21":"product-type-variable"},"_links":{"self":[{"href":"https:\/\/bitessiulai.lt\/et\/wp-json\/wp\/v2\/product\/9105","targetHints":{"allow":["GET"]}}],"collection":[{"href":"https:\/\/bitessiulai.lt\/et\/wp-json\/wp\/v2\/product"}],"about":[{"href":"https:\/\/bitessiulai.lt\/et\/wp-json\/wp\/v2\/types\/product"}],"replies":[{"embeddable":true,"href":"https:\/\/bitessiulai.lt\/et\/wp-json\/wp\/v2\/comments?post=9105"}],"version-history":[{"count":0,"href":"https:\/\/bitessiulai.lt\/et\/wp-json\/wp\/v2\/product\/9105\/revisions"}],"wp:featuredmedia":[{"embeddable":true,"href":"https:\/\/bitessiulai.lt\/et\/wp-json\/wp\/v2\/media\/9110"}],"wp:attachment":[{"href":"https:\/\/bitessiulai.lt\/et\/wp-json\/wp\/v2\/media?parent=9105"}],"wp:term":[{"taxonomy":"product_brand","embeddable":true,"href":"https:\/\/bitessiulai.lt\/et\/wp-json\/wp\/v2\/product_brand?post=9105"},{"taxonomy":"product_cat","embeddable":true,"href":"https:\/\/bitessiulai.lt\/et\/wp-json\/wp\/v2\/product_cat?post=9105"},{"taxonomy":"product_tag","embeddable":true,"href":"https:\/\/bitessiulai.lt\/et\/wp-json\/wp\/v2\/product_tag?post=9105"},{"taxonomy":"giftcard-category","embeddable":true,"href":"https:\/\/bitessiulai.lt\/et\/wp-json\/wp\/v2\/giftcard-category?post=9105"}],"curies":[{"name":"wp","href":"https:\/\/api.w.org\/{rel}","templated":true}]}}