{"id":9062,"date":"2025-03-03T08:08:52","date_gmt":"2025-03-03T06:08:52","guid":{"rendered":"https:\/\/bitessiulai.lt\/?post_type=product&#038;p=9062"},"modified":"2026-03-12T14:22:02","modified_gmt":"2026-03-12T12:22:02","slug":"knitpro-fiksuojantys-dygsnio-zymekliai","status":"publish","type":"product","link":"https:\/\/bitessiulai.lt\/et\/toode\/knitpro-fiksuojantys-dygsnio-zymekliai\/","title":{"rendered":"KnitPro lukustuvad silmusemarkerid"},"content":{"rendered":"<p>KnitPro lukustatavad silmusemarkerid. J\u00e4lgi oma silmuseid kudumise ja heegeldamise ajal KnitPro lukustatavate silmusemarkerite abil. Neid silmusemarkereid saab sisestada silmuse sisse v\u00f5i \u00fcmber, n\u00e4iteks alguse v\u00f5i l\u00f5pu t\u00e4histamiseks v\u00f5i kahanduse v\u00f5i kasvatuse eel v\u00f5i j\u00e4rel oleva koha t\u00e4histamiseks. Need on kasulikud ka kootud v\u00f5i heegeldatud ridade arvu j\u00e4lgimiseks: aseta silmusemarker iga 5 v\u00f5i 10 varda v\u00f5i rea j\u00e4rel, et n\u00e4ha kiirelt, kui palju edenemist oled teinud. Neid saab igal ajal eemaldada. Lukustatavate silmusemarkerite \u00fcks eeliseid on see, et need ei saa heegeldamis- v\u00f5i kudumist\u00f6\u00f6st v\u00e4lja kukkuda. Valmistatud plastikust. \u00dches pakis on 30 erinevat v\u00e4rvi silmusemarkerit.<\/p>\n<p><img fetchpriority=\"high\" decoding=\"async\" class=\"alignnone size-medium wp-image-9064\" src=\"http:\/\/bitessiulai.lt\/wp-content\/uploads\/2025\/03\/k10899-4-300x300.webp\" alt=\"\" width=\"300\" height=\"300\" srcset=\"https:\/\/bitessiulai.lt\/wp-content\/uploads\/2025\/03\/k10899-4-300x300.webp 300w, https:\/\/bitessiulai.lt\/wp-content\/uploads\/2025\/03\/k10899-4-150x150.webp 150w, https:\/\/bitessiulai.lt\/wp-content\/uploads\/2025\/03\/k10899-4-12x12.webp 12w, https:\/\/bitessiulai.lt\/wp-content\/uploads\/2025\/03\/k10899-4-600x600.webp 600w, https:\/\/bitessiulai.lt\/wp-content\/uploads\/2025\/03\/k10899-4-96x96.webp 96w, https:\/\/bitessiulai.lt\/wp-content\/uploads\/2025\/03\/k10899-4.webp 700w\" sizes=\"(max-width: 300px) 100vw, 300px\" \/> <img decoding=\"async\" class=\"alignnone size-medium wp-image-9063\" src=\"http:\/\/bitessiulai.lt\/wp-content\/uploads\/2025\/03\/k10899-5-300x300.webp\" alt=\"\" width=\"300\" height=\"300\" srcset=\"https:\/\/bitessiulai.lt\/wp-content\/uploads\/2025\/03\/k10899-5-300x300.webp 300w, https:\/\/bitessiulai.lt\/wp-content\/uploads\/2025\/03\/k10899-5-150x150.webp 150w, https:\/\/bitessiulai.lt\/wp-content\/uploads\/2025\/03\/k10899-5-12x12.webp 12w, https:\/\/bitessiulai.lt\/wp-content\/uploads\/2025\/03\/k10899-5-600x600.webp 600w, https:\/\/bitessiulai.lt\/wp-content\/uploads\/2025\/03\/k10899-5-96x96.webp 96w, https:\/\/bitessiulai.lt\/wp-content\/uploads\/2025\/03\/k10899-5.webp 700w\" sizes=\"(max-width: 300px) 100vw, 300px\" \/><\/p>\n<p>*Ekraanil n\u00e4htavad v\u00e4rvid v\u00f5ivad tegelikkusest veidi erineda.<\/p>","protected":false},"excerpt":{"rendered":"<p>KnitPro Fiksuojantys dygsnio \u017eymekliai. Naudodami KnitPro fiksuojamus dygsnio \u017eymeklius steb\u0117site savo si\u016bles mezgdami ir nerdami. \u0160iuos dygsnio \u017eymeklius galima \u012fterpti \u012f dygsn\u012f arba aplink j\u012f, pavyzd\u017eiui, norint pa\u017eym\u0117ti prad\u017ei\u0105 ar pabaig\u0105 arba pa\u017eym\u0117ti viet\u0105 prie\u0161 arba po suma\u017einimo ar padidinimo. Jie taip pat praver\u010dia stebint megzt\u0173 ar nert\u0173 eilu\u010di\u0173 skai\u010di\u0173: kas 5 ar 10 virbal\u0173 ar eilu\u010di\u0173 u\u017ed\u0117kite dygsnio \u017eymekl\u012f, kad i\u0161 pirmo \u017evilgsnio pamatytum\u0117te, koki\u0105 pa\u017eang\u0105 padar\u0117te. Jie gali b\u016bti pa\u0161alinti bet kuriuo metu. Vienas i\u0161 dygsnio \u017eymekli\u0173 fiksavimo prana\u0161um\u0173 yra tai, kad jie negali i\u0161kristi i\u0161 n\u0117rimo ar mezgimo darb\u0173. Pagaminta i\u0161 plastiko. Vienoje pakuot\u0117je yra 30 skirting\u0173 spalv\u0173 dygsnio \u017eymekli\u0173. *Ekrane matomos spalvos gali \u0161iek tiek skirtis nuo tikrosios spalvos.<\/p>","protected":false},"featured_media":9066,"comment_status":"open","ping_status":"closed","template":"","meta":[],"product_brand":[],"product_cat":[194,192],"product_tag":[],"giftcard-category":[],"class_list":{"0":"post-9062","1":"product","2":"type-product","3":"status-publish","4":"has-post-thumbnail","6":"product_cat-akiu-zymekliai","7":"product_cat-priedai-mezgimui","9":"first","10":"instock","11":"taxable","12":"shipping-taxable","13":"purchasable","14":"product-type-simple"},"_links":{"self":[{"href":"https:\/\/bitessiulai.lt\/et\/wp-json\/wp\/v2\/product\/9062","targetHints":{"allow":["GET"]}}],"collection":[{"href":"https:\/\/bitessiulai.lt\/et\/wp-json\/wp\/v2\/product"}],"about":[{"href":"https:\/\/bitessiulai.lt\/et\/wp-json\/wp\/v2\/types\/product"}],"replies":[{"embeddable":true,"href":"https:\/\/bitessiulai.lt\/et\/wp-json\/wp\/v2\/comments?post=9062"}],"version-history":[{"count":1,"href":"https:\/\/bitessiulai.lt\/et\/wp-json\/wp\/v2\/product\/9062\/revisions"}],"predecessor-version":[{"id":20393,"href":"https:\/\/bitessiulai.lt\/et\/wp-json\/wp\/v2\/product\/9062\/revisions\/20393"}],"wp:featuredmedia":[{"embeddable":true,"href":"https:\/\/bitessiulai.lt\/et\/wp-json\/wp\/v2\/media\/9066"}],"wp:attachment":[{"href":"https:\/\/bitessiulai.lt\/et\/wp-json\/wp\/v2\/media?parent=9062"}],"wp:term":[{"taxonomy":"product_brand","embeddable":true,"href":"https:\/\/bitessiulai.lt\/et\/wp-json\/wp\/v2\/product_brand?post=9062"},{"taxonomy":"product_cat","embeddable":true,"href":"https:\/\/bitessiulai.lt\/et\/wp-json\/wp\/v2\/product_cat?post=9062"},{"taxonomy":"product_tag","embeddable":true,"href":"https:\/\/bitessiulai.lt\/et\/wp-json\/wp\/v2\/product_tag?post=9062"},{"taxonomy":"giftcard-category","embeddable":true,"href":"https:\/\/bitessiulai.lt\/et\/wp-json\/wp\/v2\/giftcard-category?post=9062"}],"curies":[{"name":"wp","href":"https:\/\/api.w.org\/{rel}","templated":true}]}}