{"id":9022,"date":"2025-03-02T18:45:50","date_gmt":"2025-03-02T16:45:50","guid":{"rendered":"https:\/\/bitessiulai.lt\/?post_type=product&#038;p=9022"},"modified":"2025-04-03T09:40:40","modified_gmt":"2025-04-03T06:40:40","slug":"sew-tasty-embro-zirkles-papuga-su-deklu","status":"publish","type":"product","link":"https:\/\/bitessiulai.lt\/et\/toode\/sew-tasty-embro-zirkles-papuga-su-deklu\/","title":{"rendered":"\u00d5mble maitsvad tikkimisk\u00e4\u00e4rid &quot;Papagoi&quot; karbiga"},"content":{"rendered":"<p><span style=\"letter-spacing: 0px;\">\u00d5mble maitsvad tikkimispapagoik\u00e4\u00e4rid karbiga. Need ilusad <\/span><b style=\"letter-spacing: 0px;\">\u00d5mble maitsev<\/b><span style=\"letter-spacing: 0px;\"> K\u00e4\u00e4rid koos k\u00e4\u00e4rikarbiga on valmistatud roostevabast terasest ja terava otsaga. Need sobivad ideaalselt niitide l\u00f5ikamiseks kanga l\u00e4hedalt ning neid saab kasutada tikkimiseks, heegeldamiseks ja kudumiseks. K\u00e4\u00e4rid on 9,3 cm pikad ja neil on l\u00f5busa t\u00e4pimustriga plastk\u00e4epidemed. Komplektis olev papagoi-kujuline k\u00e4\u00e4rikarp on mugavalt lukuga suletav. Nii saate neid alati turvaliselt hoida ja endaga kaasas kanda.<\/span><\/p>\n<p>*Ekraanil n\u00e4htavad v\u00e4rvid v\u00f5ivad tegelikkusest veidi erineda.<\/p>","protected":false},"excerpt":{"rendered":"<p>Sew Tasty Embro \u017eirkl\u0117s pap\u016bga su d\u0117klu. \u0160ios gra\u017eios Sew Tasty \u017eirkl\u0117s su \u017eirkli\u0173 d\u0117klu yra pagamintos i\u0161 ner\u016bdijan\u010dio plieno ir turi a\u0161tr\u0173 galiuk\u0105. Jie puikiai tinka kirpti si\u016blus arti audinio ir gali b\u016bti naudojami siuvin\u0117jimui, n\u0117rimui ir mezgimui. \u017dirkl\u0117s yra 9,3 cm ilgio ir turi plastikines rankenas su smagiu ta\u0161kiniu ra\u0161tu. Pridedamas pap\u016bgos formos \u017eirklinis d\u0117klas gali b\u016bti patogiai u\u017esegamas u\u017esegimu. Taip visada gal\u0117site saugiai laikyti ir pasiimti su savimi. *Ekrane matomos spalvos gali \u0161iek tiek skirtis nuo tikrosios spalvos.<\/p>","protected":false},"featured_media":9025,"comment_status":"open","ping_status":"closed","template":"","meta":[],"product_brand":[],"product_cat":[15],"product_tag":[],"giftcard-category":[],"class_list":{"0":"post-9022","1":"product","2":"type-product","3":"status-publish","4":"has-post-thumbnail","6":"product_cat-be-kategorijos","8":"first","9":"instock","10":"taxable","11":"shipping-taxable","12":"purchasable","13":"product-type-variable"},"_links":{"self":[{"href":"https:\/\/bitessiulai.lt\/et\/wp-json\/wp\/v2\/product\/9022","targetHints":{"allow":["GET"]}}],"collection":[{"href":"https:\/\/bitessiulai.lt\/et\/wp-json\/wp\/v2\/product"}],"about":[{"href":"https:\/\/bitessiulai.lt\/et\/wp-json\/wp\/v2\/types\/product"}],"replies":[{"embeddable":true,"href":"https:\/\/bitessiulai.lt\/et\/wp-json\/wp\/v2\/comments?post=9022"}],"version-history":[{"count":0,"href":"https:\/\/bitessiulai.lt\/et\/wp-json\/wp\/v2\/product\/9022\/revisions"}],"wp:featuredmedia":[{"embeddable":true,"href":"https:\/\/bitessiulai.lt\/et\/wp-json\/wp\/v2\/media\/9025"}],"wp:attachment":[{"href":"https:\/\/bitessiulai.lt\/et\/wp-json\/wp\/v2\/media?parent=9022"}],"wp:term":[{"taxonomy":"product_brand","embeddable":true,"href":"https:\/\/bitessiulai.lt\/et\/wp-json\/wp\/v2\/product_brand?post=9022"},{"taxonomy":"product_cat","embeddable":true,"href":"https:\/\/bitessiulai.lt\/et\/wp-json\/wp\/v2\/product_cat?post=9022"},{"taxonomy":"product_tag","embeddable":true,"href":"https:\/\/bitessiulai.lt\/et\/wp-json\/wp\/v2\/product_tag?post=9022"},{"taxonomy":"giftcard-category","embeddable":true,"href":"https:\/\/bitessiulai.lt\/et\/wp-json\/wp\/v2\/giftcard-category?post=9022"}],"curies":[{"name":"wp","href":"https:\/\/api.w.org\/{rel}","templated":true}]}}