{"id":8924,"date":"2025-03-01T20:56:29","date_gmt":"2025-03-01T18:56:29","guid":{"rendered":"https:\/\/bitessiulai.lt\/?post_type=product&#038;p=8924"},"modified":"2025-06-09T17:14:15","modified_gmt":"2025-06-09T14:14:15","slug":"tulip-etimo-rose-nerimo-vaseliu-rinkinys-soft-grip","status":"publish","type":"product","link":"https:\/\/bitessiulai.lt\/et\/toode\/tulip-etimo-rose-nerimo-vaseliu-rinkinys-soft-grip\/","title":{"rendered":"Heegeln\u00f5elte komplekt Tulip Etimo Rose pehme k\u00e4epidemega"},"content":{"rendered":"<p>Tulip Etimo Rose heegeln\u00f5elte komplekt pehme k\u00e4epidemega. Tulip on Jaapani kaubam\u00e4rk, mis pakub laia valikut esmaklassilisi tooteid. Etimo Rose heegeln\u00f5elad istuvad t\u00e4nu ergonoomilisele disainile ja polsterdatud k\u00e4epidemele mugavalt k\u00e4es. Komplekti kuuluvad suurused 2,50, 3,00 ja 3,50 mm. Komplekti kuulub ka joonlaud, n\u00f5el ja kandekott.<\/p>\n<p><img fetchpriority=\"high\" decoding=\"async\" class=\"alignnone size-medium wp-image-8926\" src=\"http:\/\/bitessiulai.lt\/wp-content\/uploads\/2025\/03\/ter-15e-2-300x300.webp\" alt=\"\" width=\"300\" height=\"300\" srcset=\"https:\/\/bitessiulai.lt\/wp-content\/uploads\/2025\/03\/ter-15e-2-300x300.webp 300w, https:\/\/bitessiulai.lt\/wp-content\/uploads\/2025\/03\/ter-15e-2-150x150.webp 150w, https:\/\/bitessiulai.lt\/wp-content\/uploads\/2025\/03\/ter-15e-2-12x12.webp 12w, https:\/\/bitessiulai.lt\/wp-content\/uploads\/2025\/03\/ter-15e-2-600x600.webp 600w, https:\/\/bitessiulai.lt\/wp-content\/uploads\/2025\/03\/ter-15e-2-96x96.webp 96w, https:\/\/bitessiulai.lt\/wp-content\/uploads\/2025\/03\/ter-15e-2.webp 700w\" sizes=\"(max-width: 300px) 100vw, 300px\" \/> <img decoding=\"async\" class=\"alignnone size-medium wp-image-8925\" src=\"http:\/\/bitessiulai.lt\/wp-content\/uploads\/2025\/03\/ter-15e-3-300x300.webp\" alt=\"\" width=\"300\" height=\"300\" srcset=\"https:\/\/bitessiulai.lt\/wp-content\/uploads\/2025\/03\/ter-15e-3-300x300.webp 300w, https:\/\/bitessiulai.lt\/wp-content\/uploads\/2025\/03\/ter-15e-3-150x150.webp 150w, https:\/\/bitessiulai.lt\/wp-content\/uploads\/2025\/03\/ter-15e-3-12x12.webp 12w, https:\/\/bitessiulai.lt\/wp-content\/uploads\/2025\/03\/ter-15e-3-600x600.webp 600w, https:\/\/bitessiulai.lt\/wp-content\/uploads\/2025\/03\/ter-15e-3-96x96.webp 96w, https:\/\/bitessiulai.lt\/wp-content\/uploads\/2025\/03\/ter-15e-3.webp 700w\" sizes=\"(max-width: 300px) 100vw, 300px\" \/><\/p>\n<p>*Ekraanil n\u00e4htavad v\u00e4rvid v\u00f5ivad tegelikkusest veidi erineda.<\/p>\n<p>&nbsp;<\/p>","protected":false},"excerpt":{"rendered":"<p>Tulip Etimo Rose n\u0117rimo v\u0105\u0161eli\u0173 rinkinys soft-grip. Tulip yra japon\u0173 prek\u0117s \u017eenklas, si\u016blantis plat\u0173 auk\u0161\u010diausios kokyb\u0117s produkt\u0173 asortiment\u0105. Etimo Rose n\u0117rimo v\u0105\u0161eliai patogiai guli rankoje d\u0117l savo ergonomi\u0161ko dizaino ir pamink\u0161tintos rankenos. \u0160iame rinkinyje yra 2,50, 3,00 ir 3,50 mm dyd\u017eiai. Jame taip pat yra liniuot\u0117, adata ir ne\u0161iojimo d\u0117klas. *Ekrane matomos spalvos gali \u0161iek tiek skirtis nuo tikrosios spalvos. &nbsp;<\/p>","protected":false},"featured_media":8927,"comment_status":"open","ping_status":"closed","template":"","meta":[],"product_brand":[],"product_cat":[180,190,191],"product_tag":[],"giftcard-category":[],"class_list":{"0":"post-8924","1":"product","2":"type-product","3":"status-publish","4":"has-post-thumbnail","6":"product_cat-mezgimo-priemones","7":"product_cat-nerimo-vaseliai","8":"product_cat-vaseliu-rinkiniai","10":"first","11":"instock","12":"taxable","13":"shipping-taxable","14":"purchasable","15":"product-type-simple"},"_links":{"self":[{"href":"https:\/\/bitessiulai.lt\/et\/wp-json\/wp\/v2\/product\/8924","targetHints":{"allow":["GET"]}}],"collection":[{"href":"https:\/\/bitessiulai.lt\/et\/wp-json\/wp\/v2\/product"}],"about":[{"href":"https:\/\/bitessiulai.lt\/et\/wp-json\/wp\/v2\/types\/product"}],"replies":[{"embeddable":true,"href":"https:\/\/bitessiulai.lt\/et\/wp-json\/wp\/v2\/comments?post=8924"}],"version-history":[{"count":0,"href":"https:\/\/bitessiulai.lt\/et\/wp-json\/wp\/v2\/product\/8924\/revisions"}],"wp:featuredmedia":[{"embeddable":true,"href":"https:\/\/bitessiulai.lt\/et\/wp-json\/wp\/v2\/media\/8927"}],"wp:attachment":[{"href":"https:\/\/bitessiulai.lt\/et\/wp-json\/wp\/v2\/media?parent=8924"}],"wp:term":[{"taxonomy":"product_brand","embeddable":true,"href":"https:\/\/bitessiulai.lt\/et\/wp-json\/wp\/v2\/product_brand?post=8924"},{"taxonomy":"product_cat","embeddable":true,"href":"https:\/\/bitessiulai.lt\/et\/wp-json\/wp\/v2\/product_cat?post=8924"},{"taxonomy":"product_tag","embeddable":true,"href":"https:\/\/bitessiulai.lt\/et\/wp-json\/wp\/v2\/product_tag?post=8924"},{"taxonomy":"giftcard-category","embeddable":true,"href":"https:\/\/bitessiulai.lt\/et\/wp-json\/wp\/v2\/giftcard-category?post=8924"}],"curies":[{"name":"wp","href":"https:\/\/api.w.org\/{rel}","templated":true}]}}