{"id":8912,"date":"2025-03-01T20:04:01","date_gmt":"2025-03-01T18:04:01","guid":{"rendered":"https:\/\/bitessiulai.lt\/?post_type=product&#038;p=8912"},"modified":"2025-12-03T13:44:11","modified_gmt":"2025-12-03T11:44:11","slug":"tulip-sucre-bead-nerimo-vaseliu-rinkinys","status":"publish","type":"product","link":"https:\/\/bitessiulai.lt\/et\/toode\/tulip-sucre-bead-nerimo-vaseliu-rinkinys\/","title":{"rendered":"Tulip Sucre helmestega heegeln\u00f5elte komplekt"},"content":{"rendered":"<p><strong>Heegeln\u00f5elte komplekt Tulip Sucre Bead&#039;idest.<\/strong> See Tulip Sucre heegeln\u00f5elte komplekt sisaldab 5 erineva suurusega heegeln\u00f5ela Sucre helmeste kollektsioonist koos helmeste karbikesega. Heegeln\u00f5elte suurused: 0,9 mm, 1,00 mm, 1,25 mm, 1,5 mm, 1,75 mm. Kvaliteetne materjal. Sobib eriti h\u00e4sti k\u00f5ige v\u00e4iksemate heegelprojektide jaoks.<\/p>\n<p><img fetchpriority=\"high\" decoding=\"async\" class=\"alignnone size-medium wp-image-8915\" src=\"http:\/\/bitessiulai.lt\/wp-content\/uploads\/2025\/03\/TB13-SE-1-300x300.webp\" alt=\"\" width=\"300\" height=\"300\" srcset=\"https:\/\/bitessiulai.lt\/wp-content\/uploads\/2025\/03\/TB13-SE-1-300x300.webp 300w, https:\/\/bitessiulai.lt\/wp-content\/uploads\/2025\/03\/TB13-SE-1-150x150.webp 150w, https:\/\/bitessiulai.lt\/wp-content\/uploads\/2025\/03\/TB13-SE-1-12x12.webp 12w, https:\/\/bitessiulai.lt\/wp-content\/uploads\/2025\/03\/TB13-SE-1-600x600.webp 600w, https:\/\/bitessiulai.lt\/wp-content\/uploads\/2025\/03\/TB13-SE-1-96x96.webp 96w, https:\/\/bitessiulai.lt\/wp-content\/uploads\/2025\/03\/TB13-SE-1.webp 700w\" sizes=\"(max-width: 300px) 100vw, 300px\" \/> <img decoding=\"async\" class=\"alignnone size-medium wp-image-8913\" src=\"http:\/\/bitessiulai.lt\/wp-content\/uploads\/2025\/03\/TB13-SE-3-300x300.webp\" alt=\"\" width=\"300\" height=\"300\" srcset=\"https:\/\/bitessiulai.lt\/wp-content\/uploads\/2025\/03\/TB13-SE-3-300x300.webp 300w, https:\/\/bitessiulai.lt\/wp-content\/uploads\/2025\/03\/TB13-SE-3-150x150.webp 150w, https:\/\/bitessiulai.lt\/wp-content\/uploads\/2025\/03\/TB13-SE-3-12x12.webp 12w, https:\/\/bitessiulai.lt\/wp-content\/uploads\/2025\/03\/TB13-SE-3-600x600.webp 600w, https:\/\/bitessiulai.lt\/wp-content\/uploads\/2025\/03\/TB13-SE-3-96x96.webp 96w, https:\/\/bitessiulai.lt\/wp-content\/uploads\/2025\/03\/TB13-SE-3.webp 700w\" sizes=\"(max-width: 300px) 100vw, 300px\" \/><\/p>\n<p>*Ekraanil n\u00e4htavad v\u00e4rvid v\u00f5ivad tegelikkusest veidi erineda.<\/p>","protected":false},"excerpt":{"rendered":"<p>Tulip Sucre Bead n\u0117rimo v\u0105\u0161eli\u0173 rinkinys. \u0160iame Tulip Sucre n\u0117rimo v\u0105\u0161\u0119li\u0173 rinkinyje yra 5 skirting\u0173 dyd\u017ei\u0173 n\u0117rimo v\u0105\u0161eliai i\u0161 Sucre karoliuk\u0173 kolekcijos su karoliuk\u0173 d\u0117klu. V\u0105\u0161eli\u0173 dyd\u017eiai: 0,9 mm, 1,00 mm, 1,25 mm, 1,5 mm, 1,75 mm. Auk\u0161tos kokyb\u0117s med\u017eiaga. Ypa\u010d tinka ma\u017eiausiems n\u0117rimo projektams. *Ekrane matomos spalvos gali \u0161iek tiek skirtis nuo tikrosios spalvos.<\/p>","protected":false},"featured_media":8914,"comment_status":"open","ping_status":"closed","template":"","meta":[],"product_brand":[],"product_cat":[180,190,191],"product_tag":[],"giftcard-category":[],"class_list":{"0":"post-8912","1":"product","2":"type-product","3":"status-publish","4":"has-post-thumbnail","6":"product_cat-mezgimo-priemones","7":"product_cat-nerimo-vaseliai","8":"product_cat-vaseliu-rinkiniai","10":"first","11":"instock","12":"taxable","13":"shipping-taxable","14":"purchasable","15":"product-type-simple"},"_links":{"self":[{"href":"https:\/\/bitessiulai.lt\/et\/wp-json\/wp\/v2\/product\/8912","targetHints":{"allow":["GET"]}}],"collection":[{"href":"https:\/\/bitessiulai.lt\/et\/wp-json\/wp\/v2\/product"}],"about":[{"href":"https:\/\/bitessiulai.lt\/et\/wp-json\/wp\/v2\/types\/product"}],"replies":[{"embeddable":true,"href":"https:\/\/bitessiulai.lt\/et\/wp-json\/wp\/v2\/comments?post=8912"}],"version-history":[{"count":0,"href":"https:\/\/bitessiulai.lt\/et\/wp-json\/wp\/v2\/product\/8912\/revisions"}],"wp:featuredmedia":[{"embeddable":true,"href":"https:\/\/bitessiulai.lt\/et\/wp-json\/wp\/v2\/media\/8914"}],"wp:attachment":[{"href":"https:\/\/bitessiulai.lt\/et\/wp-json\/wp\/v2\/media?parent=8912"}],"wp:term":[{"taxonomy":"product_brand","embeddable":true,"href":"https:\/\/bitessiulai.lt\/et\/wp-json\/wp\/v2\/product_brand?post=8912"},{"taxonomy":"product_cat","embeddable":true,"href":"https:\/\/bitessiulai.lt\/et\/wp-json\/wp\/v2\/product_cat?post=8912"},{"taxonomy":"product_tag","embeddable":true,"href":"https:\/\/bitessiulai.lt\/et\/wp-json\/wp\/v2\/product_tag?post=8912"},{"taxonomy":"giftcard-category","embeddable":true,"href":"https:\/\/bitessiulai.lt\/et\/wp-json\/wp\/v2\/giftcard-category?post=8912"}],"curies":[{"name":"wp","href":"https:\/\/api.w.org\/{rel}","templated":true}]}}